{"id":6584,"date":"2016-03-01T14:20:14","date_gmt":"2016-03-01T13:20:14","guid":{"rendered":"http:\/\/klubmamgdynia.pl\/index.php\/produkt\/pinio-swing-dodatkowe-drzwi-do-regalu-szerokiego-1szt\/"},"modified":"2026-04-26T20:59:18","modified_gmt":"2026-04-26T18:59:18","slug":"pinio-swing-dodatkowe-drzwi-do-regalu-szerokiego-1szt","status":"publish","type":"product","link":"http:\/\/klubmamgdynia.pl\/index.php\/produkt\/pinio-swing-dodatkowe-drzwi-do-regalu-szerokiego-1szt\/","title":{"rendered":"Pinio Swing Dodatkowe Drzwi Do Rega\u0142u Szerokiego 1Szt."},"content":{"rendered":"<p>Prostota, minimalizm i klasyczna forma nawi\u0105zuj\u0105ca do lat 60-tych w jednym. Nowa kolekcja Swing w stylu retro. Swing to kolekcja w stylu retro nawi\u0105zuj\u0105ca swoj\u0105 form\u0105 do lat 60-tych. Idealnie \u0142\u0105czy w sobie klasyk\u0119 z nowoczesno\u015bci\u0105, nadaj\u0105c wn\u0119trzu niepowtarzalnego charakteru. Po\u0142\u0105czenie klasycznej bieli z naturalnymi drewnianymi n\u00f3\u017ckami tworzy wra\u017cenie ciep\u0142a i przytulno\u015bci. Nowe, oryginalne bry\u0142y pozwalaj\u0105 na du\u017co mo\u017cliwo\u015bci aran\u017cacji, kt\u00f3ra nie musi ko\u0144czy\u0107 si\u0119 w pokoju dzieci\u0119cym. Komody i rega\u0142y z tej kolekcji doskonale sprawdz\u0105 si\u0119 w doros\u0142ych wn\u0119trzach. Dane techniczne materia\u0142: MDF kolor: bia\u0142y rozmiar pasuje idealnie do szerokiego rega\u0142u z serii Swing Opis produktu Dodatkowe drzwi pasuj\u0105 do otwor\u00f3w w szerokim regale kolekcji Swing. Mo\u017cna w ten spos\u00f3b zmodyfikowa\u0107 wi\u0119ksze p\u00f3\u0142ki na zamykane szafki. Maksymalnie mo\u017cna zastosowa\u0107 4 drzwiczki. Materia\u0142y i wykonanie Drzwiczki wykonane s\u0105 z malowanej p\u0142yty MDF, pomalowane ekologicznymi farbami wodnymi, dzi\u0119ki czemu zapewniono mu prawid\u0142owy proces oddychania. Produkt do samodzielnego monta\u017cu. Mo\u017cliwo\u015bci \u0142\u0105czeniaRega\u0142 Marie mo\u017ce by\u0107 samodzielnym meblem, doskonale komponuje si\u0119 tak\u017ce z pozosta\u0142ymi elementami z kolekcji Marie takimi jak \u0142\u00f3\u017ceczko, komoda, szafa czy p\u00f3\u0142ka wisz\u0105ca.<\/p>\n<h2>Pinio Swing Dodatkowe Drzwi Do Rega\u0142u Szerokiego 1Szt. Pinio<\/h2>\n<p>zabawy dla 5-6 latk\u00f3w, zagadki logiczne \u015bmieszne, julian imie, wszystkie kraje \u015bwiata quiz, wycinanki do druku<\/p>\n<p>yyyyy<\/p>\n<p>&nbsp;<\/p>\n","protected":false},"excerpt":{"rendered":"<p>Prostota, minimalizm i klasyczna forma nawi\u0105zuj\u0105ca do lat 60-tych w jednym. Nowa kolekcja Swing w stylu retro. Swing to kolekcja w stylu retro nawi\u0105zuj\u0105ca swoj\u0105 form\u0105 do lat 60-tych. Idealnie \u0142\u0105czy w sobie klasyk\u0119 z nowoczesno\u015bci\u0105, nadaj\u0105c wn\u0119trzu niepowtarzalnego charakteru. Po\u0142\u0105czenie klasycznej bieli z naturalnymi drewnianymi n\u00f3\u017ckami tworzy wra\u017cenie ciep\u0142a i przytulno\u015bci. Nowe, oryginalne bry\u0142y [&hellip;]<\/p>\n","protected":false},"featured_media":6585,"comment_status":"closed","ping_status":"open","template":"","meta":[],"product_cat":[983,978],"product_tag":[696,716,645,597],"class_list":["post-6584","product","type-product","status-publish","has-post-thumbnail","hentry","product_cat-pinio","product_cat-regaly-i-polki-dzieciece","product_tag-film-rodzinny-o-swietach","product_tag-filmy-animowane-o-swietach","product_tag-latwe-zagadki","product_tag-zagadki-o-zimie"],"_links":{"self":[{"href":"http:\/\/klubmamgdynia.pl\/index.php\/wp-json\/wp\/v2\/product\/6584","targetHints":{"allow":["GET"]}}],"collection":[{"href":"http:\/\/klubmamgdynia.pl\/index.php\/wp-json\/wp\/v2\/product"}],"about":[{"href":"http:\/\/klubmamgdynia.pl\/index.php\/wp-json\/wp\/v2\/types\/product"}],"replies":[{"embeddable":true,"href":"http:\/\/klubmamgdynia.pl\/index.php\/wp-json\/wp\/v2\/comments?post=6584"}],"wp:featuredmedia":[{"embeddable":true,"href":"http:\/\/klubmamgdynia.pl\/index.php\/wp-json\/wp\/v2\/media\/6585"}],"wp:attachment":[{"href":"http:\/\/klubmamgdynia.pl\/index.php\/wp-json\/wp\/v2\/media?parent=6584"}],"wp:term":[{"taxonomy":"product_cat","embeddable":true,"href":"http:\/\/klubmamgdynia.pl\/index.php\/wp-json\/wp\/v2\/product_cat?post=6584"},{"taxonomy":"product_tag","embeddable":true,"href":"http:\/\/klubmamgdynia.pl\/index.php\/wp-json\/wp\/v2\/product_tag?post=6584"}],"curies":[{"name":"wp","href":"https:\/\/api.w.org\/{rel}","templated":true}]}}