{"id":6586,"date":"2016-04-22T15:14:55","date_gmt":"2016-04-22T13:14:55","guid":{"rendered":"http:\/\/klubmamgdynia.pl\/index.php\/produkt\/casdon-zabawkowaelektroniczna-pralka-niebieska-dla-dzieci-sw-dz-zabawka\/"},"modified":"2026-04-27T07:37:30","modified_gmt":"2026-04-27T05:37:30","slug":"casdon-zabawkowaelektroniczna-pralka-niebieska-dla-dzieci-sw-dz-zabawka","status":"publish","type":"product","link":"http:\/\/klubmamgdynia.pl\/index.php\/produkt\/casdon-zabawkowaelektroniczna-pralka-niebieska-dla-dzieci-sw-dz-zabawka\/","title":{"rendered":"Casdon Zabawkowaelektroniczna Pralka Niebieska Dla Dzieci \u015aw\/D\u017a &#8211; Zabawka"},"content":{"rendered":"<p>Pralka jest wykonana z materia\u0142\u00f3w wysokiej jako\u015bci w kolorze bia\u0142o-niebieskim, wi\u0119c z pewno\u015bci\u0105 zachwyci wszystkie dziewczynki. Pralka wyposa\u017cona w migaj\u0105ce \u015bwiat\u0142a i realistyczne efekty d\u017awi\u0119kowe, kt\u00f3re sygnalizuj\u0105 zako\u0144czenie prania.<\/p>\n<h2>Casdon Zabawkowaelektroniczna Pralka Niebieska Dla Dzieci \u015aw\/D\u017a &#8211; Zabawka Casdon<\/h2>\n<p>zagadki matematyczne na logik\u0119, wiersz o wakacjach, wiersze o wakacjach, szablony do wyklejania plastelin\u0105, pieski pies kolorowanka<\/p>\n<p>yyyyy<\/p>\n<p>&nbsp;<\/p>\n","protected":false},"excerpt":{"rendered":"<p>Pralka jest wykonana z materia\u0142\u00f3w wysokiej jako\u015bci w kolorze bia\u0142o-niebieskim, wi\u0119c z pewno\u015bci\u0105 zachwyci wszystkie dziewczynki. Pralka wyposa\u017cona w migaj\u0105ce \u015bwiat\u0142a i realistyczne efekty d\u017awi\u0119kowe, kt\u00f3re sygnalizuj\u0105 zako\u0144czenie prania. Casdon Zabawkowaelektroniczna Pralka Niebieska Dla Dzieci \u015aw\/D\u017a &#8211; Zabawka Casdon zagadki matematyczne na logik\u0119, wiersz o wakacjach, wiersze o wakacjach, szablony do wyklejania plastelin\u0105, pieski pies [&hellip;]<\/p>\n","protected":false},"featured_media":6587,"comment_status":"closed","ping_status":"open","template":"","meta":[],"product_cat":[1097,53],"product_tag":[745,579,771,757,641,872],"class_list":["post-6586","product","type-product","status-publish","has-post-thumbnail","hentry","product_cat-casdon","product_cat-kaciki-zabaw","product_tag-prezent-dla-15-latki","product_tag-quiz-opowiesci-z-narnii-lew-czarownica-i-stara-szafa","product_tag-stolice-europy-quiz","product_tag-test-z-lektury-ania-z-zielonego-wzgorza-klasa-6-z-odpowiedziami","product_tag-trudne-zagadki-logiczne","product_tag-zagadki-dla-dzieci-6-lat"],"_links":{"self":[{"href":"http:\/\/klubmamgdynia.pl\/index.php\/wp-json\/wp\/v2\/product\/6586","targetHints":{"allow":["GET"]}}],"collection":[{"href":"http:\/\/klubmamgdynia.pl\/index.php\/wp-json\/wp\/v2\/product"}],"about":[{"href":"http:\/\/klubmamgdynia.pl\/index.php\/wp-json\/wp\/v2\/types\/product"}],"replies":[{"embeddable":true,"href":"http:\/\/klubmamgdynia.pl\/index.php\/wp-json\/wp\/v2\/comments?post=6586"}],"wp:featuredmedia":[{"embeddable":true,"href":"http:\/\/klubmamgdynia.pl\/index.php\/wp-json\/wp\/v2\/media\/6587"}],"wp:attachment":[{"href":"http:\/\/klubmamgdynia.pl\/index.php\/wp-json\/wp\/v2\/media?parent=6586"}],"wp:term":[{"taxonomy":"product_cat","embeddable":true,"href":"http:\/\/klubmamgdynia.pl\/index.php\/wp-json\/wp\/v2\/product_cat?post=6586"},{"taxonomy":"product_tag","embeddable":true,"href":"http:\/\/klubmamgdynia.pl\/index.php\/wp-json\/wp\/v2\/product_tag?post=6586"}],"curies":[{"name":"wp","href":"https:\/\/api.w.org\/{rel}","templated":true}]}}