{"id":6588,"date":"2011-02-25T22:22:01","date_gmt":"2011-02-25T21:22:01","guid":{"rendered":"http:\/\/klubmamgdynia.pl\/index.php\/produkt\/pinio-polka-wiszaca-calmo\/"},"modified":"2026-05-17T22:23:39","modified_gmt":"2026-05-17T20:23:39","slug":"pinio-polka-wiszaca-calmo","status":"publish","type":"product","link":"http:\/\/klubmamgdynia.pl\/index.php\/produkt\/pinio-polka-wiszaca-calmo\/","title":{"rendered":"Pinio P\u00f3\u0142ka Wisz\u0105ca Calmo"},"content":{"rendered":"<p>Pinio Calmo P\u00f3\u0142ka wisz\u0105ca P\u00f3\u0142ka wisz\u0105ca z kolekcji Pinio Calmo. Materia\u0142y i wykonanie Meble wykonane s\u0105 z p\u0142yty MDF. Kolekcja dost\u0119pna w kolorze bia\u0142ym lub szarym. Produkt do samodzielnego monta\u017cu. Dane techniczne Materia\u0142 wykonania p\u0142yta MDF Wymiary (d\u0142 x szer x wys) cm 91 x 17,8 x 21,2 Gwarancja 24 miesi\u0105ce<\/p>\n<h2>Pinio P\u00f3\u0142ka Wisz\u0105ca Calmo Pinio<\/h2>\n<p>cytaty o rodzinie, kolorowanka mia i ja, podchwytliwe zagadki, zagadki logiczne dla dzieci 10 lat do druku, test opowie\u015b\u0107 wigilijna, zabawki na roczek, cytat mama, ciekawe miejsca w warszawie dla m\u0142odzie\u017cy, malowanki dla dzieci, kolorowanka kotki do druku, zabawa dla 7 latka<\/p>\n<p>yyyyy<\/p>\n<p>&nbsp;<\/p>\n","protected":false},"excerpt":{"rendered":"<p>Pinio Calmo P\u00f3\u0142ka wisz\u0105ca P\u00f3\u0142ka wisz\u0105ca z kolekcji Pinio Calmo. Materia\u0142y i wykonanie Meble wykonane s\u0105 z p\u0142yty MDF. Kolekcja dost\u0119pna w kolorze bia\u0142ym lub szarym. Produkt do samodzielnego monta\u017cu. Dane techniczne Materia\u0142 wykonania p\u0142yta MDF Wymiary (d\u0142 x szer x wys) cm 91 x 17,8 x 21,2 Gwarancja 24 miesi\u0105ce Pinio P\u00f3\u0142ka Wisz\u0105ca Calmo [&hellip;]<\/p>\n","protected":false},"featured_media":6589,"comment_status":"closed","ping_status":"open","template":"","meta":[],"product_cat":[983,978],"product_tag":[827,710,811,746],"class_list":["post-6588","product","type-product","status-publish","has-post-thumbnail","hentry","product_cat-pinio","product_cat-regaly-i-polki-dzieciece","product_tag-bajki-dla-niemowlat","product_tag-zagadki-dla-dzieci-10-12-lat","product_tag-zagadki-logiczne-dla-dzieci","product_tag-zagadki-typu-co-to-jest"],"_links":{"self":[{"href":"http:\/\/klubmamgdynia.pl\/index.php\/wp-json\/wp\/v2\/product\/6588","targetHints":{"allow":["GET"]}}],"collection":[{"href":"http:\/\/klubmamgdynia.pl\/index.php\/wp-json\/wp\/v2\/product"}],"about":[{"href":"http:\/\/klubmamgdynia.pl\/index.php\/wp-json\/wp\/v2\/types\/product"}],"replies":[{"embeddable":true,"href":"http:\/\/klubmamgdynia.pl\/index.php\/wp-json\/wp\/v2\/comments?post=6588"}],"wp:featuredmedia":[{"embeddable":true,"href":"http:\/\/klubmamgdynia.pl\/index.php\/wp-json\/wp\/v2\/media\/6589"}],"wp:attachment":[{"href":"http:\/\/klubmamgdynia.pl\/index.php\/wp-json\/wp\/v2\/media?parent=6588"}],"wp:term":[{"taxonomy":"product_cat","embeddable":true,"href":"http:\/\/klubmamgdynia.pl\/index.php\/wp-json\/wp\/v2\/product_cat?post=6588"},{"taxonomy":"product_tag","embeddable":true,"href":"http:\/\/klubmamgdynia.pl\/index.php\/wp-json\/wp\/v2\/product_tag?post=6588"}],"curies":[{"name":"wp","href":"https:\/\/api.w.org\/{rel}","templated":true}]}}