{"id":6594,"date":"2021-03-16T03:43:21","date_gmt":"2021-03-16T02:43:21","guid":{"rendered":"http:\/\/klubmamgdynia.pl\/index.php\/produkt\/simba-evi-targ-zywnosci\/"},"modified":"2026-05-17T22:57:10","modified_gmt":"2026-05-17T20:57:10","slug":"simba-evi-targ-zywnosci","status":"publish","type":"product","link":"http:\/\/klubmamgdynia.pl\/index.php\/produkt\/simba-evi-targ-zywnosci\/","title":{"rendered":"Simba Evi Targ \u017bywno\u015bci"},"content":{"rendered":"<p>Evi ubrana w uroczy fartuch wybiera si\u0119 na targ z \u017cywno\u015bci\u0105, aby zrobi\u0107 zdrowe zakupy. Do\u0142\u0105czone stoisko z jedzeniem zawiera 6 r\u00f3\u017cnych owoc\u00f3w a Evi mo\u017ce zabra\u0107 je ze sob\u0105 w siatkowej torbie. Stoisko posiada dwie p\u00f3\u0142ki i baldachim chroni\u0105cy przed s\u0142o\u0144cem lub deszczem. Wysoko\u015b\u0107 lalki 12 cm&#8230;<\/p>\n<h2>Simba Evi Targ \u017bywno\u015bci Simba<\/h2>\n<p>ciasteczka na halloween dla dzieci, spiderman kolorowanka, daria imie, quiz kajko i kokosz szko\u0142a latania, bajki dla dzieci za darmo, laurka kolorowanki na dzie\u0144 mamy, zagadki o bo\u017cym narodzeniu, szablon krokus kolorowanka, samolot kolorowanka, prezent dla rocznej dziewczynki, zabawki dla rocznej dziewczynki, oliwier znaczenie imienia, wakacyjne kolorowanki, proste dekoracje \u015bwi\u0105teczne dla dzieci, maski karnawa\u0142owe do druku, niezapomniany prezent na roczek<\/p>\n<p>yyyyy<\/p>\n<p>&nbsp;<\/p>\n","protected":false},"excerpt":{"rendered":"<p>Evi ubrana w uroczy fartuch wybiera si\u0119 na targ z \u017cywno\u015bci\u0105, aby zrobi\u0107 zdrowe zakupy. Do\u0142\u0105czone stoisko z jedzeniem zawiera 6 r\u00f3\u017cnych owoc\u00f3w a Evi mo\u017ce zabra\u0107 je ze sob\u0105 w siatkowej torbie. Stoisko posiada dwie p\u00f3\u0142ki i baldachim chroni\u0105cy przed s\u0142o\u0144cem lub deszczem. Wysoko\u015b\u0107 lalki 12 cm&#8230; Simba Evi Targ \u017bywno\u015bci Simba ciasteczka na [&hellip;]<\/p>\n","protected":false},"featured_media":6595,"comment_status":"closed","ping_status":"open","template":"","meta":[],"product_cat":[65,279],"product_tag":[664,696,821,589,794],"class_list":["post-6594","product","type-product","status-publish","has-post-thumbnail","hentry","product_cat-lalki","product_cat-simba","product_tag-atrakcje-dla-dzieci-trojmiasto","product_tag-film-rodzinny-o-swietach","product_tag-marianna","product_tag-prezent-dla-rocznego-dziecka","product_tag-test-opowiesci-z-narnii-lew-czarownica-i-stara-szafa-do-druku"],"_links":{"self":[{"href":"http:\/\/klubmamgdynia.pl\/index.php\/wp-json\/wp\/v2\/product\/6594","targetHints":{"allow":["GET"]}}],"collection":[{"href":"http:\/\/klubmamgdynia.pl\/index.php\/wp-json\/wp\/v2\/product"}],"about":[{"href":"http:\/\/klubmamgdynia.pl\/index.php\/wp-json\/wp\/v2\/types\/product"}],"replies":[{"embeddable":true,"href":"http:\/\/klubmamgdynia.pl\/index.php\/wp-json\/wp\/v2\/comments?post=6594"}],"wp:featuredmedia":[{"embeddable":true,"href":"http:\/\/klubmamgdynia.pl\/index.php\/wp-json\/wp\/v2\/media\/6595"}],"wp:attachment":[{"href":"http:\/\/klubmamgdynia.pl\/index.php\/wp-json\/wp\/v2\/media?parent=6594"}],"wp:term":[{"taxonomy":"product_cat","embeddable":true,"href":"http:\/\/klubmamgdynia.pl\/index.php\/wp-json\/wp\/v2\/product_cat?post=6594"},{"taxonomy":"product_tag","embeddable":true,"href":"http:\/\/klubmamgdynia.pl\/index.php\/wp-json\/wp\/v2\/product_tag?post=6594"}],"curies":[{"name":"wp","href":"https:\/\/api.w.org\/{rel}","templated":true}]}}