{"id":6596,"date":"2023-09-27T14:35:00","date_gmt":"2023-09-27T12:35:00","guid":{"rendered":"http:\/\/klubmamgdynia.pl\/?post_type=product&#038;p=6596"},"modified":"2026-05-17T22:19:12","modified_gmt":"2026-05-17T20:19:12","slug":"dromader-piankowa-modelina","status":"publish","type":"product","link":"http:\/\/klubmamgdynia.pl\/index.php\/produkt\/dromader-piankowa-modelina\/","title":{"rendered":"Dromader Piankowa Modelina"},"content":{"rendered":"<p>Modelina piankowa &#8211; doskona\u0142e \u0107wiczenia r\u0105k dziecka, poprawia chwyt oraz poprawia koordynacje r\u0119ka-oko. Rozwija kreatywno\u015b\u0107, inteligencja oraz skupienie dziecka.Zawarto\u015b\u0107 opakowania:- Zestaw narz\u0119dzi do tworzenia- Kolorowa piankolina (w zale\u017cno\u015bci od zestawu kolorystyka piankoliny mo\u017ce si\u0119 r\u00f3\u017cni\u0107)Dost\u0119pne zestawy:Tygrys, pingwin, kr\u00f3lik, kr\u00f3wka, zebra, pszczo\u0142aWiek 3+<\/p>\n<h2>Dromader Piankowa Modelina Dromader<\/h2>\n<p>andrea, zabawy dla 5-6 latk\u00f3w, wierszyk o choince, pieski, quiz o samochodach, szkic jak narysowa\u0107 kota, gry i zabawy dla dzieci, pozna\u0144 atrakcje dla dzieci, domowe syropy na zim\u0119, najlepsze zagadki, karty pracy dla uczni\u00f3w z ukrainy, ale kino program, prezent na dzie\u0144 dziecka dla nastolatk\u00f3w<\/p>\n<p>yyyyy<\/p>\n<p>&nbsp;<\/p>\n","protected":false},"excerpt":{"rendered":"<p>Modelina piankowa &#8211; doskona\u0142e \u0107wiczenia r\u0105k dziecka, poprawia chwyt oraz poprawia koordynacje r\u0119ka-oko. Rozwija kreatywno\u015b\u0107, inteligencja oraz skupienie dziecka.Zawarto\u015b\u0107 opakowania:- Zestaw narz\u0119dzi do tworzenia- Kolorowa piankolina (w zale\u017cno\u015bci od zestawu kolorystyka piankoliny mo\u017ce si\u0119 r\u00f3\u017cni\u0107)Dost\u0119pne zestawy:Tygrys, pingwin, kr\u00f3lik, kr\u00f3wka, zebra, pszczo\u0142aWiek 3+ Dromader Piankowa Modelina Dromader andrea, zabawy dla 5-6 latk\u00f3w, wierszyk o choince, pieski, [&hellip;]<\/p>\n","protected":false},"featured_media":6597,"comment_status":"closed","ping_status":"open","template":"","meta":[],"product_cat":[60,21],"product_tag":[784,595,860],"class_list":["post-6596","product","type-product","status-publish","has-post-thumbnail","hentry","product_cat-dromader","product_cat-zabawki-plastyczne","product_tag-hymn-gorniczy","product_tag-zagadki-dla-6-latka","product_tag-zagadki-logiczne-dla-doroslych"],"_links":{"self":[{"href":"http:\/\/klubmamgdynia.pl\/index.php\/wp-json\/wp\/v2\/product\/6596","targetHints":{"allow":["GET"]}}],"collection":[{"href":"http:\/\/klubmamgdynia.pl\/index.php\/wp-json\/wp\/v2\/product"}],"about":[{"href":"http:\/\/klubmamgdynia.pl\/index.php\/wp-json\/wp\/v2\/types\/product"}],"replies":[{"embeddable":true,"href":"http:\/\/klubmamgdynia.pl\/index.php\/wp-json\/wp\/v2\/comments?post=6596"}],"wp:featuredmedia":[{"embeddable":true,"href":"http:\/\/klubmamgdynia.pl\/index.php\/wp-json\/wp\/v2\/media\/6597"}],"wp:attachment":[{"href":"http:\/\/klubmamgdynia.pl\/index.php\/wp-json\/wp\/v2\/media?parent=6596"}],"wp:term":[{"taxonomy":"product_cat","embeddable":true,"href":"http:\/\/klubmamgdynia.pl\/index.php\/wp-json\/wp\/v2\/product_cat?post=6596"},{"taxonomy":"product_tag","embeddable":true,"href":"http:\/\/klubmamgdynia.pl\/index.php\/wp-json\/wp\/v2\/product_tag?post=6596"}],"curies":[{"name":"wp","href":"https:\/\/api.w.org\/{rel}","templated":true}]}}