{"id":66,"date":"2015-04-01T02:39:36","date_gmt":"2015-04-01T00:39:36","guid":{"rendered":"http:\/\/klubmamgdynia.pl\/index.php\/produkt\/babyfehn-zawieszka-lancuch-edukacyjny\/"},"modified":"2026-04-29T23:57:53","modified_gmt":"2026-04-29T21:57:53","slug":"babyfehn-zawieszka-lancuch-edukacyjny","status":"publish","type":"product","link":"http:\/\/klubmamgdynia.pl\/index.php\/produkt\/babyfehn-zawieszka-lancuch-edukacyjny\/","title":{"rendered":"Babyfehn Zawieszka \u0141a\u0144cuch Edukacyjny"},"content":{"rendered":"<p>Zawieszka, \u0141a\u0144cuch Edukacyjny z Kolekcji: Kolorowi Przyjaciele Zabawka oferuje wszystko co sprawia, \u017ce serca ma\u0142ych odkrywc\u00f3w bij\u0105 szybciej. Zastosowanie postaci G\u0105sienicy szczeg\u00f3lnie pobudza wra\u017cenia dotykowe i wzrokowe. Maskotka jest zawsze czym\u015b nowym. Zach\u0119ca do chwytania i potrz\u0105sania. Bezpieczne lusterko stymuluje percepcj\u0119 dziecka. Grzechotka, piszcza\u0142ka i szeleszcz\u0105cy papier, wzbudzaj\u0105 ciekawo\u015b\u0107. Szybko staje si\u0119 wi\u0119c wiernym towarzyszem w domu i w podr\u00f3\u017cy zawsze zapewniaj\u0105c dobry nastr\u00f3j!Maskotka wykonana jest z wielu, mi\u0142ych w dotyku, materia\u0142\u00f3w.Rozwija logiczne my\u015blenie, koncentracj\u0119, ma\u0142\u0105 motoryk\u0119.Bezpieczne lusterko wzbudza ciekawo\u015b\u0107 i stymuluje percepcj\u0119 dziecka.R\u00f3\u017cnokolorowe cz\u0119\u015bci zach\u0119caj\u0105 do poznawania kszta\u0142t\u00f3w d\u017awi\u0119k\u00f3w i kolor\u00f3w.Specjalnie zaszyte ko\u0144c\u00f3wki zach\u0119caj\u0105 do gryzienia, ssania, targania i \u015bciskania,Grzechotka, piszcza\u0142ka i szeleszcz\u0105cy papier, wyzwalaj\u0105 ch\u0119\u0107 zabawy.Dzi\u0119ki dw\u00f3m praktycznym klipsom mo\u017cna wygodnie przymocowa\u0107 do w\u00f3zka, fotelika dzieci\u0119cego czy \u0142\u00f3\u017ceczka zapewniaj\u0105c tym samym ekscytuj\u0105c\u0105 zabaw\u0119 w domu i w podr\u00f3\u017cy.Mo\u017cna pra\u0107 r\u0119cznie.Wymiary produktu: 50 cm x 12 cm x 5 cm.Wszystkie zabawki niemieckiej marki FEHN s\u0105 bezpieczne dla dzieci od 0 lat.Wykonane s\u0105 z najlepszej jako\u015bci materia\u0142\u00f3w.Spe\u0142niaj\u0105 normy EN71, CE, badane w instytutach Stiftung Warentest lub kotest.<\/p>\n<h2>Babyfehn Zawieszka \u0141a\u0144cuch Edukacyjny Babyfehn<\/h2>\n<p>piesek kolorowanka, kalina imi\u0119, test z opowie\u015bci z narnii lew czarownica i stara szafa, kolorowanka lol surprise, zagadki logiczne dla doros\u0142ych, atrakcje dla dzieci wroc\u0142aw, cytaty o wychowaniu dzieci, cytaty z ma\u0142ego ksi\u0119cia, opowiadanie o miko\u0142aju dla przedszkolak\u00f3w, kr\u00f3tkie bajki dla dzieci do czytania, roczek prezenty, znaczenie imienia paula, miko\u0142ajek quiz, prezent na roczek od babci, quiz o koniach, co kupi\u0107 na roczek dla ch\u0142opca, adriana imi\u0119<\/p>\n<p>yyyyy<\/p>\n<p>&nbsp;<\/p>\n","protected":false},"excerpt":{"rendered":"<p>Zawieszka, \u0141a\u0144cuch Edukacyjny z Kolekcji: Kolorowi Przyjaciele Zabawka oferuje wszystko co sprawia, \u017ce serca ma\u0142ych odkrywc\u00f3w bij\u0105 szybciej. Zastosowanie postaci G\u0105sienicy szczeg\u00f3lnie pobudza wra\u017cenia dotykowe i wzrokowe. Maskotka jest zawsze czym\u015b nowym. Zach\u0119ca do chwytania i potrz\u0105sania. Bezpieczne lusterko stymuluje percepcj\u0119 dziecka. Grzechotka, piszcza\u0142ka i szeleszcz\u0105cy papier, wzbudzaj\u0105 ciekawo\u015b\u0107. Szybko staje si\u0119 wi\u0119c wiernym towarzyszem [&hellip;]<\/p>\n","protected":false},"featured_media":67,"comment_status":"closed","ping_status":"open","template":"","meta":[],"product_cat":[47,26],"product_tag":[817,644,855,608],"class_list":["post-66","product","type-product","status-publish","has-post-thumbnail","hentry","product_cat-babyfehn","product_cat-zabawki-do-wozka-lozeczka-i-fotelika","product_tag-bajka-terapeutyczna-o-emocjach","product_tag-mia","product_tag-nietypowe-imiona-zenskie","product_tag-zagadki-i-odpowiedzi"],"_links":{"self":[{"href":"http:\/\/klubmamgdynia.pl\/index.php\/wp-json\/wp\/v2\/product\/66","targetHints":{"allow":["GET"]}}],"collection":[{"href":"http:\/\/klubmamgdynia.pl\/index.php\/wp-json\/wp\/v2\/product"}],"about":[{"href":"http:\/\/klubmamgdynia.pl\/index.php\/wp-json\/wp\/v2\/types\/product"}],"replies":[{"embeddable":true,"href":"http:\/\/klubmamgdynia.pl\/index.php\/wp-json\/wp\/v2\/comments?post=66"}],"wp:featuredmedia":[{"embeddable":true,"href":"http:\/\/klubmamgdynia.pl\/index.php\/wp-json\/wp\/v2\/media\/67"}],"wp:attachment":[{"href":"http:\/\/klubmamgdynia.pl\/index.php\/wp-json\/wp\/v2\/media?parent=66"}],"wp:term":[{"taxonomy":"product_cat","embeddable":true,"href":"http:\/\/klubmamgdynia.pl\/index.php\/wp-json\/wp\/v2\/product_cat?post=66"},{"taxonomy":"product_tag","embeddable":true,"href":"http:\/\/klubmamgdynia.pl\/index.php\/wp-json\/wp\/v2\/product_tag?post=66"}],"curies":[{"name":"wp","href":"https:\/\/api.w.org\/{rel}","templated":true}]}}