{"id":6600,"date":"2015-06-26T20:57:21","date_gmt":"2015-06-26T18:57:21","guid":{"rendered":"http:\/\/klubmamgdynia.pl\/index.php\/produkt\/bariera-do-lozeczka-102-cm-rozowy\/"},"modified":"2026-04-30T18:47:52","modified_gmt":"2026-04-30T16:47:52","slug":"bariera-do-lozeczka-102-cm-rozowy","status":"publish","type":"product","link":"http:\/\/klubmamgdynia.pl\/index.php\/produkt\/bariera-do-lozeczka-102-cm-rozowy\/","title":{"rendered":"Bariera Do \u0141\u00f3\u017ceczka 102 Cm R\u00f3\u017cowy"},"content":{"rendered":"<p>Beztroskie noce? Z t\u0105 barier\u0105 nie ma nic niemo\u017cliwego. Fotelik zapewnia dziecku ochron\u0119 przed wypadni\u0119ciem z \u0142\u00f3\u017cka. Barierka nadaje si\u0119 do materacy 12-15 cm. Materia\u0142 u\u0142atwi Ci r\u00f3wnie\u017c konserwacj\u0119, bez problemu wystarczy umy\u0107 barier\u0119.Uwaga: \u0141\u00f3\u017cka z listwami ramowymi nie nadaj\u0105 si\u0119 do stosowania tej bariery.Dane techniczne:wymiary: 102 x 42 cm (d\u0142. x szer.)waga: ok. 2,16 kgpasuje do materacy o grubo\u015bci 12-15 cm, szeroko\u015bci 65-190 cmmaksymalna waga dziecka: ok. 22,5 kggrubo\u015b\u0107 stali: 0,8 mmmateria\u0142: stal, plastiksk\u0142ad tkaniny: 100% poliesterr\u00f3\u017cowy kolorzmywalnydobry widok na bia\u0142\u0105 siatk\u0119Zawarto\u015b\u0107 opakowania:1 x bariera dzieci\u0119ca1 x instrukcja (EN \/ FR \/ DE \/ ES \/ IT)<\/p>\n<h2>Bariera Do \u0141\u00f3\u017ceczka 102 Cm R\u00f3\u017cowy Infantastic<\/h2>\n<p>gabriel imie, peppa kolorowanka, \u017cyczenia wielkanocne dla dzieci kr\u00f3tkie, zaproszenia urodzinowe do wydruku chomikuj, kwiecien plecien, mia\u0142a baba koguta tekst, najpi\u0119kniejsze piosenki \u015bwi\u0105teczne dla dzieci, podzi\u0119kowania dla nauczyciela cytaty, cytaty o dziecku, bajka na dobranoc do czytania, prezenty urodzinowe dla nastolatk\u00f3w, malowanki dla dzieci, bajki do czytania dla dzieci, julian znaczenie imienia, naj\u0142adniejsze ko\u0142ysanki dla dzieci, bajki do czytania, bezpieczne kosmetyki do makija\u017cu dla dzieci, quiz o wio\u015bnie<\/p>\n<p>yyyyy<\/p>\n<p>&nbsp;<\/p>\n","protected":false},"excerpt":{"rendered":"<p>Beztroskie noce? Z t\u0105 barier\u0105 nie ma nic niemo\u017cliwego. Fotelik zapewnia dziecku ochron\u0119 przed wypadni\u0119ciem z \u0142\u00f3\u017cka. Barierka nadaje si\u0119 do materacy 12-15 cm. Materia\u0142 u\u0142atwi Ci r\u00f3wnie\u017c konserwacj\u0119, bez problemu wystarczy umy\u0107 barier\u0119.Uwaga: \u0141\u00f3\u017cka z listwami ramowymi nie nadaj\u0105 si\u0119 do stosowania tej bariery.Dane techniczne:wymiary: 102 x 42 cm (d\u0142. x szer.)waga: ok. 2,16 [&hellip;]<\/p>\n","protected":false},"featured_media":6601,"comment_status":"closed","ping_status":"open","template":"","meta":[],"product_cat":[949,1482],"product_tag":[730,711,738,635],"class_list":["post-6600","product","type-product","status-publish","has-post-thumbnail","hentry","product_cat-akcesoria-do-mebli-dzieciecych","product_cat-infantastic","product_tag-karyna","product_tag-prezenty-dla-nastolatkow","product_tag-wroclaw-dla-dzieci","product_tag-znaki-drogowe-do-druku"],"_links":{"self":[{"href":"http:\/\/klubmamgdynia.pl\/index.php\/wp-json\/wp\/v2\/product\/6600","targetHints":{"allow":["GET"]}}],"collection":[{"href":"http:\/\/klubmamgdynia.pl\/index.php\/wp-json\/wp\/v2\/product"}],"about":[{"href":"http:\/\/klubmamgdynia.pl\/index.php\/wp-json\/wp\/v2\/types\/product"}],"replies":[{"embeddable":true,"href":"http:\/\/klubmamgdynia.pl\/index.php\/wp-json\/wp\/v2\/comments?post=6600"}],"wp:featuredmedia":[{"embeddable":true,"href":"http:\/\/klubmamgdynia.pl\/index.php\/wp-json\/wp\/v2\/media\/6601"}],"wp:attachment":[{"href":"http:\/\/klubmamgdynia.pl\/index.php\/wp-json\/wp\/v2\/media?parent=6600"}],"wp:term":[{"taxonomy":"product_cat","embeddable":true,"href":"http:\/\/klubmamgdynia.pl\/index.php\/wp-json\/wp\/v2\/product_cat?post=6600"},{"taxonomy":"product_tag","embeddable":true,"href":"http:\/\/klubmamgdynia.pl\/index.php\/wp-json\/wp\/v2\/product_tag?post=6600"}],"curies":[{"name":"wp","href":"https:\/\/api.w.org\/{rel}","templated":true}]}}