{"id":6602,"date":"2024-09-11T01:34:13","date_gmt":"2024-09-10T23:34:13","guid":{"rendered":"http:\/\/klubmamgdynia.pl\/?post_type=product&#038;p=6602"},"modified":"2026-04-05T17:21:10","modified_gmt":"2026-04-05T15:21:10","slug":"prince-lionheart-prince-lionheart-mata-podlogowa-catchall-107-cm","status":"publish","type":"product","link":"http:\/\/klubmamgdynia.pl\/index.php\/produkt\/prince-lionheart-prince-lionheart-mata-podlogowa-catchall-107-cm\/","title":{"rendered":"Prince Lionheart Prince Lionheart Mata Pod\u0142ogowa Catchall 107 Cm"},"content":{"rendered":"<p>Mata pod\u0142ogowa catchALL ameryka\u0144skiej marki Prince LionheartMata \u015bwietnie chroni pod\u0142og\u0119 przed dora\u017anymi zabrudzeniami powstaj\u0105cymi w tracie jedzenia lub innej aktywno\u015bci dziecka (jedzenie, zabawy plastyczne, zabawy piaskiem kinetycznym, itd.).Mata jest wykonana z laminowanej bawe\u0142ny, posiada antypo\u015blizgowy sp\u00f3d.Mat\u0119 mo\u017cna \u0142atwo z\u0142o\u017cy\u0107 i zabra\u0107 ze sob\u0105 w podr\u00f3\u017c.Wymiary maty: 107&#215;107 cmZdj\u0119cia pogl\u0105dowe (przedstawiaj\u0105ce zastosowanie maty):Prince Lionheart to ameryka\u0144ski producent zabawek i akcesori\u00f3w dla dzieci. Firma zosta\u0142a za\u0142o\u017cona przez ameryka\u0144skie ma\u0142\u017ce\u0144stwo w 1973 r. i rozpocz\u0119\u0142a dzia\u0142alno\u015b\u0107 od produkcji koni na biegunach. Aktualnie firma Prince LionHeart jest jedn\u0105 z wiod\u0105cych marek na rynku akcesori\u00f3w dla dzieci. Produkty Prince Lionheart s\u0105 zgodne z wszystkimi obowi\u0105zuj\u0105cymi normami dotycz\u0105cymi bezpiecze\u0144stwa produkt\u00f3w w UE i Stanach Zjednoczonych.<\/p>\n<h2>Prince Lionheart Prince Lionheart Mata Pod\u0142ogowa Catchall 107 Cm Prince Lionheart<\/h2>\n<p>quiz o dinozaurach, zabawy na dzie\u0144 dziecka w szkole, dymitr, gda\u0144sk atrakcje dla m\u0142odzie\u017cy, zagadki wielkanocne do druku, kolorowanki antystresowe, zagadki matematyczne z odpowiedziami, zima z\u0142a tekst<\/p>\n<p>yyyyy<\/p>\n<p>&nbsp;<\/p>\n","protected":false},"excerpt":{"rendered":"<p>Mata pod\u0142ogowa catchALL ameryka\u0144skiej marki Prince LionheartMata \u015bwietnie chroni pod\u0142og\u0119 przed dora\u017anymi zabrudzeniami powstaj\u0105cymi w tracie jedzenia lub innej aktywno\u015bci dziecka (jedzenie, zabawy plastyczne, zabawy piaskiem kinetycznym, itd.).Mata jest wykonana z laminowanej bawe\u0142ny, posiada antypo\u015blizgowy sp\u00f3d.Mat\u0119 mo\u017cna \u0142atwo z\u0142o\u017cy\u0107 i zabra\u0107 ze sob\u0105 w podr\u00f3\u017c.Wymiary maty: 107&#215;107 cmZdj\u0119cia pogl\u0105dowe (przedstawiaj\u0105ce zastosowanie maty):Prince Lionheart to ameryka\u0144ski [&hellip;]<\/p>\n","protected":false},"featured_media":6603,"comment_status":"closed","ping_status":"open","template":"","meta":[],"product_cat":[55,1349],"product_tag":[845,837,754],"class_list":["post-6602","product","type-product","status-publish","has-post-thumbnail","hentry","product_cat-maty-edukacyjne","product_cat-prince-lionheart","product_tag-ach-spij-kochanie-tekst","product_tag-cicha-noc-po-angielsku","product_tag-dyplomy-do-wydrukowania-a4"],"_links":{"self":[{"href":"http:\/\/klubmamgdynia.pl\/index.php\/wp-json\/wp\/v2\/product\/6602","targetHints":{"allow":["GET"]}}],"collection":[{"href":"http:\/\/klubmamgdynia.pl\/index.php\/wp-json\/wp\/v2\/product"}],"about":[{"href":"http:\/\/klubmamgdynia.pl\/index.php\/wp-json\/wp\/v2\/types\/product"}],"replies":[{"embeddable":true,"href":"http:\/\/klubmamgdynia.pl\/index.php\/wp-json\/wp\/v2\/comments?post=6602"}],"wp:featuredmedia":[{"embeddable":true,"href":"http:\/\/klubmamgdynia.pl\/index.php\/wp-json\/wp\/v2\/media\/6603"}],"wp:attachment":[{"href":"http:\/\/klubmamgdynia.pl\/index.php\/wp-json\/wp\/v2\/media?parent=6602"}],"wp:term":[{"taxonomy":"product_cat","embeddable":true,"href":"http:\/\/klubmamgdynia.pl\/index.php\/wp-json\/wp\/v2\/product_cat?post=6602"},{"taxonomy":"product_tag","embeddable":true,"href":"http:\/\/klubmamgdynia.pl\/index.php\/wp-json\/wp\/v2\/product_tag?post=6602"}],"curies":[{"name":"wp","href":"https:\/\/api.w.org\/{rel}","templated":true}]}}