{"id":6606,"date":"2013-11-17T03:36:18","date_gmt":"2013-11-17T02:36:18","guid":{"rendered":"http:\/\/klubmamgdynia.pl\/index.php\/produkt\/nattou-gryzak-silikonowy-z-bawelniana-pieluszka-szary\/"},"modified":"2026-05-17T22:02:27","modified_gmt":"2026-05-17T20:02:27","slug":"nattou-gryzak-silikonowy-z-bawelniana-pieluszka-szary","status":"publish","type":"product","link":"http:\/\/klubmamgdynia.pl\/index.php\/produkt\/nattou-gryzak-silikonowy-z-bawelniana-pieluszka-szary\/","title":{"rendered":"Nattou Gryzak Silikonowy Z Bawe\u0142nian\u0105 Pieluszk\u0105 Szary"},"content":{"rendered":"<p>Nattou Gryzak silikonowy z bawe\u0142nian\u0105 pieluszk\u0105<\/p>\n<h2>Nattou Gryzak Silikonowy Z Bawe\u0142nian\u0105 Pieluszk\u0105 Szary Nattou<\/h2>\n<p>kotek kolorowanka do druku, jakie prezenty na roczek, opisy do zdj\u0119\u0107 z dzieckiem, test opowie\u015b\u0107 wigilijna, bajki dla dziewczynek, quiz o flagach, ferie warszawa 2022, imi\u0119 kuba, kolorowanki do druku dla dziewczynek, zagadki logiczne matematyczne dla dzieci<\/p>\n<p>yyyyy<\/p>\n<p>&nbsp;<\/p>\n","protected":false},"excerpt":{"rendered":"<p>Nattou Gryzak silikonowy z bawe\u0142nian\u0105 pieluszk\u0105 Nattou Gryzak Silikonowy Z Bawe\u0142nian\u0105 Pieluszk\u0105 Szary Nattou kotek kolorowanka do druku, jakie prezenty na roczek, opisy do zdj\u0119\u0107 z dzieckiem, test opowie\u015b\u0107 wigilijna, bajki dla dziewczynek, quiz o flagach, ferie warszawa 2022, imi\u0119 kuba, kolorowanki do druku dla dziewczynek, zagadki logiczne matematyczne dla dzieci yyyyy &nbsp;<\/p>\n","protected":false},"featured_media":6607,"comment_status":"closed","ping_status":"open","template":"","meta":[],"product_cat":[63,25],"product_tag":[825,633,715],"class_list":["post-6606","product","type-product","status-publish","has-post-thumbnail","hentry","product_cat-grzechotki-i-gryzaki","product_cat-nattou","product_tag-bajka-na-dobranoc-do-czytania","product_tag-zagadki-z-odpowiedziami","product_tag-zosia-samosia"],"_links":{"self":[{"href":"http:\/\/klubmamgdynia.pl\/index.php\/wp-json\/wp\/v2\/product\/6606","targetHints":{"allow":["GET"]}}],"collection":[{"href":"http:\/\/klubmamgdynia.pl\/index.php\/wp-json\/wp\/v2\/product"}],"about":[{"href":"http:\/\/klubmamgdynia.pl\/index.php\/wp-json\/wp\/v2\/types\/product"}],"replies":[{"embeddable":true,"href":"http:\/\/klubmamgdynia.pl\/index.php\/wp-json\/wp\/v2\/comments?post=6606"}],"wp:featuredmedia":[{"embeddable":true,"href":"http:\/\/klubmamgdynia.pl\/index.php\/wp-json\/wp\/v2\/media\/6607"}],"wp:attachment":[{"href":"http:\/\/klubmamgdynia.pl\/index.php\/wp-json\/wp\/v2\/media?parent=6606"}],"wp:term":[{"taxonomy":"product_cat","embeddable":true,"href":"http:\/\/klubmamgdynia.pl\/index.php\/wp-json\/wp\/v2\/product_cat?post=6606"},{"taxonomy":"product_tag","embeddable":true,"href":"http:\/\/klubmamgdynia.pl\/index.php\/wp-json\/wp\/v2\/product_tag?post=6606"}],"curies":[{"name":"wp","href":"https:\/\/api.w.org\/{rel}","templated":true}]}}