{"id":6612,"date":"2016-09-12T18:07:16","date_gmt":"2016-09-12T16:07:16","guid":{"rendered":"http:\/\/klubmamgdynia.pl\/index.php\/produkt\/fotelik-samochodowy-chicco-2easy-84-pearl-0-18kg\/"},"modified":"2026-04-29T08:53:23","modified_gmt":"2026-04-29T06:53:23","slug":"fotelik-samochodowy-chicco-2easy-84-pearl-0-18kg","status":"publish","type":"product","link":"http:\/\/klubmamgdynia.pl\/index.php\/produkt\/fotelik-samochodowy-chicco-2easy-84-pearl-0-18kg\/","title":{"rendered":"Fotelik samochodowy Chicco 2Easy 84 Pearl 0-18Kg"},"content":{"rendered":"<p>2EASY CHICCO FOTELIK SAMOCHODOWY 0-18 KG kolor PearlFotelik 2 Easy marki Chicco to nowoczesny i funkcjonalny produkt tej firmy. Przeznaczony jest dla dzieci z grupy 0+ i 1 (przedzia\u0142 wagowy 0-18 kg). Wykonany jest z najwy\u017cszej jako\u015bci materia\u0142\u00f3w oraz nie podra\u017cnia sk\u00f3ry dziecka. Sk\u0142ada on si\u0119 z dw\u00f3ch cz\u0119\u015bci: bazy, dzi\u0119ki kt\u00f3rej mamy pewno\u015b\u0107 prawid\u0142owego monta\u017cu oraz samego fotelika.Dodatkowa wk\u0142adka dla noworodk\u00f3w zapewnia prawid\u0142ow\u0105 pozycje podczas jazdy. Po wyci\u0105gni\u0119ciu wk\u0142adki fotelik b\u0119dzie idealny dla starszego dziecka. Dodatkowe boczne wzmocnienia chroni\u0105 g\u0142ow\u0119 i kark maluszka. Montowany jest przodem (9-18 kg) oraz ty\u0142em (0-13kg) do kierunku jazdy.Cechy produktu:przedzia\u0142 wagowy: 0-18 kgdwie cz\u0119\u015bci: baza i fotelikwk\u0142adka dla noworodk\u00f3wmontowany ty\u0142em do kierunku jazdy od 0 &#8211; 13 kg &#8211; RWF (Rear Way Facing)montowany przodem do kierunku jazdy od 9 &#8211; 18 kgprzytulny, zapewniaj\u0105cy odpowiedni komfort i ochron\u0119 dziecku4-stopniowa regulacja pochyleniasystem prowadnic zapewniaj\u0105cy prawid\u0142owy monta\u017cmonta\u017c za pomoc\u0105 pas\u00f3w samochodowychFotelik samochodowy 2easy jest zatwierdzony zgodnie z norm\u0105 ECE R44\/04 do przewo\u017cenia dzieci od urodzenia do momentu osi\u0105gni\u0119cia przez nie wagi 18 kg (grupa 0+\/1).Fotel jest przyjemnie otulaj\u0105cy i zapewnia najwi\u0119kszy komfort i bezpiecze\u0144stwo dla najmniejszych dzieci.Zestaw sk\u0142ada si\u0119 z 2 element\u00f3w \u2013 fotela oraz bazy, montowanych w samochodzie za pomoc\u0105 3-punktowego pasa bezpiecze\u0144stwa.Po zainstalowaniu bazy, fotel mo\u017ce by\u0107 wpi\u0119ty w baz\u0119 ty\u0142em (grupa 0+) lub przodem (grupa 1) do kierunku jazdy.Kiedy dziecko osi\u0105gnie wag\u0119 9 kg, fotel mo\u017cna zamontowa\u0107 przodem do kierunku jazdy ,ale dla bezpiecze\u0144stwa naszej pociechy mo\u017cna jeszcze chocia\u017c do tych 13 kg przewozi\u0107 dziecko ty\u0142em do kierunku jazdy .Aby zako\u0144czy\u0107 instalacj\u0119, nale\u017cy prze\u0142o\u017cy\u0107 pas bezpiecze\u0144stwa przez niebiesk\u0105 (grupa 0+) lub czerwon\u0105 (grupa 1) prowadnic\u0119 pasa.Mini-materacyk redukcyjny (0-6 miesi\u0119cy) posiada dwie kieszenie pod g\u0142ow\u0105 i plecami dziecka, aby \u0142atwo je wyj\u0105\u0107 i nie przerywa\u0107 mu snu.Dost\u0119pne s\u0105 4 pozycje regulacji oparcia.Tapicerk\u0119 mo\u017cna zdj\u0105\u0107 do prania.<\/p>\n<h2>Fotelik samochodowy Chicco 2Easy 84 Pearl 0-18Kg Chicco<\/h2>\n<p>quiz o bo\u017cym narodzeniu, rzadkie imiona \u017ce\u0144skie polskie, dyplomy szablony pdf, test z lektury dzieci z bullerbyn, quiz konie, \u015bwi\u0119ty przemys\u0142aw, niezapomniany prezent na roczek, quizy miko\u0142ajek<\/p>\n<p>yyyyy<\/p>\n<p>&nbsp;<\/p>\n","protected":false},"excerpt":{"rendered":"<p>2EASY CHICCO FOTELIK SAMOCHODOWY 0-18 KG kolor PearlFotelik 2 Easy marki Chicco to nowoczesny i funkcjonalny produkt tej firmy. Przeznaczony jest dla dzieci z grupy 0+ i 1 (przedzia\u0142 wagowy 0-18 kg). Wykonany jest z najwy\u017cszej jako\u015bci materia\u0142\u00f3w oraz nie podra\u017cnia sk\u00f3ry dziecka. Sk\u0142ada on si\u0119 z dw\u00f3ch cz\u0119\u015bci: bazy, dzi\u0119ki kt\u00f3rej mamy pewno\u015b\u0107 prawid\u0142owego [&hellip;]<\/p>\n","protected":false},"featured_media":6613,"comment_status":"closed","ping_status":"open","template":"","meta":[],"product_cat":[312,32],"product_tag":[722,645,690,785,651],"class_list":["post-6612","product","type-product","status-publish","has-post-thumbnail","hentry","product_cat-chicco","product_cat-foteliki-samochodowe","product_tag-cytaty-o-przyjazni","product_tag-latwe-zagadki","product_tag-pieski-male-dwa-tekst","product_tag-prezent-dla-nastolatkow","product_tag-quizy-online"],"_links":{"self":[{"href":"http:\/\/klubmamgdynia.pl\/index.php\/wp-json\/wp\/v2\/product\/6612","targetHints":{"allow":["GET"]}}],"collection":[{"href":"http:\/\/klubmamgdynia.pl\/index.php\/wp-json\/wp\/v2\/product"}],"about":[{"href":"http:\/\/klubmamgdynia.pl\/index.php\/wp-json\/wp\/v2\/types\/product"}],"replies":[{"embeddable":true,"href":"http:\/\/klubmamgdynia.pl\/index.php\/wp-json\/wp\/v2\/comments?post=6612"}],"wp:featuredmedia":[{"embeddable":true,"href":"http:\/\/klubmamgdynia.pl\/index.php\/wp-json\/wp\/v2\/media\/6613"}],"wp:attachment":[{"href":"http:\/\/klubmamgdynia.pl\/index.php\/wp-json\/wp\/v2\/media?parent=6612"}],"wp:term":[{"taxonomy":"product_cat","embeddable":true,"href":"http:\/\/klubmamgdynia.pl\/index.php\/wp-json\/wp\/v2\/product_cat?post=6612"},{"taxonomy":"product_tag","embeddable":true,"href":"http:\/\/klubmamgdynia.pl\/index.php\/wp-json\/wp\/v2\/product_tag?post=6612"}],"curies":[{"name":"wp","href":"https:\/\/api.w.org\/{rel}","templated":true}]}}