{"id":6614,"date":"2016-12-28T14:59:15","date_gmt":"2016-12-28T13:59:15","guid":{"rendered":"http:\/\/klubmamgdynia.pl\/index.php\/produkt\/tommee-tippee-smoczek-do-butelki-easivent-2szt-sredni-211224\/"},"modified":"2026-04-30T22:00:43","modified_gmt":"2026-04-30T20:00:43","slug":"tommee-tippee-smoczek-do-butelki-easivent-2szt-sredni-211224","status":"publish","type":"product","link":"http:\/\/klubmamgdynia.pl\/index.php\/produkt\/tommee-tippee-smoczek-do-butelki-easivent-2szt-sredni-211224\/","title":{"rendered":"Tommee Tippee Smoczek Do Butelki Easivent 2Szt. (\u015aredni) 211224"},"content":{"rendered":"<p>Specjalny smoczek Tommee Tippee to nie tylko karmienie, ale nawi\u0105zywanie blisko\u015bci z Twoim male\u0144stwem. Wyj\u0105tkowy kszta\u0142t przypominaj\u0105cy kobiec\u0105 pier\u015b pozwoli Ci na naprzemienne u\u017cywanie butelki oraz karmienie piersi\u0105, a tata male\u0144stwa mo\u017ce Ci w tym pom\u00f3c. Tommee Tippee dba, aby Wasza rodzina mog\u0142a sp\u0119dza\u0107 wi\u0119cej czasu razem, r\u00f3wnie\u017c podczas karmienia. Cechy produktu: odpowiedni dla dzieci 3m+ unikalny kszta\u0142t u\u0142atwiaj\u0105 niemowl\u0119ciu dok\u0142adne obj\u0119cie smoczka ustami wyj\u0105tkowo czu\u0142y zaworek antykolkowy mi\u0119kki, naturalny smoczek silikonowy nie zawiera bisfenolu A (BPA) Smoczek Tommee Tippee sprawia, \u017ce karmienie staje si\u0119 wyj\u0105tkowo \u0142atwe i przyjemne. Produkty z serii Closer to Nature s\u0105 odpowiednie i bezpieczne dla ka\u017cdego dziecka. Jest to innowacyjny smoczek antykolkowy \u2013 zaprojektowany we wsp\u00f3\u0142pracy z ekspertami od karmienia niemowl\u0105t i dzieci. Dzi\u0119ki swojej naturalnej elastyczno\u015bci i delikatno\u015bci na\u015bladuje ruchy matczynej piersi, a \u0142\u0105czenie karmienia piersi\u0105 i butelk\u0105 jeszcze nigdy nie by\u0142o tak proste. Wyj\u0105tkowy kszta\u0142t smoczka pobudza odruch ssania u niemowl\u0119cia. Specjalny system odpowietrzaj\u0105cy zmniejsza mo\u017cliwo\u015b\u0107 wyst\u0105pienia kolki u twojego male\u0144stwa. Z seri\u0105 Closer to Nature\u00ae karmienie butelk\u0105 staje si\u0119 wyj\u0105tkowo proste. Produkty Closer to Nature\u00ae do karmienia butelk\u0105 to doskona\u0142y wyb\u00f3r dla ka\u017cdego dziecka. Unikalny, wyj\u0105tkowo szeroki smoczek na\u015bladuje matczyn\u0105 pier\u015b, a jego gi\u0119tko\u015b\u0107 i elastyczno\u015b\u0107 zapewniaj\u0105 doznania zbli\u017cone do karmienia piersi\u0105 &#8211; co sprawia, \u017ce karmienie butelk\u0105 jest jeszcze prostsze. Produkt dost\u0119pny jest w r\u00f3\u017cnych wzorach i kolorach. Przed zakupem prosz\u0119 zapyta\u0107 o dost\u0119pno\u015b\u0107 koloru\/modelu je\u015bli dotyczy. Nr oferty xSale 5211224<\/p>\n<h2>Tommee Tippee Smoczek Do Butelki Easivent 2Szt. (\u015aredni) 211224 Tommee Tippe<\/h2>\n<p>pomysly na prezent na roczek, co\u015b dla nastolatk\u00f3w, uk\u0142ad s\u0142oneczny kolorowanka, filmy disneya, kucyki pony kolorowanka, teksty ko\u0142ysanek, zabawy na dzie\u0144 dziecka w szkole, gdzie strumyk p\u0142ynie z wolna tekst, literki do pisania do druku, cytaty korczak, fajne rzeczy dla nastolatk\u00f3w, kolorowanki do wydrukowania, jak narysowa\u0107 psa, zagadki dla m\u0142odzie\u017cy, paj\u0105czek na rowerze test, ma\u0142o nas do pieczenia chleba, wulkan z sody, kwiaty polne nazwy, zagadka, \u015bwinka peppa do druku<\/p>\n<p>yyyyy<\/p>\n<p>&nbsp;<\/p>\n","protected":false},"excerpt":{"rendered":"<p>Specjalny smoczek Tommee Tippee to nie tylko karmienie, ale nawi\u0105zywanie blisko\u015bci z Twoim male\u0144stwem. Wyj\u0105tkowy kszta\u0142t przypominaj\u0105cy kobiec\u0105 pier\u015b pozwoli Ci na naprzemienne u\u017cywanie butelki oraz karmienie piersi\u0105, a tata male\u0144stwa mo\u017ce Ci w tym pom\u00f3c. Tommee Tippee dba, aby Wasza rodzina mog\u0142a sp\u0119dza\u0107 wi\u0119cej czasu razem, r\u00f3wnie\u017c podczas karmienia. Cechy produktu: odpowiedni dla dzieci [&hellip;]<\/p>\n","protected":false},"featured_media":6615,"comment_status":"closed","ping_status":"open","template":"","meta":[],"product_cat":[283,1484],"product_tag":[834,670,601,714,623,779],"class_list":["post-6614","product","type-product","status-publish","has-post-thumbnail","hentry","product_cat-smoczki-i-ustniki-do-butelek","product_cat-tommee-tippe","product_tag-bajka-do-czytania-na-dobranoc","product_tag-irma","product_tag-zagadki-co-to-jest","product_tag-zagadki-logiczne","product_tag-zagadki-logiczne-smieszne","product_tag-zarty-na-prima-aprilis-w-domu"],"_links":{"self":[{"href":"http:\/\/klubmamgdynia.pl\/index.php\/wp-json\/wp\/v2\/product\/6614","targetHints":{"allow":["GET"]}}],"collection":[{"href":"http:\/\/klubmamgdynia.pl\/index.php\/wp-json\/wp\/v2\/product"}],"about":[{"href":"http:\/\/klubmamgdynia.pl\/index.php\/wp-json\/wp\/v2\/types\/product"}],"replies":[{"embeddable":true,"href":"http:\/\/klubmamgdynia.pl\/index.php\/wp-json\/wp\/v2\/comments?post=6614"}],"wp:featuredmedia":[{"embeddable":true,"href":"http:\/\/klubmamgdynia.pl\/index.php\/wp-json\/wp\/v2\/media\/6615"}],"wp:attachment":[{"href":"http:\/\/klubmamgdynia.pl\/index.php\/wp-json\/wp\/v2\/media?parent=6614"}],"wp:term":[{"taxonomy":"product_cat","embeddable":true,"href":"http:\/\/klubmamgdynia.pl\/index.php\/wp-json\/wp\/v2\/product_cat?post=6614"},{"taxonomy":"product_tag","embeddable":true,"href":"http:\/\/klubmamgdynia.pl\/index.php\/wp-json\/wp\/v2\/product_tag?post=6614"}],"curies":[{"name":"wp","href":"https:\/\/api.w.org\/{rel}","templated":true}]}}