{"id":6618,"date":"2020-03-01T18:55:50","date_gmt":"2020-03-01T17:55:50","guid":{"rendered":"http:\/\/klubmamgdynia.pl\/index.php\/produkt\/lisciani-cocomelon-dwustronne-puzzle-podlogowe-2x12el-chodzmy-na-spacer\/"},"modified":"2026-04-30T05:36:10","modified_gmt":"2026-04-30T03:36:10","slug":"lisciani-cocomelon-dwustronne-puzzle-podlogowe-2x12el-chodzmy-na-spacer","status":"publish","type":"product","link":"http:\/\/klubmamgdynia.pl\/index.php\/produkt\/lisciani-cocomelon-dwustronne-puzzle-podlogowe-2x12el-chodzmy-na-spacer\/","title":{"rendered":"Lisciani Cocomelon Dwustronne Puzzle Podlogowe 2X12El. Chod\u017amy Na Spacer"},"content":{"rendered":"<p>Baw si\u0119 \u015bwietnie odtwarzaj\u0105c najlepsze sceny z bajki COCOMELON! Uk\u0142adaj dwustronne puzzle, tworz\u0105c pi\u0119kny obrazek lub koloruj jego czarno-bia\u0142y odpowiednik, staraj\u0105c si\u0119 odtworzy\u0107 kolory z bajki lub nadaj\u0105c ca\u0142ej scence nowego charakteru. Produkt zawiera 24 elementy, kt\u00f3re umo\u017cliwiaj\u0105 odtworzenie dw\u00f3ch scenek sk\u0142adaj\u0105cych si\u0119 z 12 element\u00f3w&#8230;.<\/p>\n<h2>Lisciani Cocomelon Dwustronne Puzzle Podlogowe 2X12El. Chod\u017amy Na Spacer Lisciani<\/h2>\n<p>lego ninjago kolorowanka, leonardo imie, prezent dla roczniaka, test opowie\u015b\u0107 wigilijna, audiobooki dla dzieci za darmo, zaproszenie na urodziny do druku, wiersz na wielkanocnym stole, dobre zagadki logiczne, walentynka kolorowanka, wulkan eksperyment, prezenty dla rocznego dziecka, opis do zdj\u0119cia dziecka na fb, choinko pi\u0119kna jak las tekst, z\u0142ote my\u015bli cytaty o szkole i nauce<\/p>\n<p>yyyyy<\/p>\n<p>&nbsp;<\/p>\n","protected":false},"excerpt":{"rendered":"<p>Baw si\u0119 \u015bwietnie odtwarzaj\u0105c najlepsze sceny z bajki COCOMELON! Uk\u0142adaj dwustronne puzzle, tworz\u0105c pi\u0119kny obrazek lub koloruj jego czarno-bia\u0142y odpowiednik, staraj\u0105c si\u0119 odtworzy\u0107 kolory z bajki lub nadaj\u0105c ca\u0142ej scence nowego charakteru. Produkt zawiera 24 elementy, kt\u00f3re umo\u017cliwiaj\u0105 odtworzenie dw\u00f3ch scenek sk\u0142adaj\u0105cych si\u0119 z 12 element\u00f3w&#8230;. Lisciani Cocomelon Dwustronne Puzzle Podlogowe 2X12El. Chod\u017amy Na Spacer [&hellip;]<\/p>\n","protected":false},"featured_media":6619,"comment_status":"closed","ping_status":"open","template":"","meta":[],"product_cat":[362,90],"product_tag":[656,613,770,647],"class_list":["post-6618","product","type-product","status-publish","has-post-thumbnail","hentry","product_cat-lisciani","product_cat-puzzle","product_tag-kolorowanki-lol","product_tag-na-wyspach-bergamutach","product_tag-samolot-z-papieru","product_tag-warszawa-z-dzieckiem"],"_links":{"self":[{"href":"http:\/\/klubmamgdynia.pl\/index.php\/wp-json\/wp\/v2\/product\/6618","targetHints":{"allow":["GET"]}}],"collection":[{"href":"http:\/\/klubmamgdynia.pl\/index.php\/wp-json\/wp\/v2\/product"}],"about":[{"href":"http:\/\/klubmamgdynia.pl\/index.php\/wp-json\/wp\/v2\/types\/product"}],"replies":[{"embeddable":true,"href":"http:\/\/klubmamgdynia.pl\/index.php\/wp-json\/wp\/v2\/comments?post=6618"}],"wp:featuredmedia":[{"embeddable":true,"href":"http:\/\/klubmamgdynia.pl\/index.php\/wp-json\/wp\/v2\/media\/6619"}],"wp:attachment":[{"href":"http:\/\/klubmamgdynia.pl\/index.php\/wp-json\/wp\/v2\/media?parent=6618"}],"wp:term":[{"taxonomy":"product_cat","embeddable":true,"href":"http:\/\/klubmamgdynia.pl\/index.php\/wp-json\/wp\/v2\/product_cat?post=6618"},{"taxonomy":"product_tag","embeddable":true,"href":"http:\/\/klubmamgdynia.pl\/index.php\/wp-json\/wp\/v2\/product_tag?post=6618"}],"curies":[{"name":"wp","href":"https:\/\/api.w.org\/{rel}","templated":true}]}}