{"id":6620,"date":"2024-09-13T11:54:03","date_gmt":"2024-09-13T09:54:03","guid":{"rendered":"http:\/\/klubmamgdynia.pl\/?post_type=product&#038;p=6620"},"modified":"2026-05-17T22:20:30","modified_gmt":"2026-05-17T20:20:30","slug":"nattou-jim-bob-mini-zabawka-szop-bob","status":"publish","type":"product","link":"http:\/\/klubmamgdynia.pl\/index.php\/produkt\/nattou-jim-bob-mini-zabawka-szop-bob\/","title":{"rendered":"Nattou Jim &amp; Bob Mini Zabawka Szop Bob"},"content":{"rendered":"<p>Pozytywka do przytulania zaprasza do marze\u0144 z melodi\u0105 La-Le-Lu. Zwierz\u0105tko wykonane jest z mi\u0119kkiej tkaniny welurowej. Wszystkie Nattou &#8211; produkty s\u0105 zaprojektowane z du\u017c\u0105 mi\u0142o\u015bci\u0105 do szczeg\u00f3\u0142\u00f3w, s\u0105 wysokiej jako\u015bci i przetwarzane w pi\u0119knych kolorach. Szczeg\u00f3\u0142y produktu: Wymiary (d\u0142ugo\u015b\u0107 x szeroko\u015b\u0107 x wysoko\u015b\u0107): 16 x 16 x 8 cm Materia\u0142: 100 % poliester Piel\u0119gnacja: pranie r\u0119czne Wiek: od 0 miesi\u0119cy<\/p>\n<h2>Nattou Jim &amp; Bob Mini Zabawka Szop Bob Nattou<\/h2>\n<p>magiczne drzewo czerwone krzes\u0142o test, test z dynastii mizio\u0142k\u00f3w, bajki na dobranoc dla dzieci, kubu\u015b puchatek cytaty, jak zapakowa\u0107 prezent dla dziecka, zagadki rymowanki dla dzieci, atrakcje dla dzieci we wroc\u0142awiu, kolorowanki do druku dla dziewczyn, pa\u0144stwa miasta wz\u00f3r, psikusy na prima aprilis, quiz o flagach, gry planszowe dla m\u0142odzie\u017cy, kolorowanki do druku konie, imie paula<\/p>\n<p>yyyyy<\/p>\n<p>&nbsp;<\/p>\n","protected":false},"excerpt":{"rendered":"<p>Pozytywka do przytulania zaprasza do marze\u0144 z melodi\u0105 La-Le-Lu. Zwierz\u0105tko wykonane jest z mi\u0119kkiej tkaniny welurowej. Wszystkie Nattou &#8211; produkty s\u0105 zaprojektowane z du\u017c\u0105 mi\u0142o\u015bci\u0105 do szczeg\u00f3\u0142\u00f3w, s\u0105 wysokiej jako\u015bci i przetwarzane w pi\u0119knych kolorach. Szczeg\u00f3\u0142y produktu: Wymiary (d\u0142ugo\u015b\u0107 x szeroko\u015b\u0107 x wysoko\u015b\u0107): 16 x 16 x 8 cm Materia\u0142: 100 % poliester Piel\u0119gnacja: pranie [&hellip;]<\/p>\n","protected":false},"featured_media":6621,"comment_status":"closed","ping_status":"open","template":"","meta":[],"product_cat":[25,26],"product_tag":[834,836,656,624,748],"class_list":["post-6620","product","type-product","status-publish","has-post-thumbnail","hentry","product_cat-nattou","product_cat-zabawki-do-wozka-lozeczka-i-fotelika","product_tag-bajka-do-czytania-na-dobranoc","product_tag-co-kupic-dziecku-na-roczek","product_tag-kolorowanki-lol","product_tag-krotkie-zagadki","product_tag-okolice-wroclawia-atrakcje"],"_links":{"self":[{"href":"http:\/\/klubmamgdynia.pl\/index.php\/wp-json\/wp\/v2\/product\/6620","targetHints":{"allow":["GET"]}}],"collection":[{"href":"http:\/\/klubmamgdynia.pl\/index.php\/wp-json\/wp\/v2\/product"}],"about":[{"href":"http:\/\/klubmamgdynia.pl\/index.php\/wp-json\/wp\/v2\/types\/product"}],"replies":[{"embeddable":true,"href":"http:\/\/klubmamgdynia.pl\/index.php\/wp-json\/wp\/v2\/comments?post=6620"}],"wp:featuredmedia":[{"embeddable":true,"href":"http:\/\/klubmamgdynia.pl\/index.php\/wp-json\/wp\/v2\/media\/6621"}],"wp:attachment":[{"href":"http:\/\/klubmamgdynia.pl\/index.php\/wp-json\/wp\/v2\/media?parent=6620"}],"wp:term":[{"taxonomy":"product_cat","embeddable":true,"href":"http:\/\/klubmamgdynia.pl\/index.php\/wp-json\/wp\/v2\/product_cat?post=6620"},{"taxonomy":"product_tag","embeddable":true,"href":"http:\/\/klubmamgdynia.pl\/index.php\/wp-json\/wp\/v2\/product_tag?post=6620"}],"curies":[{"name":"wp","href":"https:\/\/api.w.org\/{rel}","templated":true}]}}