{"id":6622,"date":"2023-06-20T03:59:25","date_gmt":"2023-06-20T01:59:25","guid":{"rendered":"http:\/\/klubmamgdynia.pl\/?post_type=product&#038;p=6622"},"modified":"2026-04-22T03:18:37","modified_gmt":"2026-04-22T01:18:37","slug":"lego-creator-30503-swobodne-budowanie-zwierzeta","status":"publish","type":"product","link":"http:\/\/klubmamgdynia.pl\/index.php\/produkt\/lego-creator-30503-swobodne-budowanie-zwierzeta\/","title":{"rendered":"LEGO Creator 30503 Swobodne budowanie zwierz\u0119ta"},"content":{"rendered":"<p>Szczeg\u00f3\u0142y produktu\u00a0LEGO Creator 30503 Swobodne budowanie zwierz\u0119taZestawy LEGO inspiruj\u0105 ch\u0142opc\u00f3w i dziewczynki do budowania, tworzenia i wymy\u015blania. Niezliczone mo\u017cliwo\u015bci swobodnej zabawy i kreatywnego wyra\u017cania siebie pozwalaj\u0105 im doskonali\u0107 warto\u015bciowe zdolno\u015bci, kt\u00f3re przydadz\u0105 im si\u0119 w doros\u0142ym \u017cyciu.Zestaw 30503 Swobodne budowanie zwierz\u0119ta jest idealny, aby rozpocz\u0105\u0107 swoj\u0105 przygod\u0119 z LEGO. Pozwoli dzieciom rozwin\u0105\u0107 wyobra\u017ani\u0119 i czerpa\u0107 rado\u015b\u0107 ze swobodnego budowania bez u\u017cycia instrukcji.<\/p>\n<h2>LEGO Creator 30503 Swobodne budowanie zwierz\u0119ta LEGO<\/h2>\n<p>kolorowanka wakacje, imie paula, sandra imie, atrakcje dla dzieci wielkopolska, kolorowanka europa, kolorowanki dla ch\u0142opc\u00f3w, trudne zagadki dla dzieci, zagadki o zwierz\u0119tach le\u015bnych dla dzieci, podchwytliwe zagadki dla dzieci, bajka o kreciku, fajne zagadki, zagadki dla 6 latka, jak narysowa\u0107 nos, aron imi\u0119, alfabet kolorowanki, znaczenie imiona monika, pisanie po \u015bladzie do druku pdf, proste dekoracje \u015bwi\u0105teczne dla dzieci, quizy o flagach<\/p>\n<p>yyyyy<\/p>\n<p>&nbsp;<\/p>\n","protected":false},"excerpt":{"rendered":"<p>Szczeg\u00f3\u0142y produktu\u00a0LEGO Creator 30503 Swobodne budowanie zwierz\u0119taZestawy LEGO inspiruj\u0105 ch\u0142opc\u00f3w i dziewczynki do budowania, tworzenia i wymy\u015blania. Niezliczone mo\u017cliwo\u015bci swobodnej zabawy i kreatywnego wyra\u017cania siebie pozwalaj\u0105 im doskonali\u0107 warto\u015bciowe zdolno\u015bci, kt\u00f3re przydadz\u0105 im si\u0119 w doros\u0142ym \u017cyciu.Zestaw 30503 Swobodne budowanie zwierz\u0119ta jest idealny, aby rozpocz\u0105\u0107 swoj\u0105 przygod\u0119 z LEGO. Pozwoli dzieciom rozwin\u0105\u0107 wyobra\u017ani\u0119 i czerpa\u0107 [&hellip;]<\/p>\n","protected":false},"featured_media":6623,"comment_status":"closed","ping_status":"open","template":"","meta":[],"product_cat":[113,540],"product_tag":[848,584,743],"class_list":["post-6622","product","type-product","status-publish","has-post-thumbnail","hentry","product_cat-klocki","product_cat-lego","product_tag-cytat-o-rodzinie","product_tag-liwia","product_tag-quiz-dla-dzieci"],"_links":{"self":[{"href":"http:\/\/klubmamgdynia.pl\/index.php\/wp-json\/wp\/v2\/product\/6622","targetHints":{"allow":["GET"]}}],"collection":[{"href":"http:\/\/klubmamgdynia.pl\/index.php\/wp-json\/wp\/v2\/product"}],"about":[{"href":"http:\/\/klubmamgdynia.pl\/index.php\/wp-json\/wp\/v2\/types\/product"}],"replies":[{"embeddable":true,"href":"http:\/\/klubmamgdynia.pl\/index.php\/wp-json\/wp\/v2\/comments?post=6622"}],"wp:featuredmedia":[{"embeddable":true,"href":"http:\/\/klubmamgdynia.pl\/index.php\/wp-json\/wp\/v2\/media\/6623"}],"wp:attachment":[{"href":"http:\/\/klubmamgdynia.pl\/index.php\/wp-json\/wp\/v2\/media?parent=6622"}],"wp:term":[{"taxonomy":"product_cat","embeddable":true,"href":"http:\/\/klubmamgdynia.pl\/index.php\/wp-json\/wp\/v2\/product_cat?post=6622"},{"taxonomy":"product_tag","embeddable":true,"href":"http:\/\/klubmamgdynia.pl\/index.php\/wp-json\/wp\/v2\/product_tag?post=6622"}],"curies":[{"name":"wp","href":"https:\/\/api.w.org\/{rel}","templated":true}]}}