{"id":6628,"date":"2025-07-21T18:11:18","date_gmt":"2025-07-21T16:11:18","guid":{"rendered":"http:\/\/klubmamgdynia.pl\/?post_type=product&#038;p=6628"},"modified":"2026-04-28T22:24:38","modified_gmt":"2026-04-28T20:24:38","slug":"dumel-balibazoo-lis","status":"publish","type":"product","link":"http:\/\/klubmamgdynia.pl\/index.php\/produkt\/dumel-balibazoo-lis\/","title":{"rendered":"Dumel Balibazoo Lis"},"content":{"rendered":"<p>Balibazoo Grzechotka Pi\u0142ka LisCechy produktu : \u2714\ufe0f wiek: 0m+\u2714\ufe0f materia\u0142owe metki o zr\u00f3\u017cnicowanych fakturze\u2714\ufe0f otwory u\u0142atwiaj\u0105ce chwytanie\u2714\ufe0f elastyczne tworzywo odporne na zgniataniePluszakowy lisek to zabawka 3w1! Puchata, lisia g\u0142\u00f3wka zdobi mi\u0119kk\u0105 pi\u0142eczk\u0119, w kt\u00f3rej wn\u0119trzu znajduje si\u0119 grzechotka. Pi\u0142ka wykonana jest z elastycznego tworzywa i posiada wygodne otwory, kt\u00f3re u\u0142atwiaj\u0105 ma\u0142ym r\u0105czkom chwytanie zabawki. Lisek wykonany jest z materia\u0142\u00f3w o zr\u00f3\u017cnicowanych fakturach, a jego uszka zabawnie szeleszcz\u0105.<\/p>\n<h2>Dumel Balibazoo Lis Dumel<\/h2>\n<p>literki dla dzieci, miastodzieci, kondrad imie, quizy online, kotek kolorowanka, marcel imi\u0119, zagadki dla dzieci 5 lat, esmeralda, wr\u00f3\u017cby andrzejkowe dla dzieci online<\/p>\n<p>yyyyy<\/p>\n<p>&nbsp;<\/p>\n","protected":false},"excerpt":{"rendered":"<p>Balibazoo Grzechotka Pi\u0142ka LisCechy produktu : \u2714\ufe0f wiek: 0m+\u2714\ufe0f materia\u0142owe metki o zr\u00f3\u017cnicowanych fakturze\u2714\ufe0f otwory u\u0142atwiaj\u0105ce chwytanie\u2714\ufe0f elastyczne tworzywo odporne na zgniataniePluszakowy lisek to zabawka 3w1! Puchata, lisia g\u0142\u00f3wka zdobi mi\u0119kk\u0105 pi\u0142eczk\u0119, w kt\u00f3rej wn\u0119trzu znajduje si\u0119 grzechotka. Pi\u0142ka wykonana jest z elastycznego tworzywa i posiada wygodne otwory, kt\u00f3re u\u0142atwiaj\u0105 ma\u0142ym r\u0105czkom chwytanie zabawki. Lisek [&hellip;]<\/p>\n","protected":false},"featured_media":6629,"comment_status":"closed","ping_status":"open","template":"","meta":[],"product_cat":[41,63],"product_tag":[848,763,780,697],"class_list":["post-6628","product","type-product","status-publish","has-post-thumbnail","hentry","product_cat-dumel","product_cat-grzechotki-i-gryzaki","product_tag-cytat-o-rodzinie","product_tag-fabian","product_tag-krecik-bajka","product_tag-krotkie-bajki-do-czytania"],"_links":{"self":[{"href":"http:\/\/klubmamgdynia.pl\/index.php\/wp-json\/wp\/v2\/product\/6628","targetHints":{"allow":["GET"]}}],"collection":[{"href":"http:\/\/klubmamgdynia.pl\/index.php\/wp-json\/wp\/v2\/product"}],"about":[{"href":"http:\/\/klubmamgdynia.pl\/index.php\/wp-json\/wp\/v2\/types\/product"}],"replies":[{"embeddable":true,"href":"http:\/\/klubmamgdynia.pl\/index.php\/wp-json\/wp\/v2\/comments?post=6628"}],"wp:featuredmedia":[{"embeddable":true,"href":"http:\/\/klubmamgdynia.pl\/index.php\/wp-json\/wp\/v2\/media\/6629"}],"wp:attachment":[{"href":"http:\/\/klubmamgdynia.pl\/index.php\/wp-json\/wp\/v2\/media?parent=6628"}],"wp:term":[{"taxonomy":"product_cat","embeddable":true,"href":"http:\/\/klubmamgdynia.pl\/index.php\/wp-json\/wp\/v2\/product_cat?post=6628"},{"taxonomy":"product_tag","embeddable":true,"href":"http:\/\/klubmamgdynia.pl\/index.php\/wp-json\/wp\/v2\/product_tag?post=6628"}],"curies":[{"name":"wp","href":"https:\/\/api.w.org\/{rel}","templated":true}]}}