{"id":6630,"date":"2016-01-14T19:47:15","date_gmt":"2016-01-14T18:47:15","guid":{"rendered":"http:\/\/klubmamgdynia.pl\/index.php\/produkt\/dr-browns-322-smoczek-silikonowy-do-butelki-standard-poziom-2-2-pak\/"},"modified":"2026-04-24T05:19:37","modified_gmt":"2026-04-24T03:19:37","slug":"dr-browns-322-smoczek-silikonowy-do-butelki-standard-poziom-2-2-pak","status":"publish","type":"product","link":"http:\/\/klubmamgdynia.pl\/index.php\/produkt\/dr-browns-322-smoczek-silikonowy-do-butelki-standard-poziom-2-2-pak\/","title":{"rendered":"Dr. Brown&#8217;S 322 Smoczek Silikonowy Do Butelki Standard Poziom 2 2-Pak"},"content":{"rendered":"<p>Wszystkie smoczki Dr Browns s\u0105 super mi\u0119kkie i zrobione z najwy\u017cszej jako\u015bci silikonu.Ka\u017cdy rozmiar smoczka zapewnia inn\u0105 szybko\u015b\u0107 przep\u0142ywu. Wymienne smoczki pakowane s\u0105 po 2 sztuki w blistrze.<\/p>\n<h2>Dr. BrownS 322 Smoczek Silikonowy Do Butelki Standard Poziom 2 2-Pak <\/h2>\n<p>\u017carty na prima aprilis dla rodzic\u00f3w, pch\u0142y na noc, miasto dzieci krak\u00f3w, zagadki matematyczne dla dzieci, z\u0142ote my\u015bli cytaty o szkole i nauce, eksperymenty dla dzieci wulkan, co robi\u0107 z dzieckiem w warszawie, bajka terapeutyczna o dokuczaniu, mapa polski do druku, pokemony kolorowanka, imie leon, ninjago kolorowanki, zagadki co to jest, kolorowanka kotek do druku<\/p>\n<p>yyyyy<\/p>\n<p>&nbsp;<\/p>\n","protected":false},"excerpt":{"rendered":"<p>Wszystkie smoczki Dr Browns s\u0105 super mi\u0119kkie i zrobione z najwy\u017cszej jako\u015bci silikonu.Ka\u017cdy rozmiar smoczka zapewnia inn\u0105 szybko\u015b\u0107 przep\u0142ywu. Wymienne smoczki pakowane s\u0105 po 2 sztuki w blistrze. Dr. BrownS 322 Smoczek Silikonowy Do Butelki Standard Poziom 2 2-Pak \u017carty na prima aprilis dla rodzic\u00f3w, pch\u0142y na noc, miasto dzieci krak\u00f3w, zagadki matematyczne dla dzieci, [&hellip;]<\/p>\n","protected":false},"featured_media":6631,"comment_status":"closed","ping_status":"open","template":"","meta":[],"product_cat":[283],"product_tag":[763,622,593,596,643,733],"class_list":["post-6630","product","type-product","status-publish","has-post-thumbnail","hentry","product_cat-smoczki-i-ustniki-do-butelek","product_tag-fabian","product_tag-fajne-zagadki","product_tag-jak-narysowac-konia","product_tag-pomysly-na-prima-aprilis","product_tag-prezent-dla-17-latki","product_tag-zarty-na-prima-aprilis"],"_links":{"self":[{"href":"http:\/\/klubmamgdynia.pl\/index.php\/wp-json\/wp\/v2\/product\/6630","targetHints":{"allow":["GET"]}}],"collection":[{"href":"http:\/\/klubmamgdynia.pl\/index.php\/wp-json\/wp\/v2\/product"}],"about":[{"href":"http:\/\/klubmamgdynia.pl\/index.php\/wp-json\/wp\/v2\/types\/product"}],"replies":[{"embeddable":true,"href":"http:\/\/klubmamgdynia.pl\/index.php\/wp-json\/wp\/v2\/comments?post=6630"}],"wp:featuredmedia":[{"embeddable":true,"href":"http:\/\/klubmamgdynia.pl\/index.php\/wp-json\/wp\/v2\/media\/6631"}],"wp:attachment":[{"href":"http:\/\/klubmamgdynia.pl\/index.php\/wp-json\/wp\/v2\/media?parent=6630"}],"wp:term":[{"taxonomy":"product_cat","embeddable":true,"href":"http:\/\/klubmamgdynia.pl\/index.php\/wp-json\/wp\/v2\/product_cat?post=6630"},{"taxonomy":"product_tag","embeddable":true,"href":"http:\/\/klubmamgdynia.pl\/index.php\/wp-json\/wp\/v2\/product_tag?post=6630"}],"curies":[{"name":"wp","href":"https:\/\/api.w.org\/{rel}","templated":true}]}}