{"id":6634,"date":"2019-11-06T00:37:02","date_gmt":"2019-11-05T23:37:02","guid":{"rendered":"http:\/\/klubmamgdynia.pl\/index.php\/produkt\/lampa-stojaca-lampka-grochy-groszki-niebieska-krop\/"},"modified":"2026-04-03T23:03:19","modified_gmt":"2026-04-03T21:03:19","slug":"lampa-stojaca-lampka-grochy-groszki-niebieska-krop","status":"publish","type":"product","link":"http:\/\/klubmamgdynia.pl\/index.php\/produkt\/lampa-stojaca-lampka-grochy-groszki-niebieska-krop\/","title":{"rendered":"Lampa Stoj\u0105ca Lampka Grochy Groszki Niebieska Krop"},"content":{"rendered":"<p>Lampka nocna Grochy Niebieska Dalber 62001T\u015arednica lampy- 16 cmWysoko\u015b\u0107 lampy &#8211; 29 cmWysoko\u015b\u0107 klosza &#8211; 16 cmZasilanie &#8211; 230 V \/ 50 Hz \/ IP 20Moc \u017car\u00f3wki &#8211; max. 40 WLiczba \u017ar\u00f3de\u0142 \u015bwiat\u0142a &#8211; 1 x max. 40 WTyp \u017car\u00f3wki &#8211; E 14Materia\u0142y &#8211; Tworzywo sztuczneElementy elektryczne &#8211; ( CE )\u017bar\u00f3wka w komplecie &#8211; NieLampa z kablem z prze\u0142\u0105cznikiem z wtyczk\u0105 .Zapraszamy na pozosta\u0142e nasze aukcje!<\/p>\n<h2>Lampa Stoj\u0105ca Lampka Grochy Groszki Niebieska Krop Inny<\/h2>\n<p>oryginalny prezent na roczek dla ch\u0142opca, a \u015bpij kochanie, atrakcje dla dzieci warszawa i okolice, dziwne zagadki, fajne \u017carty na prima aprilis, krecik bajka, \u015bwinka peppa do druku, kuchcikowo przepisy dla dzieci, kielich z hosti\u0105 do druku, rysowanki<\/p>\n<p>yyyyy<\/p>\n<p>&nbsp;<\/p>\n","protected":false},"excerpt":{"rendered":"<p>Lampka nocna Grochy Niebieska Dalber 62001T\u015arednica lampy- 16 cmWysoko\u015b\u0107 lampy &#8211; 29 cmWysoko\u015b\u0107 klosza &#8211; 16 cmZasilanie &#8211; 230 V \/ 50 Hz \/ IP 20Moc \u017car\u00f3wki &#8211; max. 40 WLiczba \u017ar\u00f3de\u0142 \u015bwiat\u0142a &#8211; 1 x max. 40 WTyp \u017car\u00f3wki &#8211; E 14Materia\u0142y &#8211; Tworzywo sztuczneElementy elektryczne &#8211; ( CE )\u017bar\u00f3wka w komplecie &#8211; NieLampa [&hellip;]<\/p>\n","protected":false},"featured_media":6635,"comment_status":"closed","ping_status":"open","template":"","meta":[],"product_cat":[169,138],"product_tag":[765,663,835,661,636],"class_list":["post-6634","product","type-product","status-publish","has-post-thumbnail","hentry","product_cat-inny","product_cat-lampki-dzieciece","product_tag-atrakcje-dla-dzieci-warszawa","product_tag-kolorowanki-dla-dzieci-do-druku","product_tag-radosc-dziecka-cytaty","product_tag-swinka-peppa-kolorowanka","product_tag-teksty-kolysanek"],"_links":{"self":[{"href":"http:\/\/klubmamgdynia.pl\/index.php\/wp-json\/wp\/v2\/product\/6634","targetHints":{"allow":["GET"]}}],"collection":[{"href":"http:\/\/klubmamgdynia.pl\/index.php\/wp-json\/wp\/v2\/product"}],"about":[{"href":"http:\/\/klubmamgdynia.pl\/index.php\/wp-json\/wp\/v2\/types\/product"}],"replies":[{"embeddable":true,"href":"http:\/\/klubmamgdynia.pl\/index.php\/wp-json\/wp\/v2\/comments?post=6634"}],"wp:featuredmedia":[{"embeddable":true,"href":"http:\/\/klubmamgdynia.pl\/index.php\/wp-json\/wp\/v2\/media\/6635"}],"wp:attachment":[{"href":"http:\/\/klubmamgdynia.pl\/index.php\/wp-json\/wp\/v2\/media?parent=6634"}],"wp:term":[{"taxonomy":"product_cat","embeddable":true,"href":"http:\/\/klubmamgdynia.pl\/index.php\/wp-json\/wp\/v2\/product_cat?post=6634"},{"taxonomy":"product_tag","embeddable":true,"href":"http:\/\/klubmamgdynia.pl\/index.php\/wp-json\/wp\/v2\/product_tag?post=6634"}],"curies":[{"name":"wp","href":"https:\/\/api.w.org\/{rel}","templated":true}]}}