{"id":6636,"date":"2010-11-13T15:43:28","date_gmt":"2010-11-13T14:43:28","guid":{"rendered":"http:\/\/klubmamgdynia.pl\/index.php\/produkt\/artyk-koraliki-do-robienia-bransoletek-kreatywny-natalia\/"},"modified":"2026-04-30T17:02:40","modified_gmt":"2026-04-30T15:02:40","slug":"artyk-koraliki-do-robienia-bransoletek-kreatywny-natalia","status":"publish","type":"product","link":"http:\/\/klubmamgdynia.pl\/index.php\/produkt\/artyk-koraliki-do-robienia-bransoletek-kreatywny-natalia\/","title":{"rendered":"Artyk Koraliki Do Robienia Bransoletek Kreatywny Natalia"},"content":{"rendered":"<p>KORALIKI DO ROBIENIA BRANSOLETEK KREATYWNY NATALIAZestaw do robienia bransoletek i naszyjnik\u00f3w z super kolekcji Artyk Natalia.Idealny produkt na prezent lub na d\u0142ug\u0105 oraz efektywn\u0105 zabaw\u0119.W zestawie:10 rodzaj\u00f3w koralik\u00f3w w r\u00f3\u017cnych kszta\u0142tach, kolorach i rozmiarachelastyczna ni\u01073 wzorywym. opk.: 26 x 20 x 3 cmWzory wysy\u0142ane s\u0105 losowo.Wiek 3+<\/p>\n<h2>Artyk Koraliki Do Robienia Bransoletek Kreatywny Natalia Artyk<\/h2>\n<p>domki z rolek po papierze toaletowym, bajki do czytania online, kielich z hosti\u0105 do druku, prezent dla nastolatk\u00f3w 2021, rzadkie imiona \u017ce\u0144skie, test z lektury dzieci z bullerbyn, gabriela imie, karaluchy pod poduchy, zaj\u0119cia kulinarne dla dzieci pomys\u0142y, zak\u0142adka do ksi\u0105\u017cki szablon, bajka o miko\u0142aju do czytania, sentencje o rodzinie, ferie zimowe 2022 warszawa, afryka kazika test, my little pony kolorowanki, peppa do czytania, bajki dla dzieci czytane, prezent na 1 urodziny<\/p>\n<p>yyyyy<\/p>\n<p>&nbsp;<\/p>\n","protected":false},"excerpt":{"rendered":"<p>KORALIKI DO ROBIENIA BRANSOLETEK KREATYWNY NATALIAZestaw do robienia bransoletek i naszyjnik\u00f3w z super kolekcji Artyk Natalia.Idealny produkt na prezent lub na d\u0142ug\u0105 oraz efektywn\u0105 zabaw\u0119.W zestawie:10 rodzaj\u00f3w koralik\u00f3w w r\u00f3\u017cnych kszta\u0142tach, kolorach i rozmiarachelastyczna ni\u01073 wzorywym. opk.: 26 x 20 x 3 cmWzory wysy\u0142ane s\u0105 losowo.Wiek 3+ Artyk Koraliki Do Robienia Bransoletek Kreatywny Natalia Artyk [&hellip;]<\/p>\n","protected":false},"featured_media":6637,"comment_status":"closed","ping_status":"open","template":"","meta":[],"product_cat":[336,21],"product_tag":[639,804,767],"class_list":["post-6636","product","type-product","status-publish","has-post-thumbnail","hentry","product_cat-artyk","product_cat-zabawki-plastyczne","product_tag-nela-imie","product_tag-ryz-z-owocami","product_tag-zaproszenia-urodzinowe-do-druku"],"_links":{"self":[{"href":"http:\/\/klubmamgdynia.pl\/index.php\/wp-json\/wp\/v2\/product\/6636","targetHints":{"allow":["GET"]}}],"collection":[{"href":"http:\/\/klubmamgdynia.pl\/index.php\/wp-json\/wp\/v2\/product"}],"about":[{"href":"http:\/\/klubmamgdynia.pl\/index.php\/wp-json\/wp\/v2\/types\/product"}],"replies":[{"embeddable":true,"href":"http:\/\/klubmamgdynia.pl\/index.php\/wp-json\/wp\/v2\/comments?post=6636"}],"wp:featuredmedia":[{"embeddable":true,"href":"http:\/\/klubmamgdynia.pl\/index.php\/wp-json\/wp\/v2\/media\/6637"}],"wp:attachment":[{"href":"http:\/\/klubmamgdynia.pl\/index.php\/wp-json\/wp\/v2\/media?parent=6636"}],"wp:term":[{"taxonomy":"product_cat","embeddable":true,"href":"http:\/\/klubmamgdynia.pl\/index.php\/wp-json\/wp\/v2\/product_cat?post=6636"},{"taxonomy":"product_tag","embeddable":true,"href":"http:\/\/klubmamgdynia.pl\/index.php\/wp-json\/wp\/v2\/product_tag?post=6636"}],"curies":[{"name":"wp","href":"https:\/\/api.w.org\/{rel}","templated":true}]}}