{"id":6640,"date":"2011-07-16T14:39:25","date_gmt":"2011-07-16T12:39:25","guid":{"rendered":"http:\/\/klubmamgdynia.pl\/index.php\/produkt\/toysik-samochod-terenowy-monster-truck-z-napedem-amortyzatory-136\/"},"modified":"2026-04-06T19:59:12","modified_gmt":"2026-04-06T17:59:12","slug":"toysik-samochod-terenowy-monster-truck-z-napedem-amortyzatory-136","status":"publish","type":"product","link":"http:\/\/klubmamgdynia.pl\/index.php\/produkt\/toysik-samochod-terenowy-monster-truck-z-napedem-amortyzatory-136\/","title":{"rendered":"Toysik Samoch\u00f3d Terenowy Monster Truck Z Nap\u0119dem Amortyzatory 1:36"},"content":{"rendered":"<p>SAMOCH\u00d3D TERENOWY MONSTER TRUCKMa\u0142y pogromca terenu!Niesamowity pojazd do zada\u0144 specjalnych.Niech pozory Ciebie nie zmyl\u0105, mimo swoich niewielkich rozmiar\u00f3w potrafi naprawd\u0119 wiele.Auto zosta\u0142o wykonane z wytrzyma\u0142ego plastiku i zniesie niejedn\u0105 ekstremaln\u0105 jazd\u0119.Du\u017ce gumowe opony pokonaj\u0105 niemal ka\u017cd\u0105 przeszkod\u0119. Wyposa\u017cony w nap\u0119d, dzi\u0119ki kt\u00f3remu nadasz mu przy\u015bpieszenia za pomoc\u0105 jednego pchni\u0119cia. A co ciekawe ten samoch\u00f3d je\u017adzi r\u00f3wnie\u017c do ty\u0142u.Zbuduj tor przeszk\u00f3d i sprawd\u017a co potrafi ten super pojazd.Na miejsca?Gotowi?Start!Urz\u0105d\u017a zawody i sprawd\u017a, kt\u00f3re auto lepiej i szybciej poradzi sobie z torem przeszk\u00f3d.Dba\u0142o\u015b\u0107 o detale zachwyci wszystkich ma\u0142ych pasjonat\u00f3w pojazd\u00f3w ekstremalnej jazdy.Wspania\u0142y samoch\u00f3d, kt\u00f3ry dostarczy mn\u00f3stwo nieko\u0144cz\u0105cej si\u0119 zabawy.Zabawa Monster Truckiem pozwala rozwija\u0107 wyobra\u017ani\u0119 oraz umiej\u0119tno\u015b\u0107 logicznego i nieszablonowego my\u015blenia Twojego dziecka, poprzez tworzenie r\u00f3\u017cnego rodzaju tor\u00f3w do jazdy.Manipulowanie niewielkimi obiektami pomo\u017ce rozwin\u0105\u0107 chwytno\u015b\u0107 ma\u0142ych paluszk\u00f3w. Taka zabawa przygotuje dziecko mi\u0119dzy innymi do pewnego trzymania o\u0142\u00f3wka.Doskona\u0142y pomys\u0142 na prezent dla ma\u0142ego pasjonata motoryzacji.Tworzywo:plastikWymiary auta:9cm x 9,5cm x 8,5cmWymiary opakowania:9cm x 10cm x 9cmZapakowane w estetyczne, kartonowe opakowanie.<\/p>\n<h2>Toysik Samoch\u00f3d Terenowy Monster Truck Z Nap\u0119dem Amortyzatory 1:36 Kik<\/h2>\n<p>wierszyki na dobranoc dla dzieci, kajko i kokosz test z lektury, hobbit, test dynastia mizio\u0142k\u00f3w, kanapeczki na urodziny dziecka, cytaty o mamie, szablon zaproszenia na urodziny do wydruku czarno bia\u0142e, wiersz o g\u00f3rniku, peppa do czytania<\/p>\n<p>yyyyy<\/p>\n<p>&nbsp;<\/p>\n","protected":false},"excerpt":{"rendered":"<p>SAMOCH\u00d3D TERENOWY MONSTER TRUCKMa\u0142y pogromca terenu!Niesamowity pojazd do zada\u0144 specjalnych.Niech pozory Ciebie nie zmyl\u0105, mimo swoich niewielkich rozmiar\u00f3w potrafi naprawd\u0119 wiele.Auto zosta\u0142o wykonane z wytrzyma\u0142ego plastiku i zniesie niejedn\u0105 ekstremaln\u0105 jazd\u0119.Du\u017ce gumowe opony pokonaj\u0105 niemal ka\u017cd\u0105 przeszkod\u0119. Wyposa\u017cony w nap\u0119d, dzi\u0119ki kt\u00f3remu nadasz mu przy\u015bpieszenia za pomoc\u0105 jednego pchni\u0119cia. A co ciekawe ten samoch\u00f3d je\u017adzi [&hellip;]<\/p>\n","protected":false},"featured_media":6641,"comment_status":"closed","ping_status":"open","template":"","meta":[],"product_cat":[83,165],"product_tag":[838,863,705,579],"class_list":["post-6640","product","type-product","status-publish","has-post-thumbnail","hentry","product_cat-auta-i-inne-pojazdy-do-zabawy","product_cat-kik","product_tag-bajki-dla-dzieci-na-dobranoc","product_tag-bajki-dla-dziewczynek","product_tag-prezent-na-roczek-dla-chlopca","product_tag-quiz-opowiesci-z-narnii-lew-czarownica-i-stara-szafa"],"_links":{"self":[{"href":"http:\/\/klubmamgdynia.pl\/index.php\/wp-json\/wp\/v2\/product\/6640","targetHints":{"allow":["GET"]}}],"collection":[{"href":"http:\/\/klubmamgdynia.pl\/index.php\/wp-json\/wp\/v2\/product"}],"about":[{"href":"http:\/\/klubmamgdynia.pl\/index.php\/wp-json\/wp\/v2\/types\/product"}],"replies":[{"embeddable":true,"href":"http:\/\/klubmamgdynia.pl\/index.php\/wp-json\/wp\/v2\/comments?post=6640"}],"wp:featuredmedia":[{"embeddable":true,"href":"http:\/\/klubmamgdynia.pl\/index.php\/wp-json\/wp\/v2\/media\/6641"}],"wp:attachment":[{"href":"http:\/\/klubmamgdynia.pl\/index.php\/wp-json\/wp\/v2\/media?parent=6640"}],"wp:term":[{"taxonomy":"product_cat","embeddable":true,"href":"http:\/\/klubmamgdynia.pl\/index.php\/wp-json\/wp\/v2\/product_cat?post=6640"},{"taxonomy":"product_tag","embeddable":true,"href":"http:\/\/klubmamgdynia.pl\/index.php\/wp-json\/wp\/v2\/product_tag?post=6640"}],"curies":[{"name":"wp","href":"https:\/\/api.w.org\/{rel}","templated":true}]}}