{"id":6642,"date":"2023-09-07T15:03:28","date_gmt":"2023-09-07T13:03:28","guid":{"rendered":"http:\/\/klubmamgdynia.pl\/?post_type=product&#038;p=6642"},"modified":"2026-04-30T11:14:31","modified_gmt":"2026-04-30T09:14:31","slug":"bambam-grzechotka-kula-466602","status":"publish","type":"product","link":"http:\/\/klubmamgdynia.pl\/index.php\/produkt\/bambam-grzechotka-kula-466602\/","title":{"rendered":"Bambam Grzechotka Kula (466602)"},"content":{"rendered":"<p>KULA Z GRZECHOTK\u0104 BAM BAM to idealna zabawka edukacyjna dla dziecka od 6 miesi\u0105ca \u017cycia. Wykonane z mi\u0119kkiej i plastycznej gumy, z nieregularnymi otworami, w pe\u0142ni umo\u017cliwiaj\u0105cymi chwytanie kuli przez ma\u0142e r\u0105czki. Podczas manewr\u00f3w chwytania, ugniatania, turlania oraz potrz\u0105sania, kula wydaje d\u017awi\u0119ki, dzi\u0119ki umieszczonej we wn\u0119trzu grzechotce. Faktura i w\u0142a\u015bciwo\u015bci materia\u0142u, z jakiego zosta\u0142a wykonana kula, pozwala im zawsze powraca\u0107 do pierwotnego kszta\u0142tu. Boczne uchwyty z kolorowymi obr\u0119czami s\u0105 dodatkowym elementem, kt\u00f3ry rozwija zdolno\u015bci manualne oraz urozmaica zabaw\u0119. Zabawka wp\u0142ywa na rozw\u00f3j wielu zmys\u0142\u00f3w, mi\u0119dzy innymi s\u0142uchu, wzroku oraz zdolno\u015bci motorycznych.Produkt mix &#8211; wysy\u0142any losowo. Cena dotyczy jednej sztuki.<\/p>\n<h2>Bambam Grzechotka Kula (466602) Bam Bam<\/h2>\n<p>nietypowe imiona, imie iwo, zagadki logiczne dla dzieci, gry i zabawy dla dzieci, prezent dla nastolatka, rado\u015b\u0107 dziecka cytaty, julian znaczenie imienia, molo w brze\u017anie, jak zrobi\u0107 samolot z papieru, testy z lektury miko\u0142ajek, aniela znaczenie imienia<\/p>\n<p>yyyyy<\/p>\n<p>&nbsp;<\/p>\n","protected":false},"excerpt":{"rendered":"<p>KULA Z GRZECHOTK\u0104 BAM BAM to idealna zabawka edukacyjna dla dziecka od 6 miesi\u0105ca \u017cycia. Wykonane z mi\u0119kkiej i plastycznej gumy, z nieregularnymi otworami, w pe\u0142ni umo\u017cliwiaj\u0105cymi chwytanie kuli przez ma\u0142e r\u0105czki. Podczas manewr\u00f3w chwytania, ugniatania, turlania oraz potrz\u0105sania, kula wydaje d\u017awi\u0119ki, dzi\u0119ki umieszczonej we wn\u0119trzu grzechotce. Faktura i w\u0142a\u015bciwo\u015bci materia\u0142u, z jakiego zosta\u0142a wykonana [&hellip;]<\/p>\n","protected":false},"featured_media":6643,"comment_status":"closed","ping_status":"open","template":"","meta":[],"product_cat":[1485,63],"product_tag":[650,848,687,577],"class_list":["post-6642","product","type-product","status-publish","has-post-thumbnail","hentry","product_cat-bam-bam","product_cat-grzechotki-i-gryzaki","product_tag-choinka-z-bibuly","product_tag-cytat-o-rodzinie","product_tag-podchwytliwe-zagadki-matematyczne","product_tag-znaki-drogowe-test"],"_links":{"self":[{"href":"http:\/\/klubmamgdynia.pl\/index.php\/wp-json\/wp\/v2\/product\/6642","targetHints":{"allow":["GET"]}}],"collection":[{"href":"http:\/\/klubmamgdynia.pl\/index.php\/wp-json\/wp\/v2\/product"}],"about":[{"href":"http:\/\/klubmamgdynia.pl\/index.php\/wp-json\/wp\/v2\/types\/product"}],"replies":[{"embeddable":true,"href":"http:\/\/klubmamgdynia.pl\/index.php\/wp-json\/wp\/v2\/comments?post=6642"}],"wp:featuredmedia":[{"embeddable":true,"href":"http:\/\/klubmamgdynia.pl\/index.php\/wp-json\/wp\/v2\/media\/6643"}],"wp:attachment":[{"href":"http:\/\/klubmamgdynia.pl\/index.php\/wp-json\/wp\/v2\/media?parent=6642"}],"wp:term":[{"taxonomy":"product_cat","embeddable":true,"href":"http:\/\/klubmamgdynia.pl\/index.php\/wp-json\/wp\/v2\/product_cat?post=6642"},{"taxonomy":"product_tag","embeddable":true,"href":"http:\/\/klubmamgdynia.pl\/index.php\/wp-json\/wp\/v2\/product_tag?post=6642"}],"curies":[{"name":"wp","href":"https:\/\/api.w.org\/{rel}","templated":true}]}}