{"id":6644,"date":"2017-01-24T00:27:45","date_gmt":"2017-01-23T23:27:45","guid":{"rendered":"http:\/\/klubmamgdynia.pl\/index.php\/produkt\/bim-bla-bim-bla-przytulanka-kroliczek-huggy-bezowy\/"},"modified":"2026-04-12T16:36:49","modified_gmt":"2026-04-12T14:36:49","slug":"bim-bla-bim-bla-przytulanka-kroliczek-huggy-bezowy","status":"publish","type":"product","link":"http:\/\/klubmamgdynia.pl\/index.php\/produkt\/bim-bla-bim-bla-przytulanka-kroliczek-huggy-bezowy\/","title":{"rendered":"Bim Bla Bim.Bla Przytulanka Kr\u00f3liczek Huggy Be\u017cowy"},"content":{"rendered":"<p>Wspania\u0142y pierwszy przyjaciel &#8211; do przytulania, tarmoszenia i pokochania. D\u0142ugouchy kr\u00f3liczek Huggy to maluszkowe must have. Przytulanka w formie kocyka zosta\u0142a uszyta z mi\u0119ciutkiego i delikatnego mu\u015blinu. Mo\u017cna go g\u0142aska\u0107, ci\u0105gn\u0105\u0107 za uszy i podgryza\u0107, a w porze drzemki utuli\u0107 do snu. Delikatna tkanina przechowuje znajome zapachy przynosz\u0105c poczucie bezpiecze\u0144stwa. Znakomity pomys\u0142 na elegancki i funkcjonalny upominek na baby shower lub powitalny prezent dla male\u0144stwa. Akcesoria polskiej marki Bim.Bla s\u0105 stylowym po\u0142\u0105czeniem tradycji z nowoczesnym wzornictwem. Wiek: 0+Wymiary: 37 cm x 37 cmMateria\u0142: 100% bawe\u0142naPosiada certyfikat Oeko-Tex Standard 100Mo\u017cna pra\u0107 automatycznie i prasowa\u0107<\/p>\n<h2>Bim Bla Bim.Bla Przytulanka Kr\u00f3liczek Huggy Be\u017cowy Bim Bla<\/h2>\n<p>znane misie z film\u00f3w animowanych, samolot kolorowanka, kolorowanki dla dziewczyn, bajka na dobranoc, bajki na dobranoc psi patrol, zagadki \u015bmieszne dla dzieci, czytanki na dobranoc, kawaly na prima aprilis, prezent dla dziecka 1 rok, akademia pana kleksa test do druku, trudne zagadki dla dzieci, mi\u015b z filmu animowanego, prezenty dla rocznego dziecka, \u017carty na prima aprilis dla ch\u0142opaka, jagna imi\u0119, trudne zagadki logiczne, pomys\u0142 na prezent dla nastolatk\u00f3w, zagadki trudne<\/p>\n<p>yyyyy<\/p>\n<p>&nbsp;<\/p>\n","protected":false},"excerpt":{"rendered":"<p>Wspania\u0142y pierwszy przyjaciel &#8211; do przytulania, tarmoszenia i pokochania. D\u0142ugouchy kr\u00f3liczek Huggy to maluszkowe must have. Przytulanka w formie kocyka zosta\u0142a uszyta z mi\u0119ciutkiego i delikatnego mu\u015blinu. Mo\u017cna go g\u0142aska\u0107, ci\u0105gn\u0105\u0107 za uszy i podgryza\u0107, a w porze drzemki utuli\u0107 do snu. Delikatna tkanina przechowuje znajome zapachy przynosz\u0105c poczucie bezpiecze\u0144stwa. Znakomity pomys\u0142 na elegancki i [&hellip;]<\/p>\n","protected":false},"featured_media":6645,"comment_status":"closed","ping_status":"open","template":"","meta":[],"product_cat":[182,63],"product_tag":[650,618,659,796],"class_list":["post-6644","product","type-product","status-publish","has-post-thumbnail","hentry","product_cat-bim-bla","product_cat-grzechotki-i-gryzaki","product_tag-choinka-z-bibuly","product_tag-lato-lato-lato-czeka-tekst","product_tag-tupu-tup-po-sniegu-tekst","product_tag-zagatki"],"_links":{"self":[{"href":"http:\/\/klubmamgdynia.pl\/index.php\/wp-json\/wp\/v2\/product\/6644","targetHints":{"allow":["GET"]}}],"collection":[{"href":"http:\/\/klubmamgdynia.pl\/index.php\/wp-json\/wp\/v2\/product"}],"about":[{"href":"http:\/\/klubmamgdynia.pl\/index.php\/wp-json\/wp\/v2\/types\/product"}],"replies":[{"embeddable":true,"href":"http:\/\/klubmamgdynia.pl\/index.php\/wp-json\/wp\/v2\/comments?post=6644"}],"wp:featuredmedia":[{"embeddable":true,"href":"http:\/\/klubmamgdynia.pl\/index.php\/wp-json\/wp\/v2\/media\/6645"}],"wp:attachment":[{"href":"http:\/\/klubmamgdynia.pl\/index.php\/wp-json\/wp\/v2\/media?parent=6644"}],"wp:term":[{"taxonomy":"product_cat","embeddable":true,"href":"http:\/\/klubmamgdynia.pl\/index.php\/wp-json\/wp\/v2\/product_cat?post=6644"},{"taxonomy":"product_tag","embeddable":true,"href":"http:\/\/klubmamgdynia.pl\/index.php\/wp-json\/wp\/v2\/product_tag?post=6644"}],"curies":[{"name":"wp","href":"https:\/\/api.w.org\/{rel}","templated":true}]}}