{"id":6646,"date":"2013-01-07T18:50:01","date_gmt":"2013-01-07T17:50:01","guid":{"rendered":"http:\/\/klubmamgdynia.pl\/index.php\/produkt\/chicco-multiway-evo-95-black-spacerowy\/"},"modified":"2026-04-06T18:55:24","modified_gmt":"2026-04-06T16:55:24","slug":"chicco-multiway-evo-95-black-spacerowy","status":"publish","type":"product","link":"http:\/\/klubmamgdynia.pl\/index.php\/produkt\/chicco-multiway-evo-95-black-spacerowy\/","title":{"rendered":"Chicco Multiway Evo 95 Black Spacerowy"},"content":{"rendered":"<p>Chicco W\u00f3zek Spacerowy MULTIWAY EVO<\/p>\n<p>Produkt dedykowany dla:- dziecka w wieku od pierwszych dni \u017cycia, &#8211; rodzic\u00f3w poszukuj\u0105cych w\u00f3zka, kt\u00f3ry sprawdzi si\u0119 w terenie i na ka\u017cdej nawierzchni,- rodzic\u00f3w poszukuj\u0105cych w\u00f3zka wspomagaj\u0105cego ochron\u0119 przed promieniami UV,- rodzic\u00f3w potrzebuj\u0105cych dodatkowych akcesori\u00f3w na ka\u017cd\u0105 pogod\u0119.W\u00f3zek MULTIWAY EVO to dynamiczny, lekki, sportowy w\u00f3zek. Dzi\u0119ki du\u017cym, podw\u00f3jnym ko\u0142om \u0142atwy jest w prowadzeniu zar\u00f3wno w mie\u015bcie, jak i poza miastem. Du\u017ce ko\u0142a umo\u017cliwiaj\u0105 manewrowanie na ka\u017cdym typie nawierzchni, a wype\u0142nienie chroni ko\u0142a przed brudem i \u015bniegiem. W\u00f3zek jest lekki i stabilny. Wyposa\u017cony jest w przednie i tylne amortyzatory oraz elementy odblaskowe dla zwi\u0119kszenia bezpiecze\u0144stwa podczas wieczornych spacer\u00f3w. 5-cio stopniowe, w pe\u0142ni rozk\u0142adane oparcie zapewnia te\u017c wygod\u0119 dziecku w ka\u017cdej pozycji. Pe\u0142n\u0105 ochron\u0119 przed warunkami atmosferycznymi zapewnia obszerna budka ze specjaln\u0105 wstawk\u0105 z filtrem UV 50 +, kt\u00f3ra zapewnia maksymaln\u0105 ochron\u0119 przed promieniami s\u0142onecznymi. W daszku znajduje si\u0119 tak\u017ce okienko do podgl\u0105dania dziecka w trakcie spaceru. W\u00f3zek wyposa\u017cony jest we wszystkie niezb\u0119dne akcesoria: now\u0105, wypinan\u0105 barierk\u0119 ochronn\u0105, kt\u00f3rej nie trzeba demontowa\u0107 przed z\u0142o\u017ceniem w\u00f3zka, ciep\u0142y \u015bpiworek, okrycie przeciwdeszczowe, daszek z dodatkow\u0105 tyln\u0105 os\u0142on\u0105 przeciws\u0142oneczn\u0105, pojemny kosz na zakupy, r\u0105czk\u0119 do przenoszenia z\u0142o\u017conej spacer\u00f3wki.                             <\/p>\n<p>            W\u00f3zek dost\u0119pny jest w 5 kolorach.<\/p>\n<h2>Chicco Multiway Evo 95 Black Spacerowy Chicco<\/h2>\n<p>cytat na dzie\u0144 matki, kolorowanki wakacje, prezenty dla m\u0142odzie\u017cy, jak narysowa\u0107 \u017cab\u0119, uk\u0142ad s\u0142oneczny dla dzieci do druku, proste przepisy dla dzieci<\/p>\n<p>yyyyy<\/p>\n<p>&nbsp;<\/p>\n","protected":false},"excerpt":{"rendered":"<p>Chicco W\u00f3zek Spacerowy MULTIWAY EVO Produkt dedykowany dla:- dziecka w wieku od pierwszych dni \u017cycia, &#8211; rodzic\u00f3w poszukuj\u0105cych w\u00f3zka, kt\u00f3ry sprawdzi si\u0119 w terenie i na ka\u017cdej nawierzchni,- rodzic\u00f3w poszukuj\u0105cych w\u00f3zka wspomagaj\u0105cego ochron\u0119 przed promieniami UV,- rodzic\u00f3w potrzebuj\u0105cych dodatkowych akcesori\u00f3w na ka\u017cd\u0105 pogod\u0119.W\u00f3zek MULTIWAY EVO to dynamiczny, lekki, sportowy w\u00f3zek. Dzi\u0119ki du\u017cym, podw\u00f3jnym ko\u0142om \u0142atwy [&hellip;]<\/p>\n","protected":false},"featured_media":6647,"comment_status":"closed","ping_status":"open","template":"","meta":[],"product_cat":[312,71],"product_tag":[863,598,719,818,717],"class_list":["post-6646","product","type-product","status-publish","has-post-thumbnail","hentry","product_cat-chicco","product_cat-wozki-spacerowe","product_tag-bajki-dla-dziewczynek","product_tag-co-na-roczek-dla-dziewczynki","product_tag-dziecko-cytaty-zlote-mysli","product_tag-oliwier","product_tag-prezent-roczek"],"_links":{"self":[{"href":"http:\/\/klubmamgdynia.pl\/index.php\/wp-json\/wp\/v2\/product\/6646","targetHints":{"allow":["GET"]}}],"collection":[{"href":"http:\/\/klubmamgdynia.pl\/index.php\/wp-json\/wp\/v2\/product"}],"about":[{"href":"http:\/\/klubmamgdynia.pl\/index.php\/wp-json\/wp\/v2\/types\/product"}],"replies":[{"embeddable":true,"href":"http:\/\/klubmamgdynia.pl\/index.php\/wp-json\/wp\/v2\/comments?post=6646"}],"wp:featuredmedia":[{"embeddable":true,"href":"http:\/\/klubmamgdynia.pl\/index.php\/wp-json\/wp\/v2\/media\/6647"}],"wp:attachment":[{"href":"http:\/\/klubmamgdynia.pl\/index.php\/wp-json\/wp\/v2\/media?parent=6646"}],"wp:term":[{"taxonomy":"product_cat","embeddable":true,"href":"http:\/\/klubmamgdynia.pl\/index.php\/wp-json\/wp\/v2\/product_cat?post=6646"},{"taxonomy":"product_tag","embeddable":true,"href":"http:\/\/klubmamgdynia.pl\/index.php\/wp-json\/wp\/v2\/product_tag?post=6646"}],"curies":[{"name":"wp","href":"https:\/\/api.w.org\/{rel}","templated":true}]}}