{"id":6648,"date":"2012-05-22T16:04:14","date_gmt":"2012-05-22T14:04:14","guid":{"rendered":"http:\/\/klubmamgdynia.pl\/index.php\/produkt\/wiszacy-organizer-worek-na-zabawki-58x20cm-szary\/"},"modified":"2026-04-20T18:37:16","modified_gmt":"2026-04-20T16:37:16","slug":"wiszacy-organizer-worek-na-zabawki-58x20cm-szary","status":"publish","type":"product","link":"http:\/\/klubmamgdynia.pl\/index.php\/produkt\/wiszacy-organizer-worek-na-zabawki-58x20cm-szary\/","title":{"rendered":"Wisz\u0105cy Organizer Worek Na Zabawki 58X20Cm Szary"},"content":{"rendered":"<p>Wisz\u0105cy organizer wykonany z wytrzyma\u0142ego materia\u0142u. Posiada trzy wzorzyste i pojemne kieszenie na drobiazgi oraz mocny drewniany dr\u0105\u017cek. Modna i praktyczna dekoracja wn\u0119trza. Dost\u0119pny w kolorze \u017c\u00f3\u0142tym. Wymiary: 58x20cm.<\/p>\n<h2>Wisz\u0105cy Organizer Worek Na Zabawki 58X20Cm Szary Kik<\/h2>\n<p>zagadki matematyczne logiczne, pranki na prima aprilis dla rodzic\u00f3w, kr\u00f3tkie bajki dla dzieci, prezent dla 16 latki, piosenka dla taty przedszkole, krecik bajka, miasto dzieci, lukrecja imie, atrakcje dla dzieci warszawa, pokoloruj wed\u0142ug wzoru, zagadki wielkanocne dla dzieci, karolcia test z lektury<\/p>\n<p>yyyyy<\/p>\n<p>&nbsp;<\/p>\n","protected":false},"excerpt":{"rendered":"<p>Wisz\u0105cy organizer wykonany z wytrzyma\u0142ego materia\u0142u. Posiada trzy wzorzyste i pojemne kieszenie na drobiazgi oraz mocny drewniany dr\u0105\u017cek. Modna i praktyczna dekoracja wn\u0119trza. Dost\u0119pny w kolorze \u017c\u00f3\u0142tym. Wymiary: 58x20cm. Wisz\u0105cy Organizer Worek Na Zabawki 58X20Cm Szary Kik zagadki matematyczne logiczne, pranki na prima aprilis dla rodzic\u00f3w, kr\u00f3tkie bajki dla dzieci, prezent dla 16 latki, piosenka [&hellip;]<\/p>\n","protected":false},"featured_media":6649,"comment_status":"closed","ping_status":"open","template":"","meta":[],"product_cat":[165,990],"product_tag":[780,645,857,805],"class_list":["post-6648","product","type-product","status-publish","has-post-thumbnail","hentry","product_cat-kik","product_cat-skrzynie-i-pojemniki-na-zabawki","product_tag-krecik-bajka","product_tag-latwe-zagadki","product_tag-zagadki-dla-dzieci-7-8-lat","product_tag-znaczenie-imienia-alan"],"_links":{"self":[{"href":"http:\/\/klubmamgdynia.pl\/index.php\/wp-json\/wp\/v2\/product\/6648","targetHints":{"allow":["GET"]}}],"collection":[{"href":"http:\/\/klubmamgdynia.pl\/index.php\/wp-json\/wp\/v2\/product"}],"about":[{"href":"http:\/\/klubmamgdynia.pl\/index.php\/wp-json\/wp\/v2\/types\/product"}],"replies":[{"embeddable":true,"href":"http:\/\/klubmamgdynia.pl\/index.php\/wp-json\/wp\/v2\/comments?post=6648"}],"wp:featuredmedia":[{"embeddable":true,"href":"http:\/\/klubmamgdynia.pl\/index.php\/wp-json\/wp\/v2\/media\/6649"}],"wp:attachment":[{"href":"http:\/\/klubmamgdynia.pl\/index.php\/wp-json\/wp\/v2\/media?parent=6648"}],"wp:term":[{"taxonomy":"product_cat","embeddable":true,"href":"http:\/\/klubmamgdynia.pl\/index.php\/wp-json\/wp\/v2\/product_cat?post=6648"},{"taxonomy":"product_tag","embeddable":true,"href":"http:\/\/klubmamgdynia.pl\/index.php\/wp-json\/wp\/v2\/product_tag?post=6648"}],"curies":[{"name":"wp","href":"https:\/\/api.w.org\/{rel}","templated":true}]}}