{"id":6652,"date":"2018-01-14T10:01:10","date_gmt":"2018-01-14T09:01:10","guid":{"rendered":"http:\/\/klubmamgdynia.pl\/index.php\/produkt\/alexander-piaskowe-malowanki-pies-i-motyl-2466\/"},"modified":"2026-05-17T21:16:40","modified_gmt":"2026-05-17T19:16:40","slug":"alexander-piaskowe-malowanki-pies-i-motyl-2466","status":"publish","type":"product","link":"http:\/\/klubmamgdynia.pl\/index.php\/produkt\/alexander-piaskowe-malowanki-pies-i-motyl-2466\/","title":{"rendered":"Alexander Piaskowe malowanki Pies i Motyl 2466"},"content":{"rendered":"<p>Piaskowe Malowanki \u2013 Pies, MotylUwielbiana przez dzieci, artystyczna zabawa malowania piaskiem, polegaj\u0105ca na ods\u0142anianiu kolejno poszczeg\u00f3lnych, naci\u0119tych element\u00f3w obrazka, tak by odkry\u0107 klej\u0105c\u0105 powierzchni\u0119. Ods\u0142oni\u0119te elementy posypuje si\u0119 piaskiem, w kolorze zgodnym ze wzorem lub wed\u0142ug w\u0142asnej wyobra\u017ani, tworz\u0105c pi\u0119kn\u0105 ilustracj\u0119.Jak Piaskowe Malowanki stymuluj\u0105 rozw\u00f3j dziecka?\u2022 Nawet dziecko niemaj\u0105ce zdolno\u015bci artystycznych nabiera wiary w swoje mo\u017cliwo\u015bci (ka\u017cdemu udaje si\u0119 stworzy\u0107 co\u015b pi\u0119knego).\u2022 W trakcie zabawy dziecko doskonali swoje zdolno\u015bci manualne, w tym g\u0142\u00f3wnie precyzj\u0119 ruch\u00f3w, a tak\u017ce zr\u0119czno\u015b\u0107 i koordynacj\u0119 wzrokowo-ruchow\u0105.\u2022 Zabawa z Piaskowymi Malowankami pozytywnie wp\u0142ywa na prawid\u0142owy rozw\u00f3j integracji sensorycznej. Co za tym idzie ma niebagatelny wp\u0142yw na powstawanie nowych po\u0142\u0105cze\u0144 mi\u0119dzy neuronami.\u2022 Rozwija kreatywno\u015bci i wyobra\u017ani\u0119 dziecka.\u2022 \u0106wiczy koncentracj\u0119.\u2022 Dzia\u0142a relaksuj\u0105co.Zawarto\u015b\u0107 opakowania2 obrazki do kolorowania, patyczek, 10 woreczk\u00f3w kolorowego piasku, instrukcja                            <\/p>\n<p>Jak si\u0119 bawi\u0107                            <\/p>\n<p>Przygotuj stanowisko pracy. Roz\u0142\u00f3\u017c na stole podk\u0142ad ochronny za\u0142\u0105czony w opakowaniu.                            <\/p>\n<p>Za pomoc\u0105 patyczka podwa\u017c wybrany element maskuj\u0105cy obrazka.                            <\/p>\n<p>Odklej podwa\u017cony element, tak, by ods\u0142oni\u0107 klej\u0105c\u0105 powierzchni\u0119.                            <\/p>\n<p>Posyp piaskiem w odpowiednim kolorze ods\u0142oni\u0119ty, lepki fragment obrazka. Zalecamy rozpocz\u0105\u0107 prac\u0119 od ciemniejszych kolor\u00f3w.                            <\/p>\n<p>W celu r\u00f3wnomiernego pokrycia klej\u0105cej powierzchni, rozsmaruj piasek palcami.                            <\/p>\n<p>Nadmiar piasku strz\u0105\u015bnij ostro\u017cnie na podk\u0142ad.                            <\/p>\n<p>Strz\u0105\u015bni\u0119ty piasek przesyp z powrotem do woreczka.                            <\/p>\n<p>Powt\u00f3rz wybrane czynno\u015bci z kolejnymi fragmentami obrazka, a\u017c do uzupe\u0142nienia piaskami wszystkich lepkich p\u0142aszczyzn.                            <\/p>\n<p>Zobacz film o grze                            <\/p>\n<p>Produkty                            <\/p>\n<p>            Alexander Piaskowe Malowanki Panda Wielb\u0142\u0105d 2464<\/p>\n<p>            Alexander Piaskowe malowanki Foka i Klaun<\/p>\n<p>            Alexander Piaskowe malowanki Auto i Rakieta 2465<\/p>\n<p>            Alexander Piaskowe malowanki Pies i Motyl 2466<\/p>\n<p>            Alexander Piaskowe Malowanki Ptaszki Motyle 2096<\/p>\n<p>            Opinia od t&#8230;a2021-06-23<\/p>\n<p>                Bez zastrze\u017ce\u0144<\/p>\n<p>            Alexander Piaskowe Malowanki Ksi\u0119\u017cniczka Jednoro\u017cec 2095<\/p>\n<p>            Opinia od U\u017cytkownik Ceneo2019-11-07<\/p>\n<p>                4,5\/5<\/p>\n<p>            Alexander Piaskowe Malowanki Koparka Traktor 2094<\/p>\n<p>            Opinia od a&#8230;a2020-06-19<\/p>\n<p>                Super frajda dla dzieciak\u00f3w! <\/p>\n<p>            Alexander Piaskowe Malowanki Policjant Stra\u017cak 2093<\/p>\n<p>            Opinia od B&#8230;a2021-10-27<\/p>\n<p>                Malowanki zakupi\u0142am na prezent dla bratanka, kt\u00f3ry jest fanem s\u0142u\u017cb mundurowych. A znam ten rodzaj zada\u0144 dla dziecka, jest naprawd\u0119 ciekawy, wymaga dok\u0142adno\u015bci i precyzji, uczy koncentracji, a efekt ko\u0144cowy jest super dekoracj\u0105,. <\/p>\n<p>            Alexander Piaskowe Malowanki Syrenka Delfin 2092<\/p>\n<p>            Opinia od U\u017cytkownik Ceneo2019-11-07<\/p>\n<p>                4,5\/5<\/p>\n<p>            Alexander Piaskowe Malowanki Astronauta Helikopter 2091<\/p>\n<p>            Opinia od Marta2019-08-09<\/p>\n<p>                Polecam, bardzo zajmuj\u0105ca zabawa. Dwulatek zdecydowanie wymaga pomocy przy wysypywaniu obrazka.<\/p>\n<p>            Alexander Piaskowe Malowanki Piesek Kotek 1880<\/p>\n<p>            Opinia od Wies\u0142awa2018-10-19<\/p>\n<p>                dziewczynki zachwycone, uwielbiaj\u0105 malowa\u0107 , uczy precyzji <\/p>\n<p>            Alexander Piaskowe Malowanki Malarz Konik 1879<\/p>\n<p>            Alexander Piaskowe Malowanki Krowa Kura 1878<\/p>\n<p>            Opinia od Katarzyna2018-10-19<\/p>\n<p>                super zabawa<\/p>\n<p>            Alexander Piaskowe Malowanki Kr\u00f3l Czarodziej 1877<\/p>\n<p>            Opinia od p&#8230;72022-04-19<\/p>\n<p>                ciekawa propozycja \u0142\u0105czenia plecaka z maskotk\u0105<\/p>\n<p>            Alexander Piaskowe Malowanki Kowboj Indianin 1876<\/p>\n<p>            Alexander Piaskowe Malowanki Poci\u0105g Samolot 1881<\/p>\n<p>            Opinia od U\u017cytkownik Ceneo2020-04-15<\/p>\n<p>                Dziecko zachwycone \ud83d\ude42<\/p>\n<p>            Alexander Piaskowe Malowanki Klaun Pirat 1874<\/p>\n<h2>Alexander Piaskowe malowanki Pies i Motyl 2466 Alexander<\/h2>\n<p>prezent na roczek dla chlopca, kolorowanki do wydruku, test opowie\u015b\u0107 wigilijna, lidia imie, prezent dla 17 latki, na roczek dla ch\u0142opca, wzory dyplom\u00f3w do pobrania<\/p>\n<p>yyyyy<\/p>\n<p>&nbsp;<\/p>\n","protected":false},"excerpt":{"rendered":"<p>Piaskowe Malowanki \u2013 Pies, MotylUwielbiana przez dzieci, artystyczna zabawa malowania piaskiem, polegaj\u0105ca na ods\u0142anianiu kolejno poszczeg\u00f3lnych, naci\u0119tych element\u00f3w obrazka, tak by odkry\u0107 klej\u0105c\u0105 powierzchni\u0119. Ods\u0142oni\u0119te elementy posypuje si\u0119 piaskiem, w kolorze zgodnym ze wzorem lub wed\u0142ug w\u0142asnej wyobra\u017ani, tworz\u0105c pi\u0119kn\u0105 ilustracj\u0119.Jak Piaskowe Malowanki stymuluj\u0105 rozw\u00f3j dziecka?\u2022 Nawet dziecko niemaj\u0105ce zdolno\u015bci artystycznych nabiera wiary w swoje [&hellip;]<\/p>\n","protected":false},"featured_media":6653,"comment_status":"closed","ping_status":"open","template":"","meta":[],"product_cat":[246,21],"product_tag":[702,727,752,677,810,687],"class_list":["post-6652","product","type-product","status-publish","has-post-thumbnail","hentry","product_cat-alexander","product_cat-zabawki-plastyczne","product_tag-co-kupic-na-roczek-dla-dziewczynki","product_tag-godlo-polski-do-druku","product_tag-kuba-imie","product_tag-milosz-imie","product_tag-nauka-zegara-do-druku","product_tag-podchwytliwe-zagadki-matematyczne"],"_links":{"self":[{"href":"http:\/\/klubmamgdynia.pl\/index.php\/wp-json\/wp\/v2\/product\/6652","targetHints":{"allow":["GET"]}}],"collection":[{"href":"http:\/\/klubmamgdynia.pl\/index.php\/wp-json\/wp\/v2\/product"}],"about":[{"href":"http:\/\/klubmamgdynia.pl\/index.php\/wp-json\/wp\/v2\/types\/product"}],"replies":[{"embeddable":true,"href":"http:\/\/klubmamgdynia.pl\/index.php\/wp-json\/wp\/v2\/comments?post=6652"}],"wp:featuredmedia":[{"embeddable":true,"href":"http:\/\/klubmamgdynia.pl\/index.php\/wp-json\/wp\/v2\/media\/6653"}],"wp:attachment":[{"href":"http:\/\/klubmamgdynia.pl\/index.php\/wp-json\/wp\/v2\/media?parent=6652"}],"wp:term":[{"taxonomy":"product_cat","embeddable":true,"href":"http:\/\/klubmamgdynia.pl\/index.php\/wp-json\/wp\/v2\/product_cat?post=6652"},{"taxonomy":"product_tag","embeddable":true,"href":"http:\/\/klubmamgdynia.pl\/index.php\/wp-json\/wp\/v2\/product_tag?post=6652"}],"curies":[{"name":"wp","href":"https:\/\/api.w.org\/{rel}","templated":true}]}}