{"id":6654,"date":"2016-12-20T23:12:22","date_gmt":"2016-12-20T22:12:22","guid":{"rendered":"http:\/\/klubmamgdynia.pl\/index.php\/produkt\/luxma-duzy-woz-policja-rozkladany-w-parking-garaz-2w1-56\/"},"modified":"2026-04-30T09:12:15","modified_gmt":"2026-04-30T07:12:15","slug":"luxma-duzy-woz-policja-rozkladany-w-parking-garaz-2w1-56","status":"publish","type":"product","link":"http:\/\/klubmamgdynia.pl\/index.php\/produkt\/luxma-duzy-woz-policja-rozkladany-w-parking-garaz-2w1-56\/","title":{"rendered":"Luxma Du\u017cy W\u00f3z Policja Rozk\u0142adany W Parking Gara\u017c 2W1 56"},"content":{"rendered":"<p>DU\u017bY W\u00d3Z POLICJA ROZK\u0141ADANY W TOR PARKING GARA\u017b D\u0179WI\u0118KSamoch\u00f3d policyjny to \u015bwietna zabawka dla maluch\u00f3w. Twoje dziecko broni prawa i porz\u0105dku w Twoim domu? \ud83d\ude00 To zabawka idealna dla Twojego Malucha :)2w1 samoch\u00f3d policyjny i parking-gara\u017c!!!Zabawka posiada d\u017awi\u0119ki, \u015bwiat\u0142a i metalowe pojazdy!Wymiary roz\u0142o\u017conego parkingu gara\u017cu: 86 x 39,5 x 19 cmWiek: 3+Zabawka posiada certyfikat CE, EN71.1. Samoch\u00f3d posiada uchwyt do wygodnego transportowania.2. Na g\u00f3rze znajduj\u0105 si\u0119 4 przyciski, kt\u00f3re aktywuj\u0105:d\u017awi\u0119k syrenyd\u017awi\u0119k zapalanego silnikad\u017awi\u0119k klaksonud\u017awi\u0119k jad\u0105cego samochoduWszystkim d\u017awi\u0119kom towarzyszy migaj\u0105ce czerwone \u015bwiat\u0142o z koguta!3. W zestawie znajdziemy: dwa samochodu metalowe (czo\u0142g i samoch\u00f3d opancerzony) oraz helikopter metalowy.4. Pozosta\u0142e elementy zestawu to: dwie latarnie, 6 r\u00f3\u017cnych znak\u00f3w drogowych, dwie flagi oraz dwie sygnalizacje \u015bwietlne.5. Roz\u0142o\u017cony parking gara\u017c posiada:uliczkimostl\u0105dowiskomyjni\u0119 obrotow\u0105warsztatstacj\u0119 paliwotwierane gara\u017ceOGROMNY SAMOCH\u00d3D \/ TORWymiary opakowania: 43 x 19,5 x 22,5 cmWymiary roz\u0142o\u017conego parkingu gara\u017cu: 86 x 39,5 x 19 cmWymiary z\u0142o\u017conego samochodu: 39 x 16 x 19 cmWymiary samochodzik\u00f3w: 7 x 3 x 3 cmWymiary helikoptera: 9 x 3 x m cmBaterie: 2 x AA (Brak w zestawie)Wiek: 3+Zabawka posiada certyfikat CE, EN71.Samoch\u00f3d posiada uchwyt do wygodnego transportowania.Na g\u00f3rze znajduj\u0105 si\u0119 4 przyciski, kt\u00f3re aktywuj\u0105:d\u017awi\u0119k syrenyd\u017awi\u0119k zapalanego silnikad\u017awi\u0119k klaksonud\u017awi\u0119k jad\u0105cego samochoduWszystkim d\u017awi\u0119kom towarzyszy migaj\u0105ce czerwone \u015bwiat\u0142o z koguta!W sk\u0142ad zestawu wchodzi:rozk\u0142adany w tor samoch\u00f3d policyjnydwa samochody metalowe (czo\u0142g i samoch\u00f3d opancerzony)helikopter metalowydwie latarnie6 r\u00f3\u017cnych znak\u00f3w drogowychdwie flagi2 sygnalizacje \u015bwietlneRoz\u0142o\u017cony parking gara\u017c posiada:uliczkimostl\u0105dowiskomyjni\u0119 obrotow\u0105warsztatstacj\u0119 paliwotwierane gara\u017ceZestaw zapakowany w \u0142adne kolorowe pude\u0142ko, idealnie nadaje si\u0119 na prezent.<\/p>\n<h2>Luxma Du\u017cy W\u00f3z Policja Rozk\u0142adany W Parking Gara\u017c 2W1 56 Luxma<\/h2>\n<p>kolorowanka peppa, kolorowanki lego ninjago, kwiecien plecien, mapa polski do druku, sporty po francusku, co kupi\u0107 nastolatce na urodziny, quiz znaki drogowe, adriana imie, pomys\u0142y na dzie\u0144 dziecka dla nastolatk\u00f3w, okolice wroc\u0142awia atrakcje, lato lato lato czeka tekst, znaczenie imienia pola, prezenty dla m\u0142odzie\u017cy, wroc\u0142aw dla dzieci, zagadki o dinozaurach, quizy o koniach, imie nadia, el\u017cbieta imi\u0119, iwo imi\u0119<\/p>\n<p>yyyyy<\/p>\n<p>&nbsp;<\/p>\n","protected":false},"excerpt":{"rendered":"<p>DU\u017bY W\u00d3Z POLICJA ROZK\u0141ADANY W TOR PARKING GARA\u017b D\u0179WI\u0118KSamoch\u00f3d policyjny to \u015bwietna zabawka dla maluch\u00f3w. Twoje dziecko broni prawa i porz\u0105dku w Twoim domu? \ud83d\ude00 To zabawka idealna dla Twojego Malucha :)2w1 samoch\u00f3d policyjny i parking-gara\u017c!!!Zabawka posiada d\u017awi\u0119ki, \u015bwiat\u0142a i metalowe pojazdy!Wymiary roz\u0142o\u017conego parkingu gara\u017cu: 86 x 39,5 x 19 cmWiek: 3+Zabawka posiada certyfikat CE, [&hellip;]<\/p>\n","protected":false},"featured_media":6655,"comment_status":"closed","ping_status":"open","template":"","meta":[],"product_cat":[83,327],"product_tag":[611,855,703,586,577],"class_list":["post-6654","product","type-product","status-publish","has-post-thumbnail","hentry","product_cat-auta-i-inne-pojazdy-do-zabawy","product_cat-luxma","product_tag-bajki-do-czytania-psi-patrol","product_tag-nietypowe-imiona-zenskie","product_tag-prezent-dla-nastolatki","product_tag-smieszne-zagadki","product_tag-znaki-drogowe-test"],"_links":{"self":[{"href":"http:\/\/klubmamgdynia.pl\/index.php\/wp-json\/wp\/v2\/product\/6654","targetHints":{"allow":["GET"]}}],"collection":[{"href":"http:\/\/klubmamgdynia.pl\/index.php\/wp-json\/wp\/v2\/product"}],"about":[{"href":"http:\/\/klubmamgdynia.pl\/index.php\/wp-json\/wp\/v2\/types\/product"}],"replies":[{"embeddable":true,"href":"http:\/\/klubmamgdynia.pl\/index.php\/wp-json\/wp\/v2\/comments?post=6654"}],"wp:featuredmedia":[{"embeddable":true,"href":"http:\/\/klubmamgdynia.pl\/index.php\/wp-json\/wp\/v2\/media\/6655"}],"wp:attachment":[{"href":"http:\/\/klubmamgdynia.pl\/index.php\/wp-json\/wp\/v2\/media?parent=6654"}],"wp:term":[{"taxonomy":"product_cat","embeddable":true,"href":"http:\/\/klubmamgdynia.pl\/index.php\/wp-json\/wp\/v2\/product_cat?post=6654"},{"taxonomy":"product_tag","embeddable":true,"href":"http:\/\/klubmamgdynia.pl\/index.php\/wp-json\/wp\/v2\/product_tag?post=6654"}],"curies":[{"name":"wp","href":"https:\/\/api.w.org\/{rel}","templated":true}]}}