{"id":6656,"date":"2012-03-16T07:14:32","date_gmt":"2012-03-16T06:14:32","guid":{"rendered":"http:\/\/klubmamgdynia.pl\/index.php\/produkt\/psi-patrol-zestaw-bidon-aluminiowy-i-sniadaniowka-paw\/"},"modified":"2026-04-05T23:57:53","modified_gmt":"2026-04-05T21:57:53","slug":"psi-patrol-zestaw-bidon-aluminiowy-i-sniadaniowka-paw","status":"publish","type":"product","link":"http:\/\/klubmamgdynia.pl\/index.php\/produkt\/psi-patrol-zestaw-bidon-aluminiowy-i-sniadaniowka-paw\/","title":{"rendered":"Psi Patrol Zestaw Bidon Aluminiowy I \u015aniadani\u00f3wka Paw"},"content":{"rendered":"<p>Zestaw \u015bniadani\u00f3wka oraz bidon metalowy z motywem Psi Patrol to praktyczny zestaw dla dzieci kt\u00f3re zabieraj\u0105 do szko\u0142y lub przedszkola swoje drugie \u015bniadanie .\u2022 Bidon + \u015aniadani\u00f3wka\u2022 Rozmiar: 22,5x20x 8 cm\u2022 Materia\u0142: PVC , Aluminium<\/p>\n<h2>Psi Patrol Zestaw Bidon Aluminiowy I \u015aniadani\u00f3wka Paw Kids Euroswan<\/h2>\n<p>imie pola, kolorowanka lego, upominek dla nastolatk\u00f3w, 45 pa\u0144stw europy i ich stolice quiz, \u017cyczenia wielkanocne dla dzieci kr\u00f3tkie, carmen imi\u0119, zagadki dla dzieci 7-8 lat online, j\u0119zyk polski dla dzieci z ukrainy, malowanka do druku, kolorowanka kotka, maly kotek kotek kolorowanka<\/p>\n<p>yyyyy<\/p>\n<p>&nbsp;<\/p>\n","protected":false},"excerpt":{"rendered":"<p>Zestaw \u015bniadani\u00f3wka oraz bidon metalowy z motywem Psi Patrol to praktyczny zestaw dla dzieci kt\u00f3re zabieraj\u0105 do szko\u0142y lub przedszkola swoje drugie \u015bniadanie .\u2022 Bidon + \u015aniadani\u00f3wka\u2022 Rozmiar: 22,5x20x 8 cm\u2022 Materia\u0142: PVC , Aluminium Psi Patrol Zestaw Bidon Aluminiowy I \u015aniadani\u00f3wka Paw Kids Euroswan imie pola, kolorowanka lego, upominek dla nastolatk\u00f3w, 45 pa\u0144stw europy [&hellip;]<\/p>\n","protected":false},"featured_media":6657,"comment_status":"closed","ping_status":"open","template":"","meta":[],"product_cat":[1103,215],"product_tag":[696,785,625,576,712,805],"class_list":["post-6656","product","type-product","status-publish","has-post-thumbnail","hentry","product_cat-kids-euroswan","product_cat-naczynia-i-sztucce-dla-dzieci","product_tag-film-rodzinny-o-swietach","product_tag-prezent-dla-nastolatkow","product_tag-trojmiasto-atrakcje-dla-dzieci","product_tag-trudne-zagadki","product_tag-zagadki-o-zwierzetach","product_tag-znaczenie-imienia-alan"],"_links":{"self":[{"href":"http:\/\/klubmamgdynia.pl\/index.php\/wp-json\/wp\/v2\/product\/6656","targetHints":{"allow":["GET"]}}],"collection":[{"href":"http:\/\/klubmamgdynia.pl\/index.php\/wp-json\/wp\/v2\/product"}],"about":[{"href":"http:\/\/klubmamgdynia.pl\/index.php\/wp-json\/wp\/v2\/types\/product"}],"replies":[{"embeddable":true,"href":"http:\/\/klubmamgdynia.pl\/index.php\/wp-json\/wp\/v2\/comments?post=6656"}],"wp:featuredmedia":[{"embeddable":true,"href":"http:\/\/klubmamgdynia.pl\/index.php\/wp-json\/wp\/v2\/media\/6657"}],"wp:attachment":[{"href":"http:\/\/klubmamgdynia.pl\/index.php\/wp-json\/wp\/v2\/media?parent=6656"}],"wp:term":[{"taxonomy":"product_cat","embeddable":true,"href":"http:\/\/klubmamgdynia.pl\/index.php\/wp-json\/wp\/v2\/product_cat?post=6656"},{"taxonomy":"product_tag","embeddable":true,"href":"http:\/\/klubmamgdynia.pl\/index.php\/wp-json\/wp\/v2\/product_tag?post=6656"}],"curies":[{"name":"wp","href":"https:\/\/api.w.org\/{rel}","templated":true}]}}