{"id":6658,"date":"2011-03-03T11:44:58","date_gmt":"2011-03-03T10:44:58","guid":{"rendered":"http:\/\/klubmamgdynia.pl\/index.php\/produkt\/kids-euroswan-torba-na-launch-termiczna-playstation-plsz00414\/"},"modified":"2026-04-07T01:39:33","modified_gmt":"2026-04-06T23:39:33","slug":"kids-euroswan-torba-na-launch-termiczna-playstation-plsz00414","status":"publish","type":"product","link":"http:\/\/klubmamgdynia.pl\/index.php\/produkt\/kids-euroswan-torba-na-launch-termiczna-playstation-plsz00414\/","title":{"rendered":"Kids Euroswan Torba Na Launch Termiczna Playstation Plsz00414"},"content":{"rendered":"<p>Termiczna torba na lunch z grafik\u0105 z Play Station. Torba posiada jedn\u0105 du\u017c\u0105 kiesze\u0144. Jej wn\u0119trze jest pokryte specjaln\u0105 powierzchni\u0105, kt\u00f3ra jest nie tylko wodoodporna, ale r\u00f3wnie\u017c nie pozwala na utrat\u0119 ciep\u0142a. Z ty\u0142u znajduje si\u0119 logo Play Station i miejsce na podpisanie produktu w\u0142asnym imieniem i nazwiskiem. Wygodna, solidnie doszyta r\u0105czka umo\u017cliwia przenoszenie torby. Produkt jest wyposa\u017cony w suwak, dzieki kt\u00f3remu posi\u0142ek w\u0142o\u017cony do \u015brodka pozostaje bezpieczny. Kraw\u0119dzie s\u0105 wzmocnione za po&#8230;<\/p>\n<h2>Kids Euroswan Torba Na Launch Termiczna Playstation Plsz00414 Kids Euroswan<\/h2>\n<p>zagadki \u0142amig\u0142\u00f3wki, jan pawe\u0142 2 rysunek \u0142atwy dla dzieci, pewna \u017caba by\u0142a s\u0142aba, najtrudniejsze zagadki<\/p>\n<p>yyyyy<\/p>\n<p>&nbsp;<\/p>\n","protected":false},"excerpt":{"rendered":"<p>Termiczna torba na lunch z grafik\u0105 z Play Station. Torba posiada jedn\u0105 du\u017c\u0105 kiesze\u0144. Jej wn\u0119trze jest pokryte specjaln\u0105 powierzchni\u0105, kt\u00f3ra jest nie tylko wodoodporna, ale r\u00f3wnie\u017c nie pozwala na utrat\u0119 ciep\u0142a. Z ty\u0142u znajduje si\u0119 logo Play Station i miejsce na podpisanie produktu w\u0142asnym imieniem i nazwiskiem. Wygodna, solidnie doszyta r\u0105czka umo\u017cliwia przenoszenie torby. [&hellip;]<\/p>\n","protected":false},"featured_media":6659,"comment_status":"closed","ping_status":"open","template":"","meta":[],"product_cat":[1103,215],"product_tag":[834,743,609,767],"class_list":["post-6658","product","type-product","status-publish","has-post-thumbnail","hentry","product_cat-kids-euroswan","product_cat-naczynia-i-sztucce-dla-dzieci","product_tag-bajka-do-czytania-na-dobranoc","product_tag-quiz-dla-dzieci","product_tag-quiz-flagi-europy","product_tag-zaproszenia-urodzinowe-do-druku"],"_links":{"self":[{"href":"http:\/\/klubmamgdynia.pl\/index.php\/wp-json\/wp\/v2\/product\/6658","targetHints":{"allow":["GET"]}}],"collection":[{"href":"http:\/\/klubmamgdynia.pl\/index.php\/wp-json\/wp\/v2\/product"}],"about":[{"href":"http:\/\/klubmamgdynia.pl\/index.php\/wp-json\/wp\/v2\/types\/product"}],"replies":[{"embeddable":true,"href":"http:\/\/klubmamgdynia.pl\/index.php\/wp-json\/wp\/v2\/comments?post=6658"}],"wp:featuredmedia":[{"embeddable":true,"href":"http:\/\/klubmamgdynia.pl\/index.php\/wp-json\/wp\/v2\/media\/6659"}],"wp:attachment":[{"href":"http:\/\/klubmamgdynia.pl\/index.php\/wp-json\/wp\/v2\/media?parent=6658"}],"wp:term":[{"taxonomy":"product_cat","embeddable":true,"href":"http:\/\/klubmamgdynia.pl\/index.php\/wp-json\/wp\/v2\/product_cat?post=6658"},{"taxonomy":"product_tag","embeddable":true,"href":"http:\/\/klubmamgdynia.pl\/index.php\/wp-json\/wp\/v2\/product_tag?post=6658"}],"curies":[{"name":"wp","href":"https:\/\/api.w.org\/{rel}","templated":true}]}}