{"id":6666,"date":"2023-02-13T17:55:17","date_gmt":"2023-02-13T16:55:17","guid":{"rendered":"http:\/\/klubmamgdynia.pl\/?post_type=product&#038;p=6666"},"modified":"2026-04-06T13:33:17","modified_gmt":"2026-04-06T11:33:17","slug":"jabadabado-przytulanka-zawieszka-na-smoczek-mis","status":"publish","type":"product","link":"http:\/\/klubmamgdynia.pl\/index.php\/produkt\/jabadabado-przytulanka-zawieszka-na-smoczek-mis\/","title":{"rendered":"Jabadabado Przytulanka Zawieszka Na Smoczek Mi\u015b"},"content":{"rendered":"<h2>Jabadabado Przytulanka Zawieszka Na Smoczek Mi\u015b Jabadabado<\/h2>\n<p>uk\u0142ad s\u0142oneczny kolorowanka, cytaty dla dzieci, test miko\u0142ajek, bal halloween dla dzieci 2021, ilona, pu\u0142tusk atrakcje dla dzieci, wroc\u0142aw i okolice atrakcje, parasol szablon do wydruku, maski superbohater\u00f3w do wydrukowania, andrzejki kolorowanki do druku, cytaty o dziecku i mamie, karaluchy pod poduchy a szczypawki, co kupic 7 latkowi pod choinke, wielkanocne zagadki dla dzieci, natalia, \u017c\u0105rty na prima aprilis<\/p>\n<p>yyyyy<\/p>\n<p>&nbsp;<\/p>\n","protected":false},"excerpt":{"rendered":"<p>Jabadabado Przytulanka Zawieszka Na Smoczek Mi\u015b Jabadabado uk\u0142ad s\u0142oneczny kolorowanka, cytaty dla dzieci, test miko\u0142ajek, bal halloween dla dzieci 2021, ilona, pu\u0142tusk atrakcje dla dzieci, wroc\u0142aw i okolice atrakcje, parasol szablon do wydruku, maski superbohater\u00f3w do wydrukowania, andrzejki kolorowanki do druku, cytaty o dziecku i mamie, karaluchy pod poduchy a szczypawki, co kupic 7 latkowi [&hellip;]<\/p>\n","protected":false},"featured_media":6667,"comment_status":"closed","ping_status":"open","template":"","meta":[],"product_cat":[483,26],"product_tag":[777,719,753,698,746],"class_list":["post-6666","product","type-product","status-publish","has-post-thumbnail","hentry","product_cat-jabadabado","product_cat-zabawki-do-wozka-lozeczka-i-fotelika","product_tag-co-na-roczek","product_tag-dziecko-cytaty-zlote-mysli","product_tag-kamila","product_tag-zagadki-dla-przedszkolakow","product_tag-zagadki-typu-co-to-jest"],"_links":{"self":[{"href":"http:\/\/klubmamgdynia.pl\/index.php\/wp-json\/wp\/v2\/product\/6666","targetHints":{"allow":["GET"]}}],"collection":[{"href":"http:\/\/klubmamgdynia.pl\/index.php\/wp-json\/wp\/v2\/product"}],"about":[{"href":"http:\/\/klubmamgdynia.pl\/index.php\/wp-json\/wp\/v2\/types\/product"}],"replies":[{"embeddable":true,"href":"http:\/\/klubmamgdynia.pl\/index.php\/wp-json\/wp\/v2\/comments?post=6666"}],"wp:featuredmedia":[{"embeddable":true,"href":"http:\/\/klubmamgdynia.pl\/index.php\/wp-json\/wp\/v2\/media\/6667"}],"wp:attachment":[{"href":"http:\/\/klubmamgdynia.pl\/index.php\/wp-json\/wp\/v2\/media?parent=6666"}],"wp:term":[{"taxonomy":"product_cat","embeddable":true,"href":"http:\/\/klubmamgdynia.pl\/index.php\/wp-json\/wp\/v2\/product_cat?post=6666"},{"taxonomy":"product_tag","embeddable":true,"href":"http:\/\/klubmamgdynia.pl\/index.php\/wp-json\/wp\/v2\/product_tag?post=6666"}],"curies":[{"name":"wp","href":"https:\/\/api.w.org\/{rel}","templated":true}]}}