{"id":6668,"date":"2021-05-31T17:00:28","date_gmt":"2021-05-31T15:00:28","guid":{"rendered":"http:\/\/klubmamgdynia.pl\/index.php\/produkt\/pura-kiki-smoczek-do-butelek-sredni-przeplyw-2-szt-n02mf\/"},"modified":"2026-05-17T22:46:24","modified_gmt":"2026-05-17T20:46:24","slug":"pura-kiki-smoczek-do-butelek-sredni-przeplyw-2-szt-n02mf","status":"publish","type":"product","link":"http:\/\/klubmamgdynia.pl\/index.php\/produkt\/pura-kiki-smoczek-do-butelek-sredni-przeplyw-2-szt-n02mf\/","title":{"rendered":"Pura Kiki Smoczek do butelek \u015bredni przep\u0142yw 2 szt. (N02MF)"},"content":{"rendered":"<p>Pura Kiki\u00ae to najbezpieczniejszy i najnowocze\u015bniejszy system sztucznego karmienia niemowl\u0105t i ma\u0142ych dzieci. Motto producenta to: Jedno \u017cycie Jedna butelka. Dzi\u0119ki do\u0142\u0105czaniu kolejnych ustnik\u00f3w przed\u0142u\u017camy u\u017cyteczno\u015b\u0107 termobutelki.Smoczki dla niemowl\u0105t wykonane s\u0105 w 100% z silikonu medycznego. Dost\u0119pne w trzech pr\u0119dko\u015bciach przep\u0142ywu: wolny, \u015bredni i szybki (z naci\u0119ciem w kszta\u0142cie litery Y). Maj\u0105 wyd\u0142u\u017cony ustnik, s\u0105 antykolkowe i doskonale dopasowuj\u0105 si\u0119 do sposobu ssania dziecka. Pura Stainless zosta\u0142 stworzony z prostej wizji: dokona\u0107 zmian poprzez odpowiedzialn\u0105 produkcj\u0119 bezpiecznych i trwa\u0142ych butelek dla niemowl\u0105t oraz dzieci, kt\u00f3re nie zawieraj\u0105 \u017cadnych plastikowych element\u00f3w. Wszystkie smoczki Pura s\u0105 wykonane w 100% z wysokiej jako\u015bci silikonu. Silikon jest naturalnym materia\u0142em, kt\u00f3ry nie zawiera plastiku, lateksu czy BPA. Naturalne smoczki Pura wspieraj\u0105 piel\u0119gnacj\u0119 i karmienie za pomoc\u0105 butelki dzi\u0119ki kszta\u0142towi, kt\u00f3ry pomaga zachowa\u0107 szczelno\u015b\u0107 pomi\u0119dzy dzieckiem a smoczkiem. Zosta\u0142y one zaprojektowane tak, aby na\u015bladowa\u0107 zmienno\u015b\u0107 pr\u0119dko\u015b\u0107 przep\u0142ywu niczym w karmieniu naturalnym. Pod\u0142u\u017cny jednocz\u0119\u015bciowy system wentylacyjny pomaga zredukowa\u0107 plucie i kolki. wykonany w 100% z silikonu medycznego wysokiej jako\u015bcikolor: naturalnydla dzieci od 3m+2 szt. w opakowaniuNajnowsze informacje, zdj\u0119cia, a tak\u017ce cenne wskaz\u00f3wki dotycz\u0105ce produktu znajdziesz na oraz .Smoczek dla niemowl\u0105t &#8211; \u015bredni przep\u0142yw do butelek Pura Kiki, 2 szt.Kod Producenta: N02MF<\/p>\n<h2>Pura Kiki Smoczek do butelek \u015bredni przep\u0142yw 2 szt. (N02MF) Pura Kiki<\/h2>\n<p>kolorowanka lol do druku, zyczenia walentynkowe dla dzieci, lilianna, zagadki o psach, cytaty o wychowaniu dzieci, \u0142amig\u0142\u00f3wki dla dzieci, nadia, gra planszowa dla nastolatk\u00f3w, wiosenna kolorowanka, ko\u0142ysanka tekst, izabella imi\u0119, w uk\u0142adzie s\u0142onecznym, lucjan, prezent dla nastolatki, list do gwiazdora, zabawy z pi\u0142k\u0105, marcel imi\u0119, co kupi\u0107 dziewczynce na roczek, kiedy dzieci chodza na halloween, zaproszenie na urodziny do druku, wzruszajace cytaty o rodzinie<\/p>\n<p>yyyyy<\/p>\n<p>&nbsp;<\/p>\n","protected":false},"excerpt":{"rendered":"<p>Pura Kiki\u00ae to najbezpieczniejszy i najnowocze\u015bniejszy system sztucznego karmienia niemowl\u0105t i ma\u0142ych dzieci. Motto producenta to: Jedno \u017cycie Jedna butelka. Dzi\u0119ki do\u0142\u0105czaniu kolejnych ustnik\u00f3w przed\u0142u\u017camy u\u017cyteczno\u015b\u0107 termobutelki.Smoczki dla niemowl\u0105t wykonane s\u0105 w 100% z silikonu medycznego. Dost\u0119pne w trzech pr\u0119dko\u015bciach przep\u0142ywu: wolny, \u015bredni i szybki (z naci\u0119ciem w kszta\u0142cie litery Y). Maj\u0105 wyd\u0142u\u017cony ustnik, s\u0105 [&hellip;]<\/p>\n","protected":false},"featured_media":6669,"comment_status":"closed","ping_status":"open","template":"","meta":[],"product_cat":[1487,283],"product_tag":[686,859,806,587,809],"class_list":["post-6668","product","type-product","status-publish","has-post-thumbnail","hentry","product_cat-pura-kiki","product_cat-smoczki-i-ustniki-do-butelek","product_tag-co-na-roczek-dla-chlopca","product_tag-dobranoc-pchly-na-noc","product_tag-prezent-dla-dziecka-na-roczek","product_tag-skalne-miasto","product_tag-zagadki"],"_links":{"self":[{"href":"http:\/\/klubmamgdynia.pl\/index.php\/wp-json\/wp\/v2\/product\/6668","targetHints":{"allow":["GET"]}}],"collection":[{"href":"http:\/\/klubmamgdynia.pl\/index.php\/wp-json\/wp\/v2\/product"}],"about":[{"href":"http:\/\/klubmamgdynia.pl\/index.php\/wp-json\/wp\/v2\/types\/product"}],"replies":[{"embeddable":true,"href":"http:\/\/klubmamgdynia.pl\/index.php\/wp-json\/wp\/v2\/comments?post=6668"}],"wp:featuredmedia":[{"embeddable":true,"href":"http:\/\/klubmamgdynia.pl\/index.php\/wp-json\/wp\/v2\/media\/6669"}],"wp:attachment":[{"href":"http:\/\/klubmamgdynia.pl\/index.php\/wp-json\/wp\/v2\/media?parent=6668"}],"wp:term":[{"taxonomy":"product_cat","embeddable":true,"href":"http:\/\/klubmamgdynia.pl\/index.php\/wp-json\/wp\/v2\/product_cat?post=6668"},{"taxonomy":"product_tag","embeddable":true,"href":"http:\/\/klubmamgdynia.pl\/index.php\/wp-json\/wp\/v2\/product_tag?post=6668"}],"curies":[{"name":"wp","href":"https:\/\/api.w.org\/{rel}","templated":true}]}}