{"id":667,"date":"2022-02-13T07:15:16","date_gmt":"2022-02-13T06:15:16","guid":{"rendered":"http:\/\/klubmamgdynia.pl\/index.php\/produkt\/jawa-spinki-dodawanie-odejmowanie\/"},"modified":"2026-04-26T23:52:29","modified_gmt":"2026-04-26T21:52:29","slug":"jawa-spinki-dodawanie-odejmowanie","status":"publish","type":"product","link":"http:\/\/klubmamgdynia.pl\/index.php\/produkt\/jawa-spinki-dodawanie-odejmowanie\/","title":{"rendered":"Jawa Spinki Dodawanie Odejmowanie"},"content":{"rendered":"<p>Chi\u0144czyk to gra towarzyska znana na ca\u0142ym \u015bwiecie, kt\u00f3ra opiera si\u0119 na rzucie kostk\u0105, przesuni\u0119ciu pionka i zbiciu pionka.Gracze wybieraj\u0105 pionki, rozk\u0142adaj\u0105 plansze i ustawiaj\u0105 pionki na planszy, ka\u017cdy na swojej bazie.Przy pomocy kostki gracze ustalaj\u0105 kolejno\u015b\u0107 wykonywania ruch\u00f3w &#8211; kto uzyska najwi\u0119ksz\u0105 ilo\u015b\u0107 punkt\u00f3w, rozpoczyna gr\u0119.Kolejni gracze przyst\u0119puj\u0105 do gry zgodnie z ruchem wskaz\u00f3wek zegara.CEL GRY: przeprowadzenie wszystkich czterech pionk\u00f3w z bazy do domu.Gra przeznaczona dla 2-6 graczy w wieku 5 lat+\u015aredni czas rozgrywki ok. 30 minut ZAWARTO\u015a\u0106:- 2 plansze,- pionki WYMIARY:opakowania ok.5 x 25,5 x 36,5 WIEK:5 lata+ UWAGI:Gra nieodpowiednia dla dzieci poni\u017cej 3 lat z uwagi na ma\u0142e elementy.<\/p>\n<h2>Jawa Spinki Dodawanie Odejmowanie Jawa<\/h2>\n<p>cytat z ma\u0142ego ksi\u0119cia o przyja\u017ani, asiunia pytania do lektury, prezent na roczek dla ch\u0142opca, prezenty na urodziny dla nastolatk\u00f3w, rzadkie imiona \u017ce\u0144skie polskie, quizy znaki drogowe, pomys\u0142y na prezent dla nastolatk\u00f3w<\/p>\n<p>yyyyy<\/p>\n<p>&nbsp;<\/p>\n","protected":false},"excerpt":{"rendered":"<p>Chi\u0144czyk to gra towarzyska znana na ca\u0142ym \u015bwiecie, kt\u00f3ra opiera si\u0119 na rzucie kostk\u0105, przesuni\u0119ciu pionka i zbiciu pionka.Gracze wybieraj\u0105 pionki, rozk\u0142adaj\u0105 plansze i ustawiaj\u0105 pionki na planszy, ka\u017cdy na swojej bazie.Przy pomocy kostki gracze ustalaj\u0105 kolejno\u015b\u0107 wykonywania ruch\u00f3w &#8211; kto uzyska najwi\u0119ksz\u0105 ilo\u015b\u0107 punkt\u00f3w, rozpoczyna gr\u0119.Kolejni gracze przyst\u0119puj\u0105 do gry zgodnie z ruchem wskaz\u00f3wek [&hellip;]<\/p>\n","protected":false},"featured_media":668,"comment_status":"closed","ping_status":"open","template":"","meta":[],"product_cat":[130,228],"product_tag":[833,831,787,659],"class_list":["post-667","product","type-product","status-publish","has-post-thumbnail","hentry","product_cat-gry-dzieciece","product_cat-jawa","product_tag-bajki-dla-dzieci-do-czytania","product_tag-bruno","product_tag-nauka-pisania-wyrazow-dla-dzieci-do-druku-pdf","product_tag-tupu-tup-po-sniegu-tekst"],"_links":{"self":[{"href":"http:\/\/klubmamgdynia.pl\/index.php\/wp-json\/wp\/v2\/product\/667","targetHints":{"allow":["GET"]}}],"collection":[{"href":"http:\/\/klubmamgdynia.pl\/index.php\/wp-json\/wp\/v2\/product"}],"about":[{"href":"http:\/\/klubmamgdynia.pl\/index.php\/wp-json\/wp\/v2\/types\/product"}],"replies":[{"embeddable":true,"href":"http:\/\/klubmamgdynia.pl\/index.php\/wp-json\/wp\/v2\/comments?post=667"}],"wp:featuredmedia":[{"embeddable":true,"href":"http:\/\/klubmamgdynia.pl\/index.php\/wp-json\/wp\/v2\/media\/668"}],"wp:attachment":[{"href":"http:\/\/klubmamgdynia.pl\/index.php\/wp-json\/wp\/v2\/media?parent=667"}],"wp:term":[{"taxonomy":"product_cat","embeddable":true,"href":"http:\/\/klubmamgdynia.pl\/index.php\/wp-json\/wp\/v2\/product_cat?post=667"},{"taxonomy":"product_tag","embeddable":true,"href":"http:\/\/klubmamgdynia.pl\/index.php\/wp-json\/wp\/v2\/product_tag?post=667"}],"curies":[{"name":"wp","href":"https:\/\/api.w.org\/{rel}","templated":true}]}}