{"id":6672,"date":"2023-09-10T11:01:00","date_gmt":"2023-09-10T09:01:00","guid":{"rendered":"http:\/\/klubmamgdynia.pl\/?post_type=product&#038;p=6672"},"modified":"2026-04-05T22:32:21","modified_gmt":"2026-04-05T20:32:21","slug":"humana-2-5x750g-dobry-sen-600g","status":"publish","type":"product","link":"http:\/\/klubmamgdynia.pl\/index.php\/produkt\/humana-2-5x750g-dobry-sen-600g\/","title":{"rendered":"Humana 2 5X750G + Dobry Sen 600G"},"content":{"rendered":"<p>Humana 2 750g x5szt +Gratis Humana Dobry Sen 600g<\/p>\n<h2>Humana 2 5X750G + Dobry Sen 600G Humana<\/h2>\n<p>karnawa\u0142 maska karnawa\u0142owa szablon, kartka walentynkowa zrobiona przez dzieci, dzie\u0144 nauczyciela cytaty, fajne prezenty dla nastolatk\u00f3w, zabawy z 7 latkiem, kwiecie\u0144 plecie\u0144 wiersz, prezent dla dziewczynki 7 lat, kornelia, afryka kazika test, prezent na 1 urodziny dla dziewczynki, pokemon kolorowanki, kolorowanki do druku kotki, ostatni dzwonek tekst, super zings kolorowanki, quizy dla dzieci o zwierz\u0119tach, kolorowanki uk\u0142ad s\u0142oneczny, kotki kolorowanka, spongebob kolorowanka<\/p>\n<p>yyyyy<\/p>\n<p>&nbsp;<\/p>\n","protected":false},"excerpt":{"rendered":"<p>Humana 2 750g x5szt +Gratis Humana Dobry Sen 600g Humana 2 5X750G + Dobry Sen 600G Humana karnawa\u0142 maska karnawa\u0142owa szablon, kartka walentynkowa zrobiona przez dzieci, dzie\u0144 nauczyciela cytaty, fajne prezenty dla nastolatk\u00f3w, zabawy z 7 latkiem, kwiecie\u0144 plecie\u0144 wiersz, prezent dla dziewczynki 7 lat, kornelia, afryka kazika test, prezent na 1 urodziny dla dziewczynki, [&hellip;]<\/p>\n","protected":false},"featured_media":6673,"comment_status":"closed","ping_status":"open","template":"","meta":[],"product_cat":[18,19],"product_tag":[861,583,602,661],"class_list":["post-6672","product","type-product","status-publish","has-post-thumbnail","hentry","product_cat-humana","product_cat-mleka-nastepne","product_tag-jak-narysowac-psa","product_tag-kolysanki-dla-dzieci-tekst","product_tag-quiz-o-zwierzetach-domowych","product_tag-swinka-peppa-kolorowanka"],"_links":{"self":[{"href":"http:\/\/klubmamgdynia.pl\/index.php\/wp-json\/wp\/v2\/product\/6672","targetHints":{"allow":["GET"]}}],"collection":[{"href":"http:\/\/klubmamgdynia.pl\/index.php\/wp-json\/wp\/v2\/product"}],"about":[{"href":"http:\/\/klubmamgdynia.pl\/index.php\/wp-json\/wp\/v2\/types\/product"}],"replies":[{"embeddable":true,"href":"http:\/\/klubmamgdynia.pl\/index.php\/wp-json\/wp\/v2\/comments?post=6672"}],"wp:featuredmedia":[{"embeddable":true,"href":"http:\/\/klubmamgdynia.pl\/index.php\/wp-json\/wp\/v2\/media\/6673"}],"wp:attachment":[{"href":"http:\/\/klubmamgdynia.pl\/index.php\/wp-json\/wp\/v2\/media?parent=6672"}],"wp:term":[{"taxonomy":"product_cat","embeddable":true,"href":"http:\/\/klubmamgdynia.pl\/index.php\/wp-json\/wp\/v2\/product_cat?post=6672"},{"taxonomy":"product_tag","embeddable":true,"href":"http:\/\/klubmamgdynia.pl\/index.php\/wp-json\/wp\/v2\/product_tag?post=6672"}],"curies":[{"name":"wp","href":"https:\/\/api.w.org\/{rel}","templated":true}]}}