{"id":6678,"date":"2023-02-24T05:25:02","date_gmt":"2023-02-24T04:25:02","guid":{"rendered":"http:\/\/klubmamgdynia.pl\/?post_type=product&#038;p=6678"},"modified":"2026-04-05T18:52:55","modified_gmt":"2026-04-05T16:52:55","slug":"vulli-recznik-z-kapturkiem-baby-zyrafa-sophie","status":"publish","type":"product","link":"http:\/\/klubmamgdynia.pl\/index.php\/produkt\/vulli-recznik-z-kapturkiem-baby-zyrafa-sophie\/","title":{"rendered":"Vulli R\u0119cznik Z Kapturkiem Baby \u017byrafa Sophie"},"content":{"rendered":"<p>R\u0119cznik do k\u0105pieli z kapturkiemReference: 523426Kategoria wiekowa : 0m+\u015aliczny r\u0119czniczek do k\u0105pieli z kapturkiem idealny do otulania malucha po k\u0105pieli.R\u0119cznik z bawe\u0142nianego frote obszyty z jednej strony matera\u0142em z nadrukiem przedstawiaj\u0105cym \u017cyraf\u0119 Sophie.Teraz nakryty maluszek wygl\u0105da jak prawdziwa \u017byrafka Sophie  Wymiary: 70 cm x 70 cm. G\u0119sto\u015b\u0107 materia\u0142u : 270g\/m2Mo\u017cna pra\u0107 w pralce w temperaturze 30 C.<\/p>\n<h2>Vulli R\u0119cznik Z Kapturkiem Baby \u017byrafa Sophie Vulli<\/h2>\n<p>lidia imie, julian, ekskluzywny prezent na roczek, zaproszenia na urodziny do druku<\/p>\n<p>yyyyy<\/p>\n<p>&nbsp;<\/p>\n","protected":false},"excerpt":{"rendered":"<p>R\u0119cznik do k\u0105pieli z kapturkiemReference: 523426Kategoria wiekowa : 0m+\u015aliczny r\u0119czniczek do k\u0105pieli z kapturkiem idealny do otulania malucha po k\u0105pieli.R\u0119cznik z bawe\u0142nianego frote obszyty z jednej strony matera\u0142em z nadrukiem przedstawiaj\u0105cym \u017cyraf\u0119 Sophie.Teraz nakryty maluszek wygl\u0105da jak prawdziwa \u017byrafka Sophie Wymiary: 70 cm x 70 cm. G\u0119sto\u015b\u0107 materia\u0142u : 270g\/m2Mo\u017cna pra\u0107 w pralce w temperaturze [&hellip;]<\/p>\n","protected":false},"featured_media":6679,"comment_status":"closed","ping_status":"open","template":"","meta":[],"product_cat":[30,1489],"product_tag":[622,670,751],"class_list":["post-6678","product","type-product","status-publish","has-post-thumbnail","hentry","product_cat-reczniki-i-okrycia-kapielowe","product_cat-vulli","product_tag-fajne-zagadki","product_tag-irma","product_tag-psi-patrol-kolorowanka"],"_links":{"self":[{"href":"http:\/\/klubmamgdynia.pl\/index.php\/wp-json\/wp\/v2\/product\/6678","targetHints":{"allow":["GET"]}}],"collection":[{"href":"http:\/\/klubmamgdynia.pl\/index.php\/wp-json\/wp\/v2\/product"}],"about":[{"href":"http:\/\/klubmamgdynia.pl\/index.php\/wp-json\/wp\/v2\/types\/product"}],"replies":[{"embeddable":true,"href":"http:\/\/klubmamgdynia.pl\/index.php\/wp-json\/wp\/v2\/comments?post=6678"}],"wp:featuredmedia":[{"embeddable":true,"href":"http:\/\/klubmamgdynia.pl\/index.php\/wp-json\/wp\/v2\/media\/6679"}],"wp:attachment":[{"href":"http:\/\/klubmamgdynia.pl\/index.php\/wp-json\/wp\/v2\/media?parent=6678"}],"wp:term":[{"taxonomy":"product_cat","embeddable":true,"href":"http:\/\/klubmamgdynia.pl\/index.php\/wp-json\/wp\/v2\/product_cat?post=6678"},{"taxonomy":"product_tag","embeddable":true,"href":"http:\/\/klubmamgdynia.pl\/index.php\/wp-json\/wp\/v2\/product_tag?post=6678"}],"curies":[{"name":"wp","href":"https:\/\/api.w.org\/{rel}","templated":true}]}}