{"id":6682,"date":"2024-06-21T07:26:41","date_gmt":"2024-06-21T05:26:41","guid":{"rendered":"http:\/\/klubmamgdynia.pl\/?post_type=product&#038;p=6682"},"modified":"2026-04-06T00:15:07","modified_gmt":"2026-04-05T22:15:07","slug":"r-sport-rowerek-biegowy-r9-rozowy-z-12","status":"publish","type":"product","link":"http:\/\/klubmamgdynia.pl\/index.php\/produkt\/r-sport-rowerek-biegowy-r9-rozowy-z-12\/","title":{"rendered":"R-Sport Rowerek Biegowy R9 R\u00f3\u017cowy Z 12&#8221;"},"content":{"rendered":"<p>Rowerek biegowy R9Kolor R\u00d3\u017bOWYRowerek biegowy wprawiany jest w ruch poprzez odpychanie si\u0119 dziecka n\u00f3\u017ckami. N\u00f3\u017ckami dziecko hamuje. Przy je\u017adzie z g\u00f3ry przydaje si\u0119 hamulec.Model posiada dzwoneczek, hamulec \u2013 w zale\u017cno\u015bci od swojej decyzji mo\u017cesz je zamontowa\u0107 lub nie.Pozbawiona peda\u0142\u00f3w konstrukcja rowerka pozwoli na szybkie opanowanie podstaw nauki jazdy, kt\u00f3rymi s\u0105 utrzymywanie r\u00f3wnowagi oraz balansowanie cia\u0142em. Hamulec r\u0119czny zapewni bezpiecze\u0144stwo podczas szybszej jazdy i zjazd\u00f3w z g\u00f3rki.Zalecany dla dzieci w wieku 3-6 lat.Wyposa\u017cenie:Piankowe ko\u0142a EVA &#8211; niezawodne w ka\u017cdym terenie,Mi\u0119kkie ergonomiczne siedzonko &#8211; wygoda dla Twojego dziecka,Dzwonek &#8211; powoli ka\u017cdego ostrzec \u017ce rowerek nadje\u017cd\u017ca,Hamulec typu V-brake &#8211; niezb\u0119dny przy je\u017adzie na nier\u00f3wnym terenie,Instrukcja w j\u0119zyku polskim,Lekka stalowa rama,\u0141o\u017cyska w ko\u0142ach,Uchwyty na d\u0142onie &#8211; mi\u0119kkie i wygodne, antypo\u015blizgoweBezpieczna kierownica &#8211; brak blokady skr\u0119tuRegulowana wysoko\u015b\u0107 siode\u0142ka i kierownicy &#8211; rowerek ro\u015bnie wraz z dzieckiem,B\u0142otniki na ko\u0142ach,Dane techniczne:d\u0142ugo\u015b\u0107 rowerka: 89 cm,minimalna wysoko\u015b\u0107 (poziom kierownicy): ok. 62 cm,maksymalna wysoko\u015b\u0107 (poziom kierownicy): ok. 67 cm,minimalna wysoko\u015b\u0107 (poziom siode\u0142ka): ok. 38 cm,maksymalna wysoko\u015b\u0107 (poziom siode\u0142ka): ok. 45 cm,szeroko\u015b\u0107 kierownicy: 47 cm\u015brednica k\u00f3\u0142: 12&#8243; (28 cm),szeroko\u015b\u0107 k\u00f3\u0142: ok. 4,5 cm,waga: 2,6\/3,2 kg,maksymalne obci\u0105\u017cenie do 35 kg,rowerek jednoosobowy,marka R-Sport,pakowanie: szary karton,rowerek do samodzielnego &#8211; stosunkowo prostego monta\u017cu,Rowerek ro\u015bnie razem z Twoim dzieckiem!!!Regulowana wysoko\u015b\u0107 kierownicy.Regulowana wysoko\u015b\u0107 siode\u0142ka.W specyfikacji technicznej podano maksymalne i minimalne wymiary rowerka. Siode\u0142ko i kierownica mog\u0105 by\u0107 regulowane.Ten pi\u0119kny rowerek mo\u017ce sta\u0107 si\u0119 pierwszym pojazdem w \u017cyciu Twojego dziecka i przysporzy\u0107 mu niezapomnianych wspomnie\u0144 z dzieci\u0144stwa, do kt\u00f3rych b\u0119dzie wraca\u0142 po latach. Kolorowy rowerek dla ma\u0142ego sportowcaProducent deklaruje pojazd dla dzieci powy\u017cej 3 roku \u017cycia, jednak je\u017celi dziecko jest w stanie siedzie\u0107 samodzielnie, to nie ma przeszk\u00f3d aby mog\u0142o go u\u017cywa\u0107 pod okiem osoby doros\u0142ej.Idealny prezent dla Twojego dziecka!Monta\u017c hamulca jest opcjonalny. Hamulec montuje si\u0119 wtedy, gdy dziecko jest na to gotowe. Je\u015bli dziecko dopiero zaczyna si\u0119 uczy\u0107 je\u017adzi\u0107 na rowerku biegowym, najlepiej monta\u017c hamulca od\u0142o\u017cy\u0107 na p\u00f3\u017aniej.Hamulec odwraca uwag\u0119 dziecka od nauki balansowania. Dziecko zaczynaj\u0105ce je\u017adzi\u0107 rowerkiem biegowym, bezpiecznie hamuje n\u00f3\u017ckami. Hamulec r\u0119czny staje si\u0119 niezb\u0119dny, kiedy dziecko je\u017adzi szybko lub te\u017c lubi zje\u017cd\u017ca\u0107 z g\u00f3rki.Pojazd generalnie przeznaczony do u\u017cytku zewn\u0119trznego, jednak jego ergonomiczna budowa sprzyja i pozwala u\u017cywa\u0107 go r\u00f3wnie\u017c w wi\u0119kszych pomieszczeniach takich jak taras czy salon.Zalecany dla dzieci w wieku 3-6 lat.Rowerek do samodzielnego stosunkowo \u0142atwego monta\u017cu &#8211; prosta instrukcja w \u015brodku.Ty decydujesz czy montujesz hamulec, dzwonek. Montujesz te elementy na kt\u00f3rych Ci zale\u017cy i kt\u00f3re uznasz za stosowne dla Twojego dziecka!Przed rozpocz\u0119ciem u\u017cytkowania nale\u017cy dok\u0142adnie zapozna\u0107 si\u0119 z instrukcj\u0105.U\u017cywanie rowerka wymaga ka\u017cdorazowej \u015bcis\u0142ej opieki i nadzoru osoby doros\u0142ej.Rowerek przeznaczony do u\u017cytku prywatnego (niekomercyjnego).Zabawka posiada Certyfikat Zgodno\u015bci CE.Pojazd do samodzielnego monta\u017cu. Do ka\u017cdego pojazdu otrzymuj\u0105 Pa\u0144stwo pisemn\u0105 gwarancj\u0119 na 12 miesi\u0119cy oraz instrukcj\u0119 obs\u0142ugi w j\u0119zyku polskim.Mo\u017cliwy odbi\u00f3r osobisty w okolicach Rabki.sklep z zabawkami, sklep z samochodzikami, sklep z autkami, samochody na akumulator, samochody dzieci\u0119ce, autka zdalnie sterowane na pilota, dzieci\u0119ce samochodziki, autka elektryczne, autka na akumulator, autka akumulatorowe, samochodziki akumulatorowe, samochodziki dla dzieci zdalnie sterowane na pilota,&#8230;<\/p>\n<h2>R-Sport Rowerek Biegowy R9 R\u00f3\u017cowy Z 12 <\/h2>\n<p>prezent dla m\u0142odzie\u017cy, malgorzata imi\u0119, bajka krecik, audiobooki dla dzieci za darmo, zagadki trudne, kolorowanka harry potter do druku, kanapki dla dzieci, basen \u015bl\u0105sk, kolorowanki do druku konie<\/p>\n<p>yyyyy<\/p>\n<p>&nbsp;<\/p>\n","protected":false},"excerpt":{"rendered":"<p>Rowerek biegowy R9Kolor R\u00d3\u017bOWYRowerek biegowy wprawiany jest w ruch poprzez odpychanie si\u0119 dziecka n\u00f3\u017ckami. N\u00f3\u017ckami dziecko hamuje. Przy je\u017adzie z g\u00f3ry przydaje si\u0119 hamulec.Model posiada dzwoneczek, hamulec \u2013 w zale\u017cno\u015bci od swojej decyzji mo\u017cesz je zamontowa\u0107 lub nie.Pozbawiona peda\u0142\u00f3w konstrukcja rowerka pozwoli na szybkie opanowanie podstaw nauki jazdy, kt\u00f3rymi s\u0105 utrzymywanie r\u00f3wnowagi oraz balansowanie cia\u0142em. [&hellip;]<\/p>\n","protected":false},"featured_media":6683,"comment_status":"closed","ping_status":"open","template":"","meta":[],"product_cat":[453],"product_tag":[662,831,586,872],"class_list":["post-6682","product","type-product","status-publish","has-post-thumbnail","hentry","product_cat-rowerki-biegowe","product_tag-bajki-na-dobranoc","product_tag-bruno","product_tag-smieszne-zagadki","product_tag-zagadki-dla-dzieci-6-lat"],"_links":{"self":[{"href":"http:\/\/klubmamgdynia.pl\/index.php\/wp-json\/wp\/v2\/product\/6682","targetHints":{"allow":["GET"]}}],"collection":[{"href":"http:\/\/klubmamgdynia.pl\/index.php\/wp-json\/wp\/v2\/product"}],"about":[{"href":"http:\/\/klubmamgdynia.pl\/index.php\/wp-json\/wp\/v2\/types\/product"}],"replies":[{"embeddable":true,"href":"http:\/\/klubmamgdynia.pl\/index.php\/wp-json\/wp\/v2\/comments?post=6682"}],"wp:featuredmedia":[{"embeddable":true,"href":"http:\/\/klubmamgdynia.pl\/index.php\/wp-json\/wp\/v2\/media\/6683"}],"wp:attachment":[{"href":"http:\/\/klubmamgdynia.pl\/index.php\/wp-json\/wp\/v2\/media?parent=6682"}],"wp:term":[{"taxonomy":"product_cat","embeddable":true,"href":"http:\/\/klubmamgdynia.pl\/index.php\/wp-json\/wp\/v2\/product_cat?post=6682"},{"taxonomy":"product_tag","embeddable":true,"href":"http:\/\/klubmamgdynia.pl\/index.php\/wp-json\/wp\/v2\/product_tag?post=6682"}],"curies":[{"name":"wp","href":"https:\/\/api.w.org\/{rel}","templated":true}]}}