{"id":6684,"date":"2020-12-27T10:43:27","date_gmt":"2020-12-27T09:43:27","guid":{"rendered":"http:\/\/klubmamgdynia.pl\/index.php\/produkt\/strider-rowerek-biegowy-classic-12-pink\/"},"modified":"2026-04-29T18:08:18","modified_gmt":"2026-04-29T16:08:18","slug":"strider-rowerek-biegowy-classic-12-pink","status":"publish","type":"product","link":"http:\/\/klubmamgdynia.pl\/index.php\/produkt\/strider-rowerek-biegowy-classic-12-pink\/","title":{"rendered":"Strider Rowerek biegowy Classic 12&#8243; Pink"},"content":{"rendered":"<p>Najl\u017cejszy rowerek biegowy Strider CLASSIC [18mc &#8211; 4 lat] Rowerek biegowy STRIDER Classic oferuje wszystkie funkcje jakich potrzebuje Twoje dziecko. Jest on idealnym po\u0142\u0105czeniem wydajno\u015bci, nowoczesnych rozwi\u0105za\u0144 oraz ceny b\u0119d\u0105cych owocem 9 letniej pracy projektowania i ulepsze\u0144 produkcji. Wyposa\u017cony w wygodne siode\u0142ko nowej generacji, zapewniaj\u0105c komfort jazdy najm\u0142odszym rowerzystom, oraz dwa rozmiary sztycy umo\u017cliwiaj\u0105c regulacj\u0119 siode\u0142ka od 27 cm do 41 cm (mierz\u0105c wewn\u0119trzn\u0105 d\u0142ugo\u015b\u0107 nogi). Nasz najlepiej sprzedaj\u0105cy si\u0119 rowerek biegowy odpowiedni dla dzieci od 18 miesi\u0119cy do 4 lat teraz w nowej ulepszonej ods\u0142onie! STRIDER CLASSIC &#8211; KierownicaUnikatowa 12,7 mm stalowa kierownica jest 43% mniejsza ni\u017c standardowa by pozwoli\u0107 na lepsz\u0105 kontrol\u0119 ma\u0142ym r\u0105czkom. Niewielkie uchwyty zrobione z pianki uretanowej zako\u0144czone ochronnymi ko\u0144c\u00f3wkami zapobiegaj\u0105cymi ze\u015blizgiwaniu si\u0119 r\u0105czek. Regulacja kierownicy bez u\u017cycia narz\u0119dzi, w granicach od ok. 46-56 cm. STRIDER CLASSIC &#8211; Ko\u0142aJedyne w swoim rodzaju ultralekkie, jednocz\u0119\u015bciowe ko\u0142a, pi\u0119cioramienna felga wzmocniona 10 oprawami \u0142o\u017cyskowymi zapewniaj\u0105cymi maksymaln\u0105 wytrzyma\u0142o\u015b\u0107 przy jak najni\u017cej masie roweru. Wysokiej jako\u015bci maszynowe \u0142o\u017cyska. STRIDER CLASSIC &#8211; OponyTylko w STRIDER piankowe opony, kt\u00f3re s\u0105 super lekkie i trwa\u0142e oraz zapewniaj\u0105 wygodn\u0105 jazd\u0119. Nie wymagaj\u0105 pompowania. STRIDER CLASSIC &#8211; Siode\u0142koWytrzyma\u0142e, piankowe siode\u0142ko zosta\u0142o specjalnie zaprojektowane dla najm\u0142odszych, pocz\u0105tkuj\u0105cych rowerzyst\u00f3w. Jest mniejsze, w\u0119\u017csze i l\u017cejsze ni\u017c typowe siode\u0142ko co pozwala na utrzymanie odpowiedniej postawy podczas jazdy. Sprawdzi si\u0119 w ka\u017cdej sytuacji i pogodzie. STRIDER CLASSIC &#8211; Zacisk sztycy i kierownicyWykonane z litego aluminium zaciski sztycy i kierownicy do wygodnej regulacji i monta\u017cu z u\u017cyciem klucza. STRIDER CLASSIC &#8211; RamaLekka i wytrzyma\u0142a stalowa podw\u00f3jnie cieniowana rama sprawia, \u017ce rowerek jest w czo\u0142\u00f3wce najl\u017cejszych rowerk\u00f3w biegowych na rynku. Je\u015bli Twoje dziecko jest ruchliwe i ciekawe \u015bwiata, bujak STRIDER 12 zainspiruje je do aktywnego sp\u0119dzania czasu i nauczy podstaw \u0142apania r\u00f3wnowagi Twoje dziecko nie musi chodzi\u0107 by zacz\u0105\u0107 uczy\u0107 si\u0119 umiej\u0119tno\u015bci trzymania r\u00f3wnowagi. A wszystko to przy u\u017cyciu specjalnej p\u0142ozy kt\u00f3ra przekszta\u0142ca rowerek biegowy STRIDER 12 w idealn\u0105 zabawk\u0119. Nie ma lepszego sposobu na rozwini\u0119cie umiej\u0119tno\u015bci motorycznych u dziecka ni\u017c zapewnienie mu frajdy i ekscytacji zwi\u0105zanej z jazd\u0105 na rowerze. Gdy dziecko zacznie chodzi\u0107 z \u0142atwo\u015bci\u0105 po\u017cegna si\u0119 z bujakiem i przesi\u0105dzie na rowerek biegowy. Rowerek biegowy STRIDER 12 kt\u00f3ry nauczy je balansu w ka\u017cdych warunkach, podniesie zdolno\u015bci motoryczne dziecka i zaszczepi w nim pewno\u015b\u0107 siebie. BUJAK NALE\u017bY DOKUPI\u0106 OSOBNO. &gt;&gt;KLIKNIJ TUTAJ ABY ZAKUPI\u0106 BUJAK&lt;&lt;<\/p>\n<h2>Strider Rowerek biegowy Classic 12&#8243; Pink Strider<\/h2>\n<p>atrakcje dla nastolatk\u00f3w, cytat o przyja\u017ani, sa\u0142atki dla dzieci, quiz bo\u017ce narodzenie, marianna, audiobook dla dzieci za darmo, tekst kolysanek, kolorowanka harry potter, kolorowanki dla dziewczynek lol, quizy o miko\u0142ajku, zagadki logiczne na inteligencj\u0119 dla doros\u0142ych, tabliczka mno\u017cenia do druku, zagadki kr\u00f3tkie, jak narysowa\u0107 kota<\/p>\n<p>yyyyy<\/p>\n<p>&nbsp;<\/p>\n","protected":false},"excerpt":{"rendered":"<p>Najl\u017cejszy rowerek biegowy Strider CLASSIC [18mc &#8211; 4 lat] Rowerek biegowy STRIDER Classic oferuje wszystkie funkcje jakich potrzebuje Twoje dziecko. Jest on idealnym po\u0142\u0105czeniem wydajno\u015bci, nowoczesnych rozwi\u0105za\u0144 oraz ceny b\u0119d\u0105cych owocem 9 letniej pracy projektowania i ulepsze\u0144 produkcji. Wyposa\u017cony w wygodne siode\u0142ko nowej generacji, zapewniaj\u0105c komfort jazdy najm\u0142odszym rowerzystom, oraz dwa rozmiary sztycy umo\u017cliwiaj\u0105c regulacj\u0119 [&hellip;]<\/p>\n","protected":false},"featured_media":6685,"comment_status":"closed","ping_status":"open","template":"","meta":[],"product_cat":[453,1490],"product_tag":[613,876,587,586,850],"class_list":["post-6684","product","type-product","status-publish","has-post-thumbnail","hentry","product_cat-rowerki-biegowe","product_cat-strider","product_tag-na-wyspach-bergamutach","product_tag-przyjazn","product_tag-skalne-miasto","product_tag-smieszne-zagadki","product_tag-wroclaw-atrakcje-dla-dzieci"],"_links":{"self":[{"href":"http:\/\/klubmamgdynia.pl\/index.php\/wp-json\/wp\/v2\/product\/6684","targetHints":{"allow":["GET"]}}],"collection":[{"href":"http:\/\/klubmamgdynia.pl\/index.php\/wp-json\/wp\/v2\/product"}],"about":[{"href":"http:\/\/klubmamgdynia.pl\/index.php\/wp-json\/wp\/v2\/types\/product"}],"replies":[{"embeddable":true,"href":"http:\/\/klubmamgdynia.pl\/index.php\/wp-json\/wp\/v2\/comments?post=6684"}],"wp:featuredmedia":[{"embeddable":true,"href":"http:\/\/klubmamgdynia.pl\/index.php\/wp-json\/wp\/v2\/media\/6685"}],"wp:attachment":[{"href":"http:\/\/klubmamgdynia.pl\/index.php\/wp-json\/wp\/v2\/media?parent=6684"}],"wp:term":[{"taxonomy":"product_cat","embeddable":true,"href":"http:\/\/klubmamgdynia.pl\/index.php\/wp-json\/wp\/v2\/product_cat?post=6684"},{"taxonomy":"product_tag","embeddable":true,"href":"http:\/\/klubmamgdynia.pl\/index.php\/wp-json\/wp\/v2\/product_tag?post=6684"}],"curies":[{"name":"wp","href":"https:\/\/api.w.org\/{rel}","templated":true}]}}