{"id":6686,"date":"2024-08-07T15:04:53","date_gmt":"2024-08-07T13:04:53","guid":{"rendered":"http:\/\/klubmamgdynia.pl\/?post_type=product&#038;p=6686"},"modified":"2026-04-27T07:21:13","modified_gmt":"2026-04-27T05:21:13","slug":"philips-avent-natural-0-6m-2-szt-scf651-27","status":"publish","type":"product","link":"http:\/\/klubmamgdynia.pl\/index.php\/produkt\/philips-avent-natural-0-6m-2-szt-scf651-27\/","title":{"rendered":"PHILIPS AVENT Natural 0-6M 2 szt. SCF651\/27"},"content":{"rendered":"<p>Philips AventSmoczek NaturalSCF651\/27Nasz nowy smoczek sprawia, \u017ce karmienie staje si\u0119 bardziej naturalne dla Ciebie i dziecka. Smoczek jest wyposa\u017cony w innowacyjne p\u0142atki, kt\u00f3re powoduj\u0105, \u017ce przypomina on pier\u015b &#8211; dzi\u0119ki temu dziecko mo\u017ce przyssa\u0107 si\u0119 do niego w naturalny spos\u00f3b. U\u0142atwia to\u00a0\u0142\u0105czenie karmienia piersi\u0105 i butelk\u0105.Naturalny spos\u00f3b karmienia butelk\u0105Smoczek z p\u0142atkami firmy AVENT2 sztukiDla noworodk\u00f3w0m+                            <\/p>\n<p>Naturalne przysysanie do szerokiego smoczka w kszta\u0142cie piersi Szeroki smoczek przypominaj\u0105cy kszta\u0142tem pier\u015b pozwala dziecku w naturalny spos\u00f3b przyssa\u0107 si\u0119 i u\u0142atwia \u0142\u0105czenie karmienia piersi\u0105 i butelk\u0105.                            <\/p>\n<p>Wyj\u0105tkowe p\u0142atki zwi\u0119kszaj\u0105ce jego mi\u0119kko\u015b\u0107 i gi\u0119tko\u015b\u0107 oraz chroni\u0105ce przed zapadaniem si\u0119 P\u0142atki znajduj\u0105ce si\u0119 wewn\u0105trz smoczka zwi\u0119kszaj\u0105 jego mi\u0119kko\u015b\u0107 i gi\u0119tko\u015b\u0107 bez ryzyka zapadania si\u0119 smoczka. Twoje dziecko polubi bardziej wygodny spos\u00f3b karmienia.                            <\/p>\n<p>Zaawansowany system antykolkowy z innowacyjnym, podw\u00f3jnym zaworkiem Innowacyjny, podw\u00f3jny zaw\u00f3r zmniejsza dyskomfort i cz\u0119stotliwo\u015b\u0107 wyst\u0119powania kolki, odprowadzaj\u0105c powietrze do butelki zamiast do brzuszka dziecka.                            <\/p>\n<p>Smoczek niezawieraj\u0105cy bisfenolu A Smoczek zosta\u0142 wykonany z silikonu \u2014 materia\u0142u niezawieraj\u0105cego bisfenolu A, zgodnie z dyrektyw\u0105 UE (2011\/8\/EU)                            <\/p>\n<p>R\u00f3\u017cne stopnie wyp\u0142ywu zapewniaj\u0105ce najbardziej wygodne karmienieFirma Philips Avent oferuje smoczki o czterech r\u00f3\u017cnych stopniach wyp\u0142ywu, kt\u00f3re pozwalaj\u0105 zaspokoi\u0107 rosn\u0105ce potrzeby Twojego dziecka. Pami\u0119taj, \u017ce oznaczenia wieku maj\u0105 charakter orientacyjny, poniewa\u017c dzieci rozwijaj\u0105 si\u0119 w r\u00f3\u017cnym tempie. Firma Philips Avent oferuje smoczek dla noworodk\u00f3w z 1 dziurk\u0105 (0M+), smoczek o wolnym wyp\u0142ywie z 2 dziurkami (1M+), smoczek o \u015brednim wyp\u0142ywie z 3 dziurkami (3M+) i smoczek o szybkim wyp\u0142ywie z 4 dziurkami (6M+). Wszystkie smoczki s\u0105 dost\u0119pne w zestawach po dwie sztuki.                            <\/p>\n<p>Zgodno\u015b\u0107 z butelk\u0105 do karmienia Philips Avent NaturalZalecamy u\u017cywanie smoczk\u00f3w do karmienia Natural wy\u0142\u0105cznie z butelkami Natural.<\/p>\n<h2>PHILIPS AVENT Natural 0-6M 2 szt. SCF651\/27 Philips<\/h2>\n<p>fajne \u017carty na prima aprilis, kolorowanki dla ch\u0142opc\u00f3w do druku, logiczne zagadki dla dzieci, zagadki o wio\u015bnie dla dzieci, imie nadia, spongebob kolorowanka, wierszyki na smigus dyngus, bajka krecik, test z lektury dynastia mizio\u0142k\u00f3w, pomys\u0142 na laurk\u0119, ja\u015bmina imi\u0119, bajka na dobranoc do czytania, zabawka na roczek dla dziewczynki, zabawy dla 6 latk\u00f3w, kolorowanki na dzie\u0144 mamy, \u015bwinka peppa bajka do czytania, milosc do dzieci, trudne zagadki dla dzieci, prezent pod choink\u0119 dla 7 letniej dziewczynki<\/p>\n<p>yyyyy<\/p>\n<p>&nbsp;<\/p>\n","protected":false},"excerpt":{"rendered":"<p>Philips AventSmoczek NaturalSCF651\/27Nasz nowy smoczek sprawia, \u017ce karmienie staje si\u0119 bardziej naturalne dla Ciebie i dziecka. Smoczek jest wyposa\u017cony w innowacyjne p\u0142atki, kt\u00f3re powoduj\u0105, \u017ce przypomina on pier\u015b &#8211; dzi\u0119ki temu dziecko mo\u017ce przyssa\u0107 si\u0119 do niego w naturalny spos\u00f3b. U\u0142atwia to\u00a0\u0142\u0105czenie karmienia piersi\u0105 i butelk\u0105.Naturalny spos\u00f3b karmienia butelk\u0105Smoczek z p\u0142atkami firmy AVENT2 sztukiDla noworodk\u00f3w0m+ [&hellip;]<\/p>\n","protected":false},"featured_media":6687,"comment_status":"closed","ping_status":"open","template":"","meta":[],"product_cat":[261,283],"product_tag":[626,649,608],"class_list":["post-6686","product","type-product","status-publish","has-post-thumbnail","hentry","product_cat-philips","product_cat-smoczki-i-ustniki-do-butelek","product_tag-jacek","product_tag-zagadki-dla-nastolatkow","product_tag-zagadki-i-odpowiedzi"],"_links":{"self":[{"href":"http:\/\/klubmamgdynia.pl\/index.php\/wp-json\/wp\/v2\/product\/6686","targetHints":{"allow":["GET"]}}],"collection":[{"href":"http:\/\/klubmamgdynia.pl\/index.php\/wp-json\/wp\/v2\/product"}],"about":[{"href":"http:\/\/klubmamgdynia.pl\/index.php\/wp-json\/wp\/v2\/types\/product"}],"replies":[{"embeddable":true,"href":"http:\/\/klubmamgdynia.pl\/index.php\/wp-json\/wp\/v2\/comments?post=6686"}],"wp:featuredmedia":[{"embeddable":true,"href":"http:\/\/klubmamgdynia.pl\/index.php\/wp-json\/wp\/v2\/media\/6687"}],"wp:attachment":[{"href":"http:\/\/klubmamgdynia.pl\/index.php\/wp-json\/wp\/v2\/media?parent=6686"}],"wp:term":[{"taxonomy":"product_cat","embeddable":true,"href":"http:\/\/klubmamgdynia.pl\/index.php\/wp-json\/wp\/v2\/product_cat?post=6686"},{"taxonomy":"product_tag","embeddable":true,"href":"http:\/\/klubmamgdynia.pl\/index.php\/wp-json\/wp\/v2\/product_tag?post=6686"}],"curies":[{"name":"wp","href":"https:\/\/api.w.org\/{rel}","templated":true}]}}