{"id":6688,"date":"2023-01-09T11:01:16","date_gmt":"2023-01-09T10:01:16","guid":{"rendered":"http:\/\/klubmamgdynia.pl\/?post_type=product&#038;p=6688"},"modified":"2026-05-17T23:01:02","modified_gmt":"2026-05-17T21:01:02","slug":"stamp-rowerek-biegowy-kola-10cal-biegowka-sp0611-rozowy","status":"publish","type":"product","link":"http:\/\/klubmamgdynia.pl\/index.php\/produkt\/stamp-rowerek-biegowy-kola-10cal-biegowka-sp0611-rozowy\/","title":{"rendered":"Stamp Rowerek biegowy ko\u0142a 10cal bieg\u00f3wka SP0611 R\u00f3\u017cowy"},"content":{"rendered":"<p>Wytrzyma\u0142y rowerek biegowy firmy STAMP b\u0119dzie \u015bwietnym rozwi\u0105zaniem dla dziecka, kt\u00f3re uwielbia ruch ale nie potrafi jeszcze je\u017adzi\u0107 na tradycyjnym rowerze.Jazda na rowerze biegowym jest intuicyjna, dziecko podczas zabawy \u0107wiczy r\u00f3wnowag\u0119 i koordynacj\u0119 ruchow\u0105, niezb\u0119dn\u0105 do jazdy na rowerze z peda\u0142kami.Wysoko\u015b\u0107 siode\u0142ka oraz kierownicy jest regulowana, tak by jak najlepiej dopasowa\u0107 je do wzrostu dziecka.Piankowe, odporne na uszkodzenia ko\u0142a nie wymagaj\u0105 pompowania.Ca\u0142o\u015b\u0107 utrzymana jest w nowoczesnej, ciekawej stylistyce. Rower wyr\u00f3\u017cnia si\u0119 wysok\u0105 jako\u015bci\u0105 wykonania oraz atrakcyjnym wygl\u0105dem.Dane techniczne:- 10 calowe piankowe ko\u0142a- metalowa rama- lekka, wytrzyma\u0142a konstrukcja- wygodne, mi\u0119kkie siode\u0142ko- rekomendowany wiek dziecka: 2-4 lata,- maksymalne obci\u0105\u017cenie: 20kg- regulowana wysoko\u015b\u0107 do siode\u0142ka: 37-42cm- regulowana wysoko\u015b\u0107 kierownicy: 51-56cm- d\u0142ugo\u015b\u0107 rowerka ok. 68cmZabawa na rowerze b\u0119dzie \u015bwietn\u0105 alternatyw\u0105 dla ogl\u0105dania TV czy grania na komputerze. Dzi\u0119ki niewielkim wymiarom bieg\u00f3wka \u015bwietnie spisze si\u0119 zar\u00f3wno na alejkach w parku jak i w domu. Gwarantuje bezpieczn\u0105 i przyjemn\u0105 zabaw\u0119 dla najm\u0142odszych Pociech.<\/p>\n<h2>Stamp Rowerek biegowy ko\u0142a 10cal bieg\u00f3wka SP0611 R\u00f3\u017cowy Stamp<\/h2>\n<p>bajka do czytania, opowiadanie o jesieni dla dzieci, prezent na roczek dla chlopca, test z lektury spos\u00f3b na alcybiadesa, trudne zagadki i odpowiedzi, g\u0142upie zagadki, zagadki matematyczne dla dzieci, oryginalny prezent na roczek dla dziewczynki<\/p>\n<p>yyyyy<\/p>\n<p>&nbsp;<\/p>\n","protected":false},"excerpt":{"rendered":"<p>Wytrzyma\u0142y rowerek biegowy firmy STAMP b\u0119dzie \u015bwietnym rozwi\u0105zaniem dla dziecka, kt\u00f3re uwielbia ruch ale nie potrafi jeszcze je\u017adzi\u0107 na tradycyjnym rowerze.Jazda na rowerze biegowym jest intuicyjna, dziecko podczas zabawy \u0107wiczy r\u00f3wnowag\u0119 i koordynacj\u0119 ruchow\u0105, niezb\u0119dn\u0105 do jazdy na rowerze z peda\u0142kami.Wysoko\u015b\u0107 siode\u0142ka oraz kierownicy jest regulowana, tak by jak najlepiej dopasowa\u0107 je do wzrostu dziecka.Piankowe, [&hellip;]<\/p>\n","protected":false},"featured_media":6689,"comment_status":"closed","ping_status":"open","template":"","meta":[],"product_cat":[453,1491],"product_tag":[671,836,850,694],"class_list":["post-6688","product","type-product","status-publish","has-post-thumbnail","hentry","product_cat-rowerki-biegowe","product_cat-stamp","product_tag-cicha-noc-po-angielsku-tekst","product_tag-co-kupic-dziecku-na-roczek","product_tag-wroclaw-atrakcje-dla-dzieci","product_tag-zagadki-swiateczne-dla-dzieci"],"_links":{"self":[{"href":"http:\/\/klubmamgdynia.pl\/index.php\/wp-json\/wp\/v2\/product\/6688","targetHints":{"allow":["GET"]}}],"collection":[{"href":"http:\/\/klubmamgdynia.pl\/index.php\/wp-json\/wp\/v2\/product"}],"about":[{"href":"http:\/\/klubmamgdynia.pl\/index.php\/wp-json\/wp\/v2\/types\/product"}],"replies":[{"embeddable":true,"href":"http:\/\/klubmamgdynia.pl\/index.php\/wp-json\/wp\/v2\/comments?post=6688"}],"wp:featuredmedia":[{"embeddable":true,"href":"http:\/\/klubmamgdynia.pl\/index.php\/wp-json\/wp\/v2\/media\/6689"}],"wp:attachment":[{"href":"http:\/\/klubmamgdynia.pl\/index.php\/wp-json\/wp\/v2\/media?parent=6688"}],"wp:term":[{"taxonomy":"product_cat","embeddable":true,"href":"http:\/\/klubmamgdynia.pl\/index.php\/wp-json\/wp\/v2\/product_cat?post=6688"},{"taxonomy":"product_tag","embeddable":true,"href":"http:\/\/klubmamgdynia.pl\/index.php\/wp-json\/wp\/v2\/product_tag?post=6688"}],"curies":[{"name":"wp","href":"https:\/\/api.w.org\/{rel}","templated":true}]}}