{"id":669,"date":"2015-05-20T22:04:02","date_gmt":"2015-05-20T20:04:02","guid":{"rendered":"http:\/\/klubmamgdynia.pl\/index.php\/produkt\/ardo-goldcream-10-ml-z-lanolina\/"},"modified":"2026-04-10T08:27:42","modified_gmt":"2026-04-10T06:27:42","slug":"ardo-goldcream-10-ml-z-lanolina","status":"publish","type":"product","link":"http:\/\/klubmamgdynia.pl\/index.php\/produkt\/ardo-goldcream-10-ml-z-lanolina\/","title":{"rendered":"ARDO GoldCream 10 ml z lanolin\u0105"},"content":{"rendered":"<p>ARDO GoldCream 10 ml \u2013z lanolin\u0105Opis:GoldCream 10 ml to w 100% naturalny krem na brodawki, kt\u00f3re s\u0105 w okresiekarmienia piersi\u0105 suche i nadwra\u017cliwe. Krem jest z naturalnej lanolinyi pomaga w regeneracji sk\u00f3ry. Nak\u0142ada si\u0119 go zawsze, gdy sk\u00f3ra jest sucha.Krem ma bardzo delikatn\u0105, g\u0142adk\u0105 konsystencj\u0119, jest hipoalergiczny i bezzapachu. Dlatego nie musisz go zmywa\u0107 przed karmieniem.<\/p>\n<h2>ARDO GoldCream 10 ml z lanolin\u0105 Ardo<\/h2>\n<p>zagadki o przyborach szkolnych, wilga, felix net i nika oraz gang niewidzialnych ludzi quiz, roczek prezent, eksperyment dla dzieci wulkan, bursztynek, zagadki logiczne dla doros\u0142ych, kwiaty polne nazwy i zdj\u0119cia, list do sw mikolaja, najpi\u0119kniejsze cytaty dziecko cytaty, plecak torba i walizka, zagadki o zwierz\u0119tach wiejskich, prezent dla 15 latki, karty pracy dla dzieci z ukrainy, cytaty o wychowaniu i nauczaniu<\/p>\n<p>yyyyy<\/p>\n<p>&nbsp;<\/p>\n","protected":false},"excerpt":{"rendered":"<p>ARDO GoldCream 10 ml \u2013z lanolin\u0105Opis:GoldCream 10 ml to w 100% naturalny krem na brodawki, kt\u00f3re s\u0105 w okresiekarmienia piersi\u0105 suche i nadwra\u017cliwe. Krem jest z naturalnej lanolinyi pomaga w regeneracji sk\u00f3ry. Nak\u0142ada si\u0119 go zawsze, gdy sk\u00f3ra jest sucha.Krem ma bardzo delikatn\u0105, g\u0142adk\u0105 konsystencj\u0119, jest hipoalergiczny i bezzapachu. Dlatego nie musisz go zmywa\u0107 przed [&hellip;]<\/p>\n","protected":false},"featured_media":670,"comment_status":"closed","ping_status":"open","template":"","meta":[],"product_cat":[253,254],"product_tag":[722,861,867,794,672],"class_list":["post-669","product","type-product","status-publish","has-post-thumbnail","hentry","product_cat-ardo","product_cat-pozostale-akcesoria-dla-mamy","product_tag-cytaty-o-przyjazni","product_tag-jak-narysowac-psa","product_tag-kolorowanki-dla-dziewczynek","product_tag-test-opowiesci-z-narnii-lew-czarownica-i-stara-szafa-do-druku","product_tag-trudne-zagadki-z-odpowiedziami"],"_links":{"self":[{"href":"http:\/\/klubmamgdynia.pl\/index.php\/wp-json\/wp\/v2\/product\/669","targetHints":{"allow":["GET"]}}],"collection":[{"href":"http:\/\/klubmamgdynia.pl\/index.php\/wp-json\/wp\/v2\/product"}],"about":[{"href":"http:\/\/klubmamgdynia.pl\/index.php\/wp-json\/wp\/v2\/types\/product"}],"replies":[{"embeddable":true,"href":"http:\/\/klubmamgdynia.pl\/index.php\/wp-json\/wp\/v2\/comments?post=669"}],"wp:featuredmedia":[{"embeddable":true,"href":"http:\/\/klubmamgdynia.pl\/index.php\/wp-json\/wp\/v2\/media\/670"}],"wp:attachment":[{"href":"http:\/\/klubmamgdynia.pl\/index.php\/wp-json\/wp\/v2\/media?parent=669"}],"wp:term":[{"taxonomy":"product_cat","embeddable":true,"href":"http:\/\/klubmamgdynia.pl\/index.php\/wp-json\/wp\/v2\/product_cat?post=669"},{"taxonomy":"product_tag","embeddable":true,"href":"http:\/\/klubmamgdynia.pl\/index.php\/wp-json\/wp\/v2\/product_tag?post=669"}],"curies":[{"name":"wp","href":"https:\/\/api.w.org\/{rel}","templated":true}]}}