{"id":6690,"date":"2011-07-16T12:02:14","date_gmt":"2011-07-16T10:02:14","guid":{"rendered":"http:\/\/klubmamgdynia.pl\/index.php\/produkt\/dwustronna-narzuta-na-lozko-cool-kids-lozko-90\/"},"modified":"2026-05-01T13:25:35","modified_gmt":"2026-05-01T11:25:35","slug":"dwustronna-narzuta-na-lozko-cool-kids-lozko-90","status":"publish","type":"product","link":"http:\/\/klubmamgdynia.pl\/index.php\/produkt\/dwustronna-narzuta-na-lozko-cool-kids-lozko-90\/","title":{"rendered":"Dwustronna Narzuta Na \u0141\u00f3\u017cko Cool Kids \u0141\u00f3\u017cko 90"},"content":{"rendered":"<p>Je\u015bli chcesz doda\u0107 Twojemu domowi nutk\u0119 oryginalno\u015bci, dzi\u0119ki Dwustronna Narzuta na \u0141\u00f3\u017cko Cool Kids (\u0141\u00f3\u017cko 90) to osi\u0105gniesz.Rozmiar: \u0141\u00f3\u017cko 90Materia\u0142: 100% bawe\u0142nyWymiary ok.: 180 x 260 cmZ piank\u0105: Puste w\u0142\u00f3kno 100 % poliesterNadruk: Wysokiej jako\u015bci nadruk cyfrowy, wysoka odporno\u015b\u0107 na pranie.Instrukcja prania: Pra\u0107 w temperaturze maksymalnej 40 \u00baC. Po wypraniu niezw\u0142ocznie wysuszy\u0107, nie pozostawia\u0107 zamoczonej lub wilgotnej odzie\u017cy w pralce.Pra\u0107 neutralnymi \u015brodkami pior\u0105cymiNie zawiera: PoduszkaW\u0142a\u015bciwo\u015bci: Odwracalny&#8230;<\/p>\n<h2>Dwustronna Narzuta Na \u0141\u00f3\u017cko Cool Kids \u0141\u00f3\u017cko 90 <\/h2>\n<p>filmy animowane o \u015bwi\u0119tach, plac zabaw warszawa, trudne zagadki na inteligencje, maciej imie, kolorowanki konie do druku, prezenty na roczek dla ch\u0142opca, zagadki na inteligencj\u0119, dalia imi\u0119, psi patrol kolorowanka, leon imi\u0119, zagadki nie do rozwi\u0105zania, \u015bw przemys\u0142aw, kwiecie\u0144 plecie\u0144 wiersz, zygzak mcqueen kolorowanka, pierwszy obudzi\u0142 si\u0119 pierwiosnek tekst<\/p>\n<p>yyyyy<\/p>\n<p>&nbsp;<\/p>\n","protected":false},"excerpt":{"rendered":"<p>Je\u015bli chcesz doda\u0107 Twojemu domowi nutk\u0119 oryginalno\u015bci, dzi\u0119ki Dwustronna Narzuta na \u0141\u00f3\u017cko Cool Kids (\u0141\u00f3\u017cko 90) to osi\u0105gniesz.Rozmiar: \u0141\u00f3\u017cko 90Materia\u0142: 100% bawe\u0142nyWymiary ok.: 180 x 260 cmZ piank\u0105: Puste w\u0142\u00f3kno 100 % poliesterNadruk: Wysokiej jako\u015bci nadruk cyfrowy, wysoka odporno\u015b\u0107 na pranie.Instrukcja prania: Pra\u0107 w temperaturze maksymalnej 40 \u00baC. Po wypraniu niezw\u0142ocznie wysuszy\u0107, nie pozostawia\u0107 zamoczonej [&hellip;]<\/p>\n","protected":false},"featured_media":6691,"comment_status":"closed","ping_status":"open","template":"","meta":[],"product_cat":[1006],"product_tag":[829,766,678,804,633],"class_list":["post-6690","product","type-product","status-publish","has-post-thumbnail","hentry","product_cat-koce-i-narzuty-dzieciece","product_tag-bajki-do-czytania-na-dobranoc","product_tag-kira","product_tag-prezent-na-roczek-dla-dziewczynki","product_tag-ryz-z-owocami","product_tag-zagadki-z-odpowiedziami"],"_links":{"self":[{"href":"http:\/\/klubmamgdynia.pl\/index.php\/wp-json\/wp\/v2\/product\/6690","targetHints":{"allow":["GET"]}}],"collection":[{"href":"http:\/\/klubmamgdynia.pl\/index.php\/wp-json\/wp\/v2\/product"}],"about":[{"href":"http:\/\/klubmamgdynia.pl\/index.php\/wp-json\/wp\/v2\/types\/product"}],"replies":[{"embeddable":true,"href":"http:\/\/klubmamgdynia.pl\/index.php\/wp-json\/wp\/v2\/comments?post=6690"}],"wp:featuredmedia":[{"embeddable":true,"href":"http:\/\/klubmamgdynia.pl\/index.php\/wp-json\/wp\/v2\/media\/6691"}],"wp:attachment":[{"href":"http:\/\/klubmamgdynia.pl\/index.php\/wp-json\/wp\/v2\/media?parent=6690"}],"wp:term":[{"taxonomy":"product_cat","embeddable":true,"href":"http:\/\/klubmamgdynia.pl\/index.php\/wp-json\/wp\/v2\/product_cat?post=6690"},{"taxonomy":"product_tag","embeddable":true,"href":"http:\/\/klubmamgdynia.pl\/index.php\/wp-json\/wp\/v2\/product_tag?post=6690"}],"curies":[{"name":"wp","href":"https:\/\/api.w.org\/{rel}","templated":true}]}}