{"id":6692,"date":"2011-04-03T23:04:24","date_gmt":"2011-04-03T21:04:24","guid":{"rendered":"http:\/\/klubmamgdynia.pl\/index.php\/produkt\/malplay-interaktywna-lalka-w-nosidelku\/"},"modified":"2026-04-24T08:56:35","modified_gmt":"2026-04-24T06:56:35","slug":"malplay-interaktywna-lalka-w-nosidelku","status":"publish","type":"product","link":"http:\/\/klubmamgdynia.pl\/index.php\/produkt\/malplay-interaktywna-lalka-w-nosidelku\/","title":{"rendered":"Malplay Interaktywna Lalka w Noside\u0142ku"},"content":{"rendered":"<p>Malplay Interaktywna Lalka w Noside\u0142ku<\/p>\n<p>Wspania\u0142a<br \/>\nlalka Zestaw lalki w noside\u0142ku. Idealna zabawa dla ka\u017cdej dziewczynki, chc\u0105cej<br \/>\nsi\u0119 wcieli\u0107 w rol\u0119 mamusi.W<br \/>\nzestawie znajduje si\u0119 lalka, z ruchomymi r\u0105czkami i n\u00f3\u017ckami, noside\u0142ko oraz<br \/>\nsmoczek z \u0142a\u0144cuszkiem do przypi\u0119cia. Nie mog\u0142o zabrakn\u0105\u0107 butelki do karmienia.<br \/>\nJedna z atrakcyjnych funkcji lalki jest to, \u017ce podaniu jej picia, lalka siusia<br \/>\njak prawdziwe niemowl\u0119.Sama<br \/>\nlalka jest interaktywna. Po naci\u015bni\u0119ciu na brzuszek lalka wydaje d\u017awi\u0119ki,<br \/>\npotrafi gaworzy\u0107 oraz m\u00f3wi\u0107 podstawowe wyrazy.                            <\/p>\n<p>Lalka<br \/>\nma te\u017c \u0142adne jasne w\u0142osy zaplecione w dwa warkoczyki. Idealnie nadaje si\u0119 do<br \/>\nczesania.Noside\u0142ko<br \/>\nmo\u017cna z\u0142o\u017cy\u0107 i nosi\u0107 jak torebk\u0119 na r\u0119k\u0119. Samo noside\u0142ko mo\u017ce s\u0142u\u017cy\u0107 jako<br \/>\n\u0142\u00f3\u017ceczko do spania dla lalki. Do noside\u0142ka mo\u017cemy zmie\u015bci\u0107 lalk\u0119 do ok. 30 cm<br \/>\nd\u0142ugo\u015bci.Gaworzy,<br \/>\nSika,\u015amieje si\u0119 , P\u0142acze<\/p>\n<h2>Malplay Interaktywna Lalka w Noside\u0142ku Malplay<\/h2>\n<p>dla nastolatk\u00f3w prezenty, platformy edukacyjne, wiersz na dobranoc dla dzieci, test dynastia mizio\u0142k\u00f3w, jakie prezenty na roczek, malowanka, proste \u017carty na prima aprilis, bajki dla dzieci na dobranoc, znaczenie imienia paula, jaki prezent na roczek dla dziewczynki, zagadki dla 9 latk\u00f3w, mandale do druku, testy z lektury tajemniczy ogr\u00f3d, weso\u0142e pisanki tekst piosenki, bo\u017ce narodzenie (film), aurelia imi\u0119, prezent na roczek dla chlopca, liwia imi\u0119, pomys\u0142y na prezent dla nastolatk\u00f3w, dobranoc zimowo<\/p>\n<p>yyyyy<\/p>\n<p>&nbsp;<\/p>\n","protected":false},"excerpt":{"rendered":"<p>Malplay Interaktywna Lalka w Noside\u0142ku Wspania\u0142a lalka Zestaw lalki w noside\u0142ku. Idealna zabawa dla ka\u017cdej dziewczynki, chc\u0105cej si\u0119 wcieli\u0107 w rol\u0119 mamusi.W zestawie znajduje si\u0119 lalka, z ruchomymi r\u0105czkami i n\u00f3\u017ckami, noside\u0142ko oraz smoczek z \u0142a\u0144cuszkiem do przypi\u0119cia. Nie mog\u0142o zabrakn\u0105\u0107 butelki do karmienia. Jedna z atrakcyjnych funkcji lalki jest to, \u017ce podaniu jej picia, [&hellip;]<\/p>\n","protected":false},"featured_media":6693,"comment_status":"closed","ping_status":"open","template":"","meta":[],"product_cat":[65,84],"product_tag":[611,685,618,771,709],"class_list":["post-6692","product","type-product","status-publish","has-post-thumbnail","hentry","product_cat-lalki","product_cat-malplay","product_tag-bajki-do-czytania-psi-patrol","product_tag-cytaty-o-rodzinie","product_tag-lato-lato-lato-czeka-tekst","product_tag-stolice-europy-quiz","product_tag-zagadki-dla-dzieci-6-7-lat"],"_links":{"self":[{"href":"http:\/\/klubmamgdynia.pl\/index.php\/wp-json\/wp\/v2\/product\/6692","targetHints":{"allow":["GET"]}}],"collection":[{"href":"http:\/\/klubmamgdynia.pl\/index.php\/wp-json\/wp\/v2\/product"}],"about":[{"href":"http:\/\/klubmamgdynia.pl\/index.php\/wp-json\/wp\/v2\/types\/product"}],"replies":[{"embeddable":true,"href":"http:\/\/klubmamgdynia.pl\/index.php\/wp-json\/wp\/v2\/comments?post=6692"}],"wp:featuredmedia":[{"embeddable":true,"href":"http:\/\/klubmamgdynia.pl\/index.php\/wp-json\/wp\/v2\/media\/6693"}],"wp:attachment":[{"href":"http:\/\/klubmamgdynia.pl\/index.php\/wp-json\/wp\/v2\/media?parent=6692"}],"wp:term":[{"taxonomy":"product_cat","embeddable":true,"href":"http:\/\/klubmamgdynia.pl\/index.php\/wp-json\/wp\/v2\/product_cat?post=6692"},{"taxonomy":"product_tag","embeddable":true,"href":"http:\/\/klubmamgdynia.pl\/index.php\/wp-json\/wp\/v2\/product_tag?post=6692"}],"curies":[{"name":"wp","href":"https:\/\/api.w.org\/{rel}","templated":true}]}}