{"id":6694,"date":"2012-12-15T19:58:29","date_gmt":"2012-12-15T18:58:29","guid":{"rendered":"http:\/\/klubmamgdynia.pl\/index.php\/produkt\/vulli-sophie-la-girafe-shake-grzechotka-jajeczna\/"},"modified":"2026-04-26T10:56:34","modified_gmt":"2026-04-26T08:56:34","slug":"vulli-sophie-la-girafe-shake-grzechotka-jajeczna","status":"publish","type":"product","link":"http:\/\/klubmamgdynia.pl\/index.php\/produkt\/vulli-sophie-la-girafe-shake-grzechotka-jajeczna\/","title":{"rendered":"Vulli Sophie La Girafe Shake Grzechotka Jajeczna"},"content":{"rendered":"<p>Ten zestaw zawiera dwie ma\u0142e figurki stoj\u0105ce. Twoje dziecko pokocha to, kiedy b\u0119dzie mog\u0142o stuka\u0107 w jajka i patrze\u0107, jak wstaje. Ma\u0142e kulki dodatkowo poruszaj\u0105 si\u0119 wewn\u0105trz figurek. W ten spos\u00f3b Twoje dziecko prze\u017cywa swoje pierwsze zabawne do\u015bwiadczenia z r\u00f3wnowag\u0105. Szczeg\u00f3\u0142y produktu: Wielko\u015b\u0107 (wysoko\u015b\u0107 x szeroko\u015b\u0107): ok. 6 x 4,5 cm Sprz\u0105tanie: Nie sterylizuj. Wyczy\u015b\u0107 powierzchni\u0119 tej zabawki wod\u0105 z myd\u0142em i wilgotn\u0105 szmatk\u0105. Materia\u0142: 100% tworzywa sztucznego Wiek: od 3 miesi\u0119cy Uwaga Przed u\u017cyciem nale\u017cy usun\u0105\u0107 wszystkie opakowania i mocowania. Zachowaj opakowanie. Zawiera ona wa\u017cne informacje. Szczeg\u00f3\u0142y i kolory zawarto\u015bci mog\u0105 si\u0119 r\u00f3\u017cni\u0107.<\/p>\n<h2>Vulli Sophie La Girafe Shake Grzechotka Jajeczna Vulli<\/h2>\n<p>pia, jagna, bo\u017ce narodzenie (film), zdrowe dania dla dzieci, bajka o \u017cabie, basen dla dzieci warszawa, prezenty dla nastolatki, rodzina sentencja, test z lektury asiunia, zosia samosia, kartka walentynkow\u0105 przedszkole, prezenty dla nastolatka<\/p>\n<p>yyyyy<\/p>\n<p>&nbsp;<\/p>\n","protected":false},"excerpt":{"rendered":"<p>Ten zestaw zawiera dwie ma\u0142e figurki stoj\u0105ce. Twoje dziecko pokocha to, kiedy b\u0119dzie mog\u0142o stuka\u0107 w jajka i patrze\u0107, jak wstaje. Ma\u0142e kulki dodatkowo poruszaj\u0105 si\u0119 wewn\u0105trz figurek. W ten spos\u00f3b Twoje dziecko prze\u017cywa swoje pierwsze zabawne do\u015bwiadczenia z r\u00f3wnowag\u0105. Szczeg\u00f3\u0142y produktu: Wielko\u015b\u0107 (wysoko\u015b\u0107 x szeroko\u015b\u0107): ok. 6 x 4,5 cm Sprz\u0105tanie: Nie sterylizuj. Wyczy\u015b\u0107 [&hellip;]<\/p>\n","protected":false},"featured_media":6695,"comment_status":"closed","ping_status":"open","template":"","meta":[],"product_cat":[63,1489],"product_tag":[731,596,764,737,872],"class_list":["post-6694","product","type-product","status-publish","has-post-thumbnail","hentry","product_cat-grzechotki-i-gryzaki","product_cat-vulli","product_tag-maly-ksiaze-cytaty","product_tag-pomysly-na-prima-aprilis","product_tag-prezenty-na-roczek-dla-dziewczynki","product_tag-test-z-lektury-felix-net-i-nika-oraz-gang-niewidzialnych-ludzi","product_tag-zagadki-dla-dzieci-6-lat"],"_links":{"self":[{"href":"http:\/\/klubmamgdynia.pl\/index.php\/wp-json\/wp\/v2\/product\/6694","targetHints":{"allow":["GET"]}}],"collection":[{"href":"http:\/\/klubmamgdynia.pl\/index.php\/wp-json\/wp\/v2\/product"}],"about":[{"href":"http:\/\/klubmamgdynia.pl\/index.php\/wp-json\/wp\/v2\/types\/product"}],"replies":[{"embeddable":true,"href":"http:\/\/klubmamgdynia.pl\/index.php\/wp-json\/wp\/v2\/comments?post=6694"}],"wp:featuredmedia":[{"embeddable":true,"href":"http:\/\/klubmamgdynia.pl\/index.php\/wp-json\/wp\/v2\/media\/6695"}],"wp:attachment":[{"href":"http:\/\/klubmamgdynia.pl\/index.php\/wp-json\/wp\/v2\/media?parent=6694"}],"wp:term":[{"taxonomy":"product_cat","embeddable":true,"href":"http:\/\/klubmamgdynia.pl\/index.php\/wp-json\/wp\/v2\/product_cat?post=6694"},{"taxonomy":"product_tag","embeddable":true,"href":"http:\/\/klubmamgdynia.pl\/index.php\/wp-json\/wp\/v2\/product_tag?post=6694"}],"curies":[{"name":"wp","href":"https:\/\/api.w.org\/{rel}","templated":true}]}}