{"id":6696,"date":"2018-08-09T06:18:52","date_gmt":"2018-08-09T04:18:52","guid":{"rendered":"http:\/\/klubmamgdynia.pl\/index.php\/produkt\/kids-euroswan-zestaw-szefa-kuchni-fartuch-z-czapka-spiderman-mv15877-zabawka\/"},"modified":"2026-04-24T07:10:15","modified_gmt":"2026-04-24T05:10:15","slug":"kids-euroswan-zestaw-szefa-kuchni-fartuch-z-czapka-spiderman-mv15877-zabawka","status":"publish","type":"product","link":"http:\/\/klubmamgdynia.pl\/index.php\/produkt\/kids-euroswan-zestaw-szefa-kuchni-fartuch-z-czapka-spiderman-mv15877-zabawka\/","title":{"rendered":"Kids Euroswan Zestaw Szefa Kuchni Fartuch Z Czapk\u0105 Spiderman Mv15877 &#8211; Zabawka"},"content":{"rendered":"<p>Zestaw ma\u0142ego kucharza z motywem Spiderman to wyj\u0105tkowo atrakcyjny prezent dla Twojego dziecka. Taki prezent b\u0119dzie doskona\u0142\u0105 okazj\u0105 by si\u0119 uczy\u0107 i bawi\u0107 poznaj\u0105c tajemniczy \u015bwiat ma\u0142ego mistrza kuchni. \u2022 Fartuch kucharski + czapka kucharza\u2022 Materia\u0142: Poliester 100%\u2022 Wymiary: 30x36x10 cm\u2022 Waga: 100 g&#8230;<\/p>\n<h2>Kids Euroswan Zestaw Szefa Kuchni Fartuch Z Czapk\u0105 Spiderman Mv15877 &#8211; Zabawka Kids Euroswan<\/h2>\n<p>prezent dla 7 latka ch\u0142opca, jak narysowa\u0107 kr\u00f3lika, roza imie, zagadki o zimie, oliwier, traktor do druku, prezent dla 14 letniej dziewczyny, mia, tabliczka mno\u017cenia kolorowanki do wydruku, \u017carty na prima aprilis dla dzieci, zagadki matematyczne dla przedszkolak\u00f3w, zagadki dla 8 latka, andrea, mia i ja kolorowanka, test z dynastii mizio\u0142k\u00f3w, quiz flagi, znaki drogowe quiz, jazda konna dla dzieci, asiunia pytania do lektury, dekorowanie kanapek dla dzieci<\/p>\n<p>yyyyy<\/p>\n<p>&nbsp;<\/p>\n","protected":false},"excerpt":{"rendered":"<p>Zestaw ma\u0142ego kucharza z motywem Spiderman to wyj\u0105tkowo atrakcyjny prezent dla Twojego dziecka. Taki prezent b\u0119dzie doskona\u0142\u0105 okazj\u0105 by si\u0119 uczy\u0107 i bawi\u0107 poznaj\u0105c tajemniczy \u015bwiat ma\u0142ego mistrza kuchni. \u2022 Fartuch kucharski + czapka kucharza\u2022 Materia\u0142: Poliester 100%\u2022 Wymiary: 30x36x10 cm\u2022 Waga: 100 g&#8230; Kids Euroswan Zestaw Szefa Kuchni Fartuch Z Czapk\u0105 Spiderman Mv15877 &#8211; [&hellip;]<\/p>\n","protected":false},"featured_media":6697,"comment_status":"closed","ping_status":"open","template":"","meta":[],"product_cat":[53,1103],"product_tag":[658,764,581,782,756],"class_list":["post-6696","product","type-product","status-publish","has-post-thumbnail","hentry","product_cat-kaciki-zabaw","product_cat-kids-euroswan","product_tag-alan-znaczenie-imienia","product_tag-prezenty-na-roczek-dla-dziewczynki","product_tag-zagadki-dla-8-latka","product_tag-zagadki-dla-dzieci-z-odpowiedziami","product_tag-zaproszenie-na-urodziny-do-druku"],"_links":{"self":[{"href":"http:\/\/klubmamgdynia.pl\/index.php\/wp-json\/wp\/v2\/product\/6696","targetHints":{"allow":["GET"]}}],"collection":[{"href":"http:\/\/klubmamgdynia.pl\/index.php\/wp-json\/wp\/v2\/product"}],"about":[{"href":"http:\/\/klubmamgdynia.pl\/index.php\/wp-json\/wp\/v2\/types\/product"}],"replies":[{"embeddable":true,"href":"http:\/\/klubmamgdynia.pl\/index.php\/wp-json\/wp\/v2\/comments?post=6696"}],"wp:featuredmedia":[{"embeddable":true,"href":"http:\/\/klubmamgdynia.pl\/index.php\/wp-json\/wp\/v2\/media\/6697"}],"wp:attachment":[{"href":"http:\/\/klubmamgdynia.pl\/index.php\/wp-json\/wp\/v2\/media?parent=6696"}],"wp:term":[{"taxonomy":"product_cat","embeddable":true,"href":"http:\/\/klubmamgdynia.pl\/index.php\/wp-json\/wp\/v2\/product_cat?post=6696"},{"taxonomy":"product_tag","embeddable":true,"href":"http:\/\/klubmamgdynia.pl\/index.php\/wp-json\/wp\/v2\/product_tag?post=6696"}],"curies":[{"name":"wp","href":"https:\/\/api.w.org\/{rel}","templated":true}]}}