{"id":6702,"date":"2025-08-06T02:33:05","date_gmt":"2025-08-06T00:33:05","guid":{"rendered":"http:\/\/klubmamgdynia.pl\/?post_type=product&#038;p=6702"},"modified":"2026-04-03T21:17:01","modified_gmt":"2026-04-03T19:17:01","slug":"jabadabado-drewniane-mobile-motyle","status":"publish","type":"product","link":"http:\/\/klubmamgdynia.pl\/index.php\/produkt\/jabadabado-drewniane-mobile-motyle\/","title":{"rendered":"Jabadabado Drewniane Mobile Motyle"},"content":{"rendered":"<p>Drewniane mobile z uroczymi motylkami do zawieszenia w pokoju dziecka. Mo\u017cna je r\u00f3wnie\u017c zawiesi\u0107 nad \u0142\u00f3\u017ceczkiem dziecka dobieraj\u0105c dodatkowy pa\u0142\u0105k.To \u015bwietna dekoracja dla ma\u0142ej dziewczynki.Wiek: 0m+Sk\u0142ad: drewnoWymiar: 36cm x 36cm x 36 cm<\/p>\n<h2>Jabadabado Drewniane Mobile Motyle Jabadabado<\/h2>\n<p>karteczki wydruku wr\u00f3\u017cby andrzejkowe dla dzieci, maurycy, kolorowanki do druku dla dziewczyn, cytaty o dzieciach, gry planszowe dla nastolatk\u00f3w, cytat na dzie\u0144 mamy, nietypowe imiona, kr\u00f3tkie bajki dla dzieci, wzruszajace cytaty o rodzinie, test na znaki drogowe, kawal na prima aprilis, quizy dla dzieci, labirynt dla dzieci, najlepsze \u017carty na prima aprilis, zagadki typu co to jest, co kupi\u0107 nastolatkowi, quizy miko\u0142ajek<\/p>\n<p>yyyyy<\/p>\n<p>&nbsp;<\/p>\n","protected":false},"excerpt":{"rendered":"<p>Drewniane mobile z uroczymi motylkami do zawieszenia w pokoju dziecka. Mo\u017cna je r\u00f3wnie\u017c zawiesi\u0107 nad \u0142\u00f3\u017ceczkiem dziecka dobieraj\u0105c dodatkowy pa\u0142\u0105k.To \u015bwietna dekoracja dla ma\u0142ej dziewczynki.Wiek: 0m+Sk\u0142ad: drewnoWymiar: 36cm x 36cm x 36 cm Jabadabado Drewniane Mobile Motyle Jabadabado karteczki wydruku wr\u00f3\u017cby andrzejkowe dla dzieci, maurycy, kolorowanki do druku dla dziewczyn, cytaty o dzieciach, gry planszowe [&hellip;]<\/p>\n","protected":false},"featured_media":6703,"comment_status":"closed","ping_status":"open","template":"","meta":[],"product_cat":[483,26],"product_tag":[681,852,612,705,796],"class_list":["post-6702","product","type-product","status-publish","has-post-thumbnail","hentry","product_cat-jabadabado","product_cat-zabawki-do-wozka-lozeczka-i-fotelika","product_tag-flagi-europy-quiz","product_tag-jak-zrobic-samolot-z-papieru","product_tag-kolorowanki-do-druku","product_tag-prezent-na-roczek-dla-chlopca","product_tag-zagatki"],"_links":{"self":[{"href":"http:\/\/klubmamgdynia.pl\/index.php\/wp-json\/wp\/v2\/product\/6702","targetHints":{"allow":["GET"]}}],"collection":[{"href":"http:\/\/klubmamgdynia.pl\/index.php\/wp-json\/wp\/v2\/product"}],"about":[{"href":"http:\/\/klubmamgdynia.pl\/index.php\/wp-json\/wp\/v2\/types\/product"}],"replies":[{"embeddable":true,"href":"http:\/\/klubmamgdynia.pl\/index.php\/wp-json\/wp\/v2\/comments?post=6702"}],"wp:featuredmedia":[{"embeddable":true,"href":"http:\/\/klubmamgdynia.pl\/index.php\/wp-json\/wp\/v2\/media\/6703"}],"wp:attachment":[{"href":"http:\/\/klubmamgdynia.pl\/index.php\/wp-json\/wp\/v2\/media?parent=6702"}],"wp:term":[{"taxonomy":"product_cat","embeddable":true,"href":"http:\/\/klubmamgdynia.pl\/index.php\/wp-json\/wp\/v2\/product_cat?post=6702"},{"taxonomy":"product_tag","embeddable":true,"href":"http:\/\/klubmamgdynia.pl\/index.php\/wp-json\/wp\/v2\/product_tag?post=6702"}],"curies":[{"name":"wp","href":"https:\/\/api.w.org\/{rel}","templated":true}]}}