{"id":6704,"date":"2014-03-20T18:33:02","date_gmt":"2014-03-20T17:33:02","guid":{"rendered":"http:\/\/klubmamgdynia.pl\/index.php\/produkt\/cottonmoose-mufka-do-wozka-cottonmuff-czarne\/"},"modified":"2026-04-06T02:51:20","modified_gmt":"2026-04-06T00:51:20","slug":"cottonmoose-mufka-do-wozka-cottonmuff-czarne","status":"publish","type":"product","link":"http:\/\/klubmamgdynia.pl\/index.php\/produkt\/cottonmoose-mufka-do-wozka-cottonmuff-czarne\/","title":{"rendered":"Cottonmoose Mufka do w\u00f3zka Cottonmuff-Czarne"},"content":{"rendered":"<p>Cottonmoose Mufka do w\u00f3zka Cottonmuff-Czarne, Uniwersalna mufka na ka\u017cdy w\u00f3zek&#8230;<\/p>\n<h2>Cottonmoose Mufka do w\u00f3zka Cottonmuff-Czarne Cottonmoose<\/h2>\n<p>opisy do zdj dziecka, jak namalowa\u0107 kota, prezent dla dziewczynki 7 lat, pieski ma\u0142e dwa tekst, mdk aleksandr\u00f3w \u0142\u00f3dzki, quizy o minecraft, kolorowanki do druku dla dziewczynek, kolorowanki lego ninjago, bajka o emocjach, co na roczek dla dziewczynki, zabawki dla rocznej dziewczynki, stolice europy quiz, cytaty o przyja\u017ani kr\u00f3tkie, cicha noc po angielsku tekst, halloween warszawa 2021 dzieci<\/p>\n<p>yyyyy<\/p>\n<p>&nbsp;<\/p>\n","protected":false},"excerpt":{"rendered":"<p>Cottonmoose Mufka do w\u00f3zka Cottonmuff-Czarne, Uniwersalna mufka na ka\u017cdy w\u00f3zek&#8230; Cottonmoose Mufka do w\u00f3zka Cottonmuff-Czarne Cottonmoose opisy do zdj dziecka, jak namalowa\u0107 kota, prezent dla dziewczynki 7 lat, pieski ma\u0142e dwa tekst, mdk aleksandr\u00f3w \u0142\u00f3dzki, quizy o minecraft, kolorowanki do druku dla dziewczynek, kolorowanki lego ninjago, bajka o emocjach, co na roczek dla dziewczynki, zabawki [&hellip;]<\/p>\n","protected":false},"featured_media":6705,"comment_status":"closed","ping_status":"open","template":"","meta":[],"product_cat":[127,1492],"product_tag":[668,722,763,656,713],"class_list":["post-6704","product","type-product","status-publish","has-post-thumbnail","hentry","product_cat-akcesoria-do-wozkow","product_cat-cottonmoose","product_tag-atrakcje-dla-dzieci-wroclaw","product_tag-cytaty-o-przyjazni","product_tag-fabian","product_tag-kolorowanki-lol","product_tag-zagadki-logiczne-z-odpowiedziami"],"_links":{"self":[{"href":"http:\/\/klubmamgdynia.pl\/index.php\/wp-json\/wp\/v2\/product\/6704","targetHints":{"allow":["GET"]}}],"collection":[{"href":"http:\/\/klubmamgdynia.pl\/index.php\/wp-json\/wp\/v2\/product"}],"about":[{"href":"http:\/\/klubmamgdynia.pl\/index.php\/wp-json\/wp\/v2\/types\/product"}],"replies":[{"embeddable":true,"href":"http:\/\/klubmamgdynia.pl\/index.php\/wp-json\/wp\/v2\/comments?post=6704"}],"wp:featuredmedia":[{"embeddable":true,"href":"http:\/\/klubmamgdynia.pl\/index.php\/wp-json\/wp\/v2\/media\/6705"}],"wp:attachment":[{"href":"http:\/\/klubmamgdynia.pl\/index.php\/wp-json\/wp\/v2\/media?parent=6704"}],"wp:term":[{"taxonomy":"product_cat","embeddable":true,"href":"http:\/\/klubmamgdynia.pl\/index.php\/wp-json\/wp\/v2\/product_cat?post=6704"},{"taxonomy":"product_tag","embeddable":true,"href":"http:\/\/klubmamgdynia.pl\/index.php\/wp-json\/wp\/v2\/product_tag?post=6704"}],"curies":[{"name":"wp","href":"https:\/\/api.w.org\/{rel}","templated":true}]}}