{"id":6706,"date":"2013-06-15T10:39:54","date_gmt":"2013-06-15T08:39:54","guid":{"rendered":"http:\/\/klubmamgdynia.pl\/index.php\/produkt\/rastar-mercedesamg-gt-114-rtr-akumulator-czerwony-ras74000red\/"},"modified":"2026-04-04T05:07:44","modified_gmt":"2026-04-04T03:07:44","slug":"rastar-mercedesamg-gt-114-rtr-akumulator-czerwony-ras74000red","status":"publish","type":"product","link":"http:\/\/klubmamgdynia.pl\/index.php\/produkt\/rastar-mercedesamg-gt-114-rtr-akumulator-czerwony-ras74000red\/","title":{"rendered":"Rastar Mercedesamg Gt 1:14 Rtr Akumulator Czerwony Ras74000Red"},"content":{"rendered":"<p>Znakomity licencjonowany samoch\u00f3d zdalnie sterowany Mercedes-AMG GT w skali 1\/14. Model bazowany na licencji Mercedesa odwzorowany zosta\u0142 w najmniejszych szczeg\u00f3\u0142ach. Auto to bardzo pi\u0119kny i szybki model, sylwetka maszyny prezentuje si\u0119 lekko i dynamicznie. Zar\u00f3wno karoseria, jak i pozosta\u0142e detale pojazdu zosta\u0142y przeniesione do mniejszej skali. Nowo\u015bci\u0105 w tym modelu s\u0105 drzwi otwierane zdalnie za pomoc\u0105 pilota!Na drodze, sylwetka maszyny prezentuje si\u0119 lekko i dynamicznie. Amortyzowane zawieszenie daje p\u0142ynn\u0105 jazd\u0119. Frajd\u0119 zwi\u0119kszaj\u0105 \u015bwiec\u0105ce przednie i tylne \u015bwiat\u0142a ledowe zapalaj\u0105ce si\u0119 w trakcie ruchu.Smaczku dope\u0142nia amortyzowany prz\u00f3d, chromowane elementy oraz lakier wzorowany na oryginalnym kolorze. Wszystko wykonane z materia\u0142\u00f3w najwy\u017cszej jako\u015bci. Wszystko to sprawia, \u017ce samoch\u00f3d Rastar jest nie tylko \u017ar\u00f3d\u0142em rozrywki, ale tak\u017ce doskonale wygl\u0105da na p\u00f3\u0142ce.Mercedes-AMG GT jest gotowy do jazdy od razu po wyj\u0119ciu z pude\u0142ka &#8211; potrzebujesz jedynie jedn\u0105 bateri\u0119 9V do zasilania kontrolera &#8211; kt\u00f3r\u0105 r\u00f3wnie\u017c mo\u017cesz kupi\u0107 w naszym sklepie.Skala: 1\/14D\u0142ugo\u015b\u0107: 320 mmSzeroko\u015b\u0107: 140 mmWysoko\u015b\u0107: 95 mmBardzo realistyczne licencjonowane odwzorowanieObudowa wykonana zosta\u0142a ze wzmocnionego plastikuOtwierane drzwi z pilotaCz\u0119stotliwo\u015b\u0107 pracy: 27 MHzZasi\u0119g: do 20mKo\u0142a z gumowymi uchwytami stylizuj\u0105cymi nadwozieAktywne przednie i tylne \u015bwiat\u0142a LEDSterowanie we wszystkich kierunkachGumowe ko\u0142a znakomicie imituj\u0105ce oponyAmortyzowane zawieszenieRegulowane ustawienie przednich k\u00f3\u0142Zasilanie modelu: Akumulator 1.2V 400mAhZasilanie pilota: 1 x 9VSk\u0142ad zestawu:Samoch\u00f3d Mercedes-AMG GTPilot zdalnego sterowaniaAkumulator 1.2V 400mAh\u0141adowarka sieciowaAntenaInstrukcjaOryginalne eleganckie opakowanie<\/p>\n<h2>Rastar Mercedesamg Gt 1:14 Rtr Akumulator Czerwony Ras74000Red Rastar<\/h2>\n<p>kr\u00f3tkie zagadki logiczne, bajki do czytania na dobranoc, janusz korczak cytaty, bajki dla niemowl\u0105t do czytania, trudne zagadki, zagadki wiosna, zagadki dla 5 latka, bajki terapeutyczne o emocjach pdf, pomys\u0142 na prezent dla 7 latki<\/p>\n<p>yyyyy<\/p>\n<p>&nbsp;<\/p>\n","protected":false},"excerpt":{"rendered":"<p>Znakomity licencjonowany samoch\u00f3d zdalnie sterowany Mercedes-AMG GT w skali 1\/14. Model bazowany na licencji Mercedesa odwzorowany zosta\u0142 w najmniejszych szczeg\u00f3\u0142ach. Auto to bardzo pi\u0119kny i szybki model, sylwetka maszyny prezentuje si\u0119 lekko i dynamicznie. Zar\u00f3wno karoseria, jak i pozosta\u0142e detale pojazdu zosta\u0142y przeniesione do mniejszej skali. Nowo\u015bci\u0105 w tym modelu s\u0105 drzwi otwierane zdalnie za [&hellip;]<\/p>\n","protected":false},"featured_media":6707,"comment_status":"closed","ping_status":"open","template":"","meta":[],"product_cat":[504,337],"product_tag":[754,644,589],"class_list":["post-6706","product","type-product","status-publish","has-post-thumbnail","hentry","product_cat-rastar","product_cat-zabawki-zdalnie-sterowane","product_tag-dyplomy-do-wydrukowania-a4","product_tag-mia","product_tag-prezent-dla-rocznego-dziecka"],"_links":{"self":[{"href":"http:\/\/klubmamgdynia.pl\/index.php\/wp-json\/wp\/v2\/product\/6706","targetHints":{"allow":["GET"]}}],"collection":[{"href":"http:\/\/klubmamgdynia.pl\/index.php\/wp-json\/wp\/v2\/product"}],"about":[{"href":"http:\/\/klubmamgdynia.pl\/index.php\/wp-json\/wp\/v2\/types\/product"}],"replies":[{"embeddable":true,"href":"http:\/\/klubmamgdynia.pl\/index.php\/wp-json\/wp\/v2\/comments?post=6706"}],"wp:featuredmedia":[{"embeddable":true,"href":"http:\/\/klubmamgdynia.pl\/index.php\/wp-json\/wp\/v2\/media\/6707"}],"wp:attachment":[{"href":"http:\/\/klubmamgdynia.pl\/index.php\/wp-json\/wp\/v2\/media?parent=6706"}],"wp:term":[{"taxonomy":"product_cat","embeddable":true,"href":"http:\/\/klubmamgdynia.pl\/index.php\/wp-json\/wp\/v2\/product_cat?post=6706"},{"taxonomy":"product_tag","embeddable":true,"href":"http:\/\/klubmamgdynia.pl\/index.php\/wp-json\/wp\/v2\/product_tag?post=6706"}],"curies":[{"name":"wp","href":"https:\/\/api.w.org\/{rel}","templated":true}]}}