{"id":6708,"date":"2018-09-27T11:54:50","date_gmt":"2018-09-27T09:54:50","guid":{"rendered":"http:\/\/klubmamgdynia.pl\/index.php\/produkt\/maisto-datsun-510-1970-pojazd-zdalnie-sterowany-niebieski-124\/"},"modified":"2026-04-06T01:33:27","modified_gmt":"2026-04-05T23:33:27","slug":"maisto-datsun-510-1970-pojazd-zdalnie-sterowany-niebieski-124","status":"publish","type":"product","link":"http:\/\/klubmamgdynia.pl\/index.php\/produkt\/maisto-datsun-510-1970-pojazd-zdalnie-sterowany-niebieski-124\/","title":{"rendered":"Maisto Datsun 510 1970 Pojazd Zdalnie Sterowany Niebieski 1:24"},"content":{"rendered":"<p>SUPER CENA &#8211; TANIA DOSTAWA ! &#8211; MAISTO 81506 Auto na radio DATSUN 510 1970 1:24 &#8211; PACZKOMAT, POCZTA, KURIER<\/p>\n<h2>Maisto Datsun 510 1970 Pojazd Zdalnie Sterowany Niebieski 1:24 Maisto<\/h2>\n<p>wakacje kolorowanka, pomys\u0142y na prezent na roczek, filmy animowane o \u015bwi\u0119tach, koty kolorowanki do druku, pomys\u0142 na prezent dla nastolatka, zabawy logiczne dla dzieci, darmowe kolorowanki kolorowanki dla dziewczynek, my little pony kolorowanki, zagadka logiczna, laurka kolorowanki na dzie\u0144 mamy, test miko\u0142ajek, trudne zagadki matematyczne, film o \u015bwi\u0119tach dla dzieci, kwiaty polne nazwy, prezent dla 14 letniej dziewczyny, zaproszenie na urodziny dziecka tekst do druku, bursztynek bursztynek, oryginalny prezent dla nastolatk\u00f3w, wierszyki na \u015bmigusa dyngusa, jak si\u0119 rysuje kota, nauka zegara do druku pdf<\/p>\n<p>yyyyy<\/p>\n<p>&nbsp;<\/p>\n","protected":false},"excerpt":{"rendered":"<p>SUPER CENA &#8211; TANIA DOSTAWA ! &#8211; MAISTO 81506 Auto na radio DATSUN 510 1970 1:24 &#8211; PACZKOMAT, POCZTA, KURIER Maisto Datsun 510 1970 Pojazd Zdalnie Sterowany Niebieski 1:24 Maisto wakacje kolorowanka, pomys\u0142y na prezent na roczek, filmy animowane o \u015bwi\u0119tach, koty kolorowanki do druku, pomys\u0142 na prezent dla nastolatka, zabawy logiczne dla dzieci, darmowe [&hellip;]<\/p>\n","protected":false},"featured_media":6709,"comment_status":"closed","ping_status":"open","template":"","meta":[],"product_cat":[469,337],"product_tag":[580,813,787,709],"class_list":["post-6708","product","type-product","status-publish","has-post-thumbnail","hentry","product_cat-maisto","product_cat-zabawki-zdalnie-sterowane","product_tag-janusz","product_tag-krotkie-zagadki-matematyczne-z-odpowiedziami","product_tag-nauka-pisania-wyrazow-dla-dzieci-do-druku-pdf","product_tag-zagadki-dla-dzieci-6-7-lat"],"_links":{"self":[{"href":"http:\/\/klubmamgdynia.pl\/index.php\/wp-json\/wp\/v2\/product\/6708","targetHints":{"allow":["GET"]}}],"collection":[{"href":"http:\/\/klubmamgdynia.pl\/index.php\/wp-json\/wp\/v2\/product"}],"about":[{"href":"http:\/\/klubmamgdynia.pl\/index.php\/wp-json\/wp\/v2\/types\/product"}],"replies":[{"embeddable":true,"href":"http:\/\/klubmamgdynia.pl\/index.php\/wp-json\/wp\/v2\/comments?post=6708"}],"wp:featuredmedia":[{"embeddable":true,"href":"http:\/\/klubmamgdynia.pl\/index.php\/wp-json\/wp\/v2\/media\/6709"}],"wp:attachment":[{"href":"http:\/\/klubmamgdynia.pl\/index.php\/wp-json\/wp\/v2\/media?parent=6708"}],"wp:term":[{"taxonomy":"product_cat","embeddable":true,"href":"http:\/\/klubmamgdynia.pl\/index.php\/wp-json\/wp\/v2\/product_cat?post=6708"},{"taxonomy":"product_tag","embeddable":true,"href":"http:\/\/klubmamgdynia.pl\/index.php\/wp-json\/wp\/v2\/product_tag?post=6708"}],"curies":[{"name":"wp","href":"https:\/\/api.w.org\/{rel}","templated":true}]}}