{"id":671,"date":"2017-08-29T00:22:45","date_gmt":"2017-08-28T22:22:45","guid":{"rendered":"http:\/\/klubmamgdynia.pl\/index.php\/produkt\/trefl-english-play-and-learn-01049\/"},"modified":"2026-04-06T02:47:24","modified_gmt":"2026-04-06T00:47:24","slug":"trefl-english-play-and-learn-01049","status":"publish","type":"product","link":"http:\/\/klubmamgdynia.pl\/index.php\/produkt\/trefl-english-play-and-learn-01049\/","title":{"rendered":"Trefl English: Play And Learn 01049"},"content":{"rendered":"<p>Trefl English: Play And Learn 01049Wsp\u00f3lnie ze swoimi znajomymi postanowili\u015bcie wybra\u0107 si\u0119 na wycieczk\u0119 do prawdziwej krainy deszczowc\u00f3w \u2013 Wielkiej Brytanii. W planach podr\u00f3\u017cy jest zwiedzanie Londynu, odwiedziny u dalekiej rodziny na prawdziwej brytyjskiej farmie oraz wiele innych atrakcji i wspania\u0142ych zabaw. Wsiadajcie do samolotu i zapinajcie pasy. Zaraz rozpocznie si\u0119 zabawa z j\u0119zykiem angielskim! Przed ka\u017cda dalek\u0105 podr\u00f3\u017c\u0105 wskazane jest podszkolenie si\u0119 z j\u0119zyka, kt\u00f3rym porozumiewaj\u0105 si\u0119 osoby mieszkaj\u0105ce w tym kraju. Na szcz\u0119\u015bcie Wasza przygoda odb\u0119dzie si\u0119 bez konieczno\u015bci dalekiej podr\u00f3\u017cy do obcego kraju, a dzi\u0119ki tej grze b\u0119dziecie mieli okazj\u0119 zdoby\u0107 wiedz\u0119 z zakresu najcz\u0119\u015bciej u\u017cywanego w j\u0119zyku angielskim s\u0142ownictwa.\u00a0                            <\/p>\n<p>Zawarto\u015b\u0107 pude\u0142ka: dwustronna plansza do gry\u00a072 karty do gry (24 karty warzyw i owoc\u00f3w,\u00a016 kart przedmiot\u00f3w,\u00a012 kart liczb,\u00a06 kart lokalizacji,\u00a012 kart kolor\u00f3w,\u00a01 karta do budowy zda\u0144,\u00a01 karta specjalna\u00a070 \u017ceton\u00f3w (24 \u017cetony warzyw i owoc\u00f3w, 16 \u017ceton\u00f3w przedmiot\u00f3w, 12 \u017ceton\u00f3w liczb, 6 \u017ceton\u00f3w lokalizacji, 12 \u017ceton\u00f3w kolor\u00f3w)\u00a06 pionk\u00f3w graczy\u00a0magiczna folia\u00a0kostka\u00a0instrukcja<\/p>\n<h2>Trefl English: Play And Learn 01049 Trefl<\/h2>\n<p>halloween warszawa 2021 dzieci, kolorowanki konie z je\u017ad\u017acem, mapa polski do druku, maska batmana do druku, prima aprilis w szkole, uk\u0142ad s\u0142oneczny dla dzieci, ziemia wyspa zielona tekst<\/p>\n<p>yyyyy<\/p>\n<p>&nbsp;<\/p>\n","protected":false},"excerpt":{"rendered":"<p>Trefl English: Play And Learn 01049Wsp\u00f3lnie ze swoimi znajomymi postanowili\u015bcie wybra\u0107 si\u0119 na wycieczk\u0119 do prawdziwej krainy deszczowc\u00f3w \u2013 Wielkiej Brytanii. W planach podr\u00f3\u017cy jest zwiedzanie Londynu, odwiedziny u dalekiej rodziny na prawdziwej brytyjskiej farmie oraz wiele innych atrakcji i wspania\u0142ych zabaw. Wsiadajcie do samolotu i zapinajcie pasy. Zaraz rozpocznie si\u0119 zabawa z j\u0119zykiem angielskim! [&hellip;]<\/p>\n","protected":false},"featured_media":672,"comment_status":"closed","ping_status":"open","template":"","meta":[],"product_cat":[130,104],"product_tag":[700,775,818,717,604,756],"class_list":["post-671","product","type-product","status-publish","has-post-thumbnail","hentry","product_cat-gry-dzieciece","product_cat-trefl","product_tag-bajki-do-czytania-dla-dzieci","product_tag-kolorowanki-do-druku-pokemon","product_tag-oliwier","product_tag-prezent-roczek","product_tag-zagadki-trudne","product_tag-zaproszenie-na-urodziny-do-druku"],"_links":{"self":[{"href":"http:\/\/klubmamgdynia.pl\/index.php\/wp-json\/wp\/v2\/product\/671","targetHints":{"allow":["GET"]}}],"collection":[{"href":"http:\/\/klubmamgdynia.pl\/index.php\/wp-json\/wp\/v2\/product"}],"about":[{"href":"http:\/\/klubmamgdynia.pl\/index.php\/wp-json\/wp\/v2\/types\/product"}],"replies":[{"embeddable":true,"href":"http:\/\/klubmamgdynia.pl\/index.php\/wp-json\/wp\/v2\/comments?post=671"}],"wp:featuredmedia":[{"embeddable":true,"href":"http:\/\/klubmamgdynia.pl\/index.php\/wp-json\/wp\/v2\/media\/672"}],"wp:attachment":[{"href":"http:\/\/klubmamgdynia.pl\/index.php\/wp-json\/wp\/v2\/media?parent=671"}],"wp:term":[{"taxonomy":"product_cat","embeddable":true,"href":"http:\/\/klubmamgdynia.pl\/index.php\/wp-json\/wp\/v2\/product_cat?post=671"},{"taxonomy":"product_tag","embeddable":true,"href":"http:\/\/klubmamgdynia.pl\/index.php\/wp-json\/wp\/v2\/product_tag?post=671"}],"curies":[{"name":"wp","href":"https:\/\/api.w.org\/{rel}","templated":true}]}}