{"id":6714,"date":"2022-07-28T09:54:29","date_gmt":"2022-07-28T07:54:29","guid":{"rendered":"http:\/\/klubmamgdynia.pl\/index.php\/produkt\/rastar-group-r-c-auto-bugatti-veyron-chiron-114-blue\/"},"modified":"2026-05-17T22:45:55","modified_gmt":"2026-05-17T20:45:55","slug":"rastar-group-r-c-auto-bugatti-veyron-chiron-114-blue","status":"publish","type":"product","link":"http:\/\/klubmamgdynia.pl\/index.php\/produkt\/rastar-group-r-c-auto-bugatti-veyron-chiron-114-blue\/","title":{"rendered":"Rastar Group R\/C Auto Bugatti Veyron Chiron (1:14) Blue"},"content":{"rendered":"<p>Legenda motoryzacji i wy\u015bcig\u00f3w ju\u017c jest u nas &#8211; Bugatti Chiron w skali 1:14. Model bazowany na licencji Bugatti odwzorowany zosta\u0142 w najmniejszych szczeg\u00f3\u0142ach. Auto doskonale prezentuje si\u0119 na drodze..Zar\u00f3wno karoseria, jak i pozosta\u0142e detale pojazdu zosta\u0142y przeniesione do mniejszej skali. Ka\u017cdy element zosta\u0142 wykonany z du\u017c\u0105 precyzj\u0105 tak, aby wiernie przypomina\u0142 auto, kt\u00f3re bije rekordy pr\u0119dko\u015bci. Amortyzowane zawieszenie daje p\u0142ynn\u0105 jazd\u0119.Kolor auta wzorowany jest na oryginale, a ponadto, chromowane cz\u0119\u015bci sprawiaj\u0105, i\u017c auto prezentuje si\u0119 jeszcze bardziej realistycznie.Wszystko to sprawia, \u017ce samoch\u00f3d jest nie tylko \u017ar\u00f3d\u0142em rozrywki, ale tak\u017ce doskonale wygl\u0105da na p\u00f3\u0142ce.Aby uruchomi\u0107 Bugatti Chiron, potrzebujesz jedynie 5 szt. baterii AA 2 szt. baterii AA do zasilania kontrolera &#8211; kt\u00f3re r\u00f3wnie\u017c mo\u017cesz kupi\u0107 w naszym sklepie.Dane techniczneAkumulator: baterie AAD\u0142ugo\u015b\u0107 : 324mmSzeroko\u015b\u0107 : 156mmWysoko\u015b\u0107: 89mmWiek: 6+Radio: 27-40MHzSkala: 1:14Materia\u0142 wykonania: ABSNa licencji: TakNap\u0119d: 2WDSk\u0142ad zestawuSamoch\u00f3d Bugatti ChironPilot zdalnego sterowaniaAntenaInstrukcjaOryginalne eleganckie opakowanie<\/p>\n<h2>Rastar Group R\/C Auto Bugatti Veyron Chiron (1:14) Blue Rastar<\/h2>\n<p>calineczka test z odpowiedziami, quizy o flagach, agroturystyka dla dzieci ze zwierz\u0119tami, dymitr, bajka terapeutyczna o emocjach, walentynka dla syna<\/p>\n<p>yyyyy<\/p>\n<p>&nbsp;<\/p>\n","protected":false},"excerpt":{"rendered":"<p>Legenda motoryzacji i wy\u015bcig\u00f3w ju\u017c jest u nas &#8211; Bugatti Chiron w skali 1:14. Model bazowany na licencji Bugatti odwzorowany zosta\u0142 w najmniejszych szczeg\u00f3\u0142ach. Auto doskonale prezentuje si\u0119 na drodze..Zar\u00f3wno karoseria, jak i pozosta\u0142e detale pojazdu zosta\u0142y przeniesione do mniejszej skali. Ka\u017cdy element zosta\u0142 wykonany z du\u017c\u0105 precyzj\u0105 tak, aby wiernie przypomina\u0142 auto, kt\u00f3re bije [&hellip;]<\/p>\n","protected":false},"featured_media":6715,"comment_status":"closed","ping_status":"open","template":"","meta":[],"product_cat":[504,337],"product_tag":[699,870,710,823],"class_list":["post-6714","product","type-product","status-publish","has-post-thumbnail","hentry","product_cat-rastar","product_cat-zabawki-zdalnie-sterowane","product_tag-kolorowanki-do-druku-dla-dziewczyn","product_tag-prezent-dla-chlopca-na-roczek","product_tag-zagadki-dla-dzieci-10-12-lat","product_tag-zagadki-dla-dzieci-7-lat"],"_links":{"self":[{"href":"http:\/\/klubmamgdynia.pl\/index.php\/wp-json\/wp\/v2\/product\/6714","targetHints":{"allow":["GET"]}}],"collection":[{"href":"http:\/\/klubmamgdynia.pl\/index.php\/wp-json\/wp\/v2\/product"}],"about":[{"href":"http:\/\/klubmamgdynia.pl\/index.php\/wp-json\/wp\/v2\/types\/product"}],"replies":[{"embeddable":true,"href":"http:\/\/klubmamgdynia.pl\/index.php\/wp-json\/wp\/v2\/comments?post=6714"}],"wp:featuredmedia":[{"embeddable":true,"href":"http:\/\/klubmamgdynia.pl\/index.php\/wp-json\/wp\/v2\/media\/6715"}],"wp:attachment":[{"href":"http:\/\/klubmamgdynia.pl\/index.php\/wp-json\/wp\/v2\/media?parent=6714"}],"wp:term":[{"taxonomy":"product_cat","embeddable":true,"href":"http:\/\/klubmamgdynia.pl\/index.php\/wp-json\/wp\/v2\/product_cat?post=6714"},{"taxonomy":"product_tag","embeddable":true,"href":"http:\/\/klubmamgdynia.pl\/index.php\/wp-json\/wp\/v2\/product_tag?post=6714"}],"curies":[{"name":"wp","href":"https:\/\/api.w.org\/{rel}","templated":true}]}}