{"id":6716,"date":"2014-06-27T16:16:38","date_gmt":"2014-06-27T14:16:38","guid":{"rendered":"http:\/\/klubmamgdynia.pl\/index.php\/produkt\/philips-avent-natural-3m-2-szt-scf045-27\/"},"modified":"2026-04-11T00:47:19","modified_gmt":"2026-04-10T22:47:19","slug":"philips-avent-natural-3m-2-szt-scf045-27","status":"publish","type":"product","link":"http:\/\/klubmamgdynia.pl\/index.php\/produkt\/philips-avent-natural-3m-2-szt-scf045-27\/","title":{"rendered":"PHILIPS AVENT Natural 3M+ 2 szt. SCF045\/27"},"content":{"rendered":"<p>Philips AventSmoczek Natural\u0141atwe \u0142\u0105czenie z karmieniem piersi\u0105Nasz mi\u0119kki smoczek zosta\u0142 zaprojektowany z my\u015bl\u0105 o niemowl\u0119tach. Jest on pr\u0105\u017ckowany, aby zapobiec wypadaniu podczas karmienia. Wygodne p\u0142atki oraz naturalny kszta\u0142t pozwalaj\u0105 dziecku w naturalny spos\u00f3b przyssa\u0107 si\u0119, co u\u0142atwia \u0142\u0105czenie karmienia piersi\u0105 i butelk\u0105.                            <\/p>\n<p>\u0141atwe \u0142\u0105czenie z karmieniem piersi\u0105Naturalne przysysanie2 sztukiRegulowany wyp\u0142yw3m+                            <\/p>\n<p>Naturalne przysysanie do szerokiego smoczka w kszta\u0142cie piersiSzeroki smoczek przypominaj\u0105cy kszta\u0142tem pier\u015b pozwala dziecku w naturalny spos\u00f3b przyssa\u0107 si\u0119 i u\u0142atwia \u0142\u0105czenie karmienia piersi\u0105 i butelk\u0105.                            <\/p>\n<p>Elastyczna konstrukcja pr\u0105\u017ckowanego smoczka zapobiegaj\u0105ca zapadaniuP\u0142atki i wypuk\u0142o\u015bci wewn\u0105trz smoczka zapewniaj\u0105 elastyczno\u015b\u0107 bez zapadania si\u0119, umo\u017cliwiaj\u0105c nieprzerwane karmienie.                            <\/p>\n<p>Zaworek antykolkowy ogranicza wyst\u0119powanie kolek i uczucia dyskomfortuZaworek antykolkowy zaprojektowany z my\u015bl\u0105 o zapobieganiu gromadzenia si\u0119 powietrza w brzuszku dziecka oraz \u0142agodzeniu kolek i dyskomfortu.<\/p>\n<h2>PHILIPS AVENT Natural 3M+ 2 szt. SCF045\/27 Philips<\/h2>\n<p>co oznacza jordan, quizy dla dzieci z bajek, podchwytliwe zagadki i odpowiedzi, uk\u0142ad s\u0142oneczny do druku, zagadki dla 6 latka<\/p>\n<p>yyyyy<\/p>\n<p>&nbsp;<\/p>\n","protected":false},"excerpt":{"rendered":"<p>Philips AventSmoczek Natural\u0141atwe \u0142\u0105czenie z karmieniem piersi\u0105Nasz mi\u0119kki smoczek zosta\u0142 zaprojektowany z my\u015bl\u0105 o niemowl\u0119tach. Jest on pr\u0105\u017ckowany, aby zapobiec wypadaniu podczas karmienia. Wygodne p\u0142atki oraz naturalny kszta\u0142t pozwalaj\u0105 dziecku w naturalny spos\u00f3b przyssa\u0107 si\u0119, co u\u0142atwia \u0142\u0105czenie karmienia piersi\u0105 i butelk\u0105. \u0141atwe \u0142\u0105czenie z karmieniem piersi\u0105Naturalne przysysanie2 sztukiRegulowany wyp\u0142yw3m+ Naturalne przysysanie do szerokiego smoczka [&hellip;]<\/p>\n","protected":false},"featured_media":6717,"comment_status":"closed","ping_status":"open","template":"","meta":[],"product_cat":[261,283],"product_tag":[611,706,815,816,786,600],"class_list":["post-6716","product","type-product","status-publish","has-post-thumbnail","hentry","product_cat-philips","product_cat-smoczki-i-ustniki-do-butelek","product_tag-bajki-do-czytania-psi-patrol","product_tag-imie-kuba","product_tag-ozdoby-choinkowe-dla-dzieci","product_tag-place-zabaw-warszawa","product_tag-prezent-na-1-urodziny","product_tag-zaproszenia-na-urodziny-do-druku"],"_links":{"self":[{"href":"http:\/\/klubmamgdynia.pl\/index.php\/wp-json\/wp\/v2\/product\/6716","targetHints":{"allow":["GET"]}}],"collection":[{"href":"http:\/\/klubmamgdynia.pl\/index.php\/wp-json\/wp\/v2\/product"}],"about":[{"href":"http:\/\/klubmamgdynia.pl\/index.php\/wp-json\/wp\/v2\/types\/product"}],"replies":[{"embeddable":true,"href":"http:\/\/klubmamgdynia.pl\/index.php\/wp-json\/wp\/v2\/comments?post=6716"}],"wp:featuredmedia":[{"embeddable":true,"href":"http:\/\/klubmamgdynia.pl\/index.php\/wp-json\/wp\/v2\/media\/6717"}],"wp:attachment":[{"href":"http:\/\/klubmamgdynia.pl\/index.php\/wp-json\/wp\/v2\/media?parent=6716"}],"wp:term":[{"taxonomy":"product_cat","embeddable":true,"href":"http:\/\/klubmamgdynia.pl\/index.php\/wp-json\/wp\/v2\/product_cat?post=6716"},{"taxonomy":"product_tag","embeddable":true,"href":"http:\/\/klubmamgdynia.pl\/index.php\/wp-json\/wp\/v2\/product_tag?post=6716"}],"curies":[{"name":"wp","href":"https:\/\/api.w.org\/{rel}","templated":true}]}}