{"id":6718,"date":"2018-02-13T00:15:19","date_gmt":"2018-02-12T23:15:19","guid":{"rendered":"http:\/\/klubmamgdynia.pl\/index.php\/produkt\/revell-23558-auto-na-radio-mini-rc\/"},"modified":"2026-04-10T04:48:07","modified_gmt":"2026-04-10T02:48:07","slug":"revell-23558-auto-na-radio-mini-rc","status":"publish","type":"product","link":"http:\/\/klubmamgdynia.pl\/index.php\/produkt\/revell-23558-auto-na-radio-mini-rc\/","title":{"rendered":"Revell 23558 Auto Na Radio Mini Rc"},"content":{"rendered":"<p>Mini-samochody RC oferuj\u0105 ekscytuj\u0105ce wy\u015bcigi nie tylko w zasiszu pokoiku dzieci\u0119cego ale tak\u017ce w\u015br\u00f3d przeszk\u00f3d jakie oferuje kuchnia, \u0142azienka czy korytarz.Dla emocjonuj\u0105cych pojedynk\u00f3w mini-samochody s\u0105 dost\u0119pne w dw\u00f3ch r\u00f3\u017cnych cz\u0119stotliwo\u015bciach: 27 lub 40 MHz.(Wymagane 2 baterie AA 1,5 V, brak w zestawie)Zalecenia wiekowe: 8+&#8230;<\/p>\n<h2>Revell 23558 Auto Na Radio Mini Rc Revell<\/h2>\n<p>gda\u0144sk atrakcje dla m\u0142odzie\u017cy, gry dla nastolatk\u00f3w, cytaty o nauczycielach, prezent dla 15 latka, zaproszenie na urodziny dziecka do druku, markowa, prezent na roczek, karyna, zagadki z odpowiedziami dla dzieci, bajki na dobranoc do czytania, fajne rzeczy dla nastolatk\u00f3w, cytaty o macierzy\u0144stwie, jakie prezenty na roczek<\/p>\n<p>yyyyy<\/p>\n<p>&nbsp;<\/p>\n","protected":false},"excerpt":{"rendered":"<p>Mini-samochody RC oferuj\u0105 ekscytuj\u0105ce wy\u015bcigi nie tylko w zasiszu pokoiku dzieci\u0119cego ale tak\u017ce w\u015br\u00f3d przeszk\u00f3d jakie oferuje kuchnia, \u0142azienka czy korytarz.Dla emocjonuj\u0105cych pojedynk\u00f3w mini-samochody s\u0105 dost\u0119pne w dw\u00f3ch r\u00f3\u017cnych cz\u0119stotliwo\u015bciach: 27 lub 40 MHz.(Wymagane 2 baterie AA 1,5 V, brak w zestawie)Zalecenia wiekowe: 8+&#8230; Revell 23558 Auto Na Radio Mini Rc Revell gda\u0144sk atrakcje dla [&hellip;]<\/p>\n","protected":false},"featured_media":6719,"comment_status":"closed","ping_status":"open","template":"","meta":[],"product_cat":[507,337],"product_tag":[836,610,847,587],"class_list":["post-6718","product","type-product","status-publish","has-post-thumbnail","hentry","product_cat-revell","product_cat-zabawki-zdalnie-sterowane","product_tag-co-kupic-dziecku-na-roczek","product_tag-co-na-prezent-dla-nastolatkow","product_tag-kolorowanki-pokemon","product_tag-skalne-miasto"],"_links":{"self":[{"href":"http:\/\/klubmamgdynia.pl\/index.php\/wp-json\/wp\/v2\/product\/6718","targetHints":{"allow":["GET"]}}],"collection":[{"href":"http:\/\/klubmamgdynia.pl\/index.php\/wp-json\/wp\/v2\/product"}],"about":[{"href":"http:\/\/klubmamgdynia.pl\/index.php\/wp-json\/wp\/v2\/types\/product"}],"replies":[{"embeddable":true,"href":"http:\/\/klubmamgdynia.pl\/index.php\/wp-json\/wp\/v2\/comments?post=6718"}],"wp:featuredmedia":[{"embeddable":true,"href":"http:\/\/klubmamgdynia.pl\/index.php\/wp-json\/wp\/v2\/media\/6719"}],"wp:attachment":[{"href":"http:\/\/klubmamgdynia.pl\/index.php\/wp-json\/wp\/v2\/media?parent=6718"}],"wp:term":[{"taxonomy":"product_cat","embeddable":true,"href":"http:\/\/klubmamgdynia.pl\/index.php\/wp-json\/wp\/v2\/product_cat?post=6718"},{"taxonomy":"product_tag","embeddable":true,"href":"http:\/\/klubmamgdynia.pl\/index.php\/wp-json\/wp\/v2\/product_tag?post=6718"}],"curies":[{"name":"wp","href":"https:\/\/api.w.org\/{rel}","templated":true}]}}