{"id":6720,"date":"2018-03-27T03:33:36","date_gmt":"2018-03-27T01:33:36","guid":{"rendered":"http:\/\/klubmamgdynia.pl\/index.php\/produkt\/pepi-kocyk-do-wozka-55x75-dwustronny-wafel-mis\/"},"modified":"2026-05-17T22:21:27","modified_gmt":"2026-05-17T20:21:27","slug":"pepi-kocyk-do-wozka-55x75-dwustronny-wafel-mis","status":"publish","type":"product","link":"http:\/\/klubmamgdynia.pl\/index.php\/produkt\/pepi-kocyk-do-wozka-55x75-dwustronny-wafel-mis\/","title":{"rendered":"Pepi Kocyk Do W\u00f3zka 55X75 Dwustronny Wafel Mi\u015b"},"content":{"rendered":"<p>Dwustronny kocyk 55&#215;75 z polaru minky i wafla honeyKocyk Pepi, kt\u00f3ry pokocha ka\u017cdy maluch. Od najm\u0142odszych lat dzieci uwielbiaj\u0105 by\u0107 przytulane. Czuj\u0105 si\u0119 wtedy kochane i szcz\u0119\u015bliwe. Otul, wi\u0119c ciep\u0142ym kocykiem swoj\u0105 pociech\u0119.Dwustronny kocyk z wype\u0142nieniem do w\u00f3zka zwi\u0119kszy komfort termiczny w ch\u0142odniejsze dni. Doskonale sprawdzi si\u0119 podczas drzemek, spaceru, jako mata do zabawy czy jako wyprawka do przedszkola. Podaruj swojemu dziecku poczucie komfortu i przyjemnego ciep\u0142a.[vc_row][vc_column][vc_column_text el_class=&#8221;&#8221;]Wymiary zimowego kocyka: 55&#215;75 cm (+\/- 2 cm)Materia\u0142: 100% bawe\u0142na, polar minky 100% poliesterUszyty z ciep\u0142ego i mi\u0119kkiego POLARU MINKY oraz bawe\u0142ny wafelkowej. Du\u017cym walorem bawe\u0142ny wafel jest jej wytrzyma\u0142o\u015b\u0107, \u0142atwo\u015b\u0107 w praniu i piel\u0119gnacji. Nawet po wielokrotnym praniu materia\u0142 nie niszczy si\u0119, a kocyk staje si\u0119 bardziej delikatny i przyjemny w dotyku. Ze wzgl\u0119du na swoj\u0105 struktur\u0119, wafel po praniu mo\u017ce delikatnie si\u0119 skurczy\u0107 (ale za to zyskuj\u0105c na grubo\u015bci). Wystarczy tkanin\u0119 uprasowa\u0107, aby wr\u00f3ci\u0142a do swojej pierwotnej struktury. Przed u\u017cyciem nale\u017cy upra\u0107. Materia\u0142 wafel posiada certyfikat Oeko-Tex\u00ae, kt\u00f3ry gwarantuje bezpiecze\u0144stwo produktu i dlatego jest on idealny nawet dla najm\u0142odszych i najbardziej wra\u017cliwych maluszk\u00f3w.Wype\u0142nienie ko\u0142derki stanowi w\u0142\u00f3knina silikonowa o w\u0142a\u015bciwo\u015bciach antyalergicznych, zapewniaj\u0105ca odpowiedni\u0105 termoregulacj\u0119 co zagwarantuje spokojny sen male\u0144stwa. Dzi\u0119ki zszyciu wype\u0142nienia z kocykiem, wsad nie przemie\u015bci si\u0119 podczas u\u017cytkowani i prania.Kocyk mo\u017cna skompletowa\u0107 z innymi produktami znajduj\u0105cymi si\u0119 w naszym sklepie.Jak pra\u0107\u2022 pra\u0107 w ca\u0142o\u015bci w pralce w temperaturze 30\u00ba C\u2022 program delikatny, wirowanie max. &#8211; 800 ob\/min.\u2022 stosowa\u0107 delikatne detergenty\u2022 nie stosowa\u0107 wybielaczy\u2022 nie suszy\u0107 w suszarce b\u0119bnowej, najlepiej suszy\u0107 w pozycji le\u017c\u0105cej\u2022 prasowa\u0107 bawe\u0142nian\u0105 tkanin\u0119 w temperaturze do 110\u00ba CRegularne pranie zapobiega rozwoju bakterii, ple\u015bni czy grzyb\u00f3w.Produkty Pepi szyjemy w 100% r\u0119cznie w Polsce, dzi\u0119ki czemu na ka\u017cdym etapie produkcji dbamy o wszystkie detale. Nasze produkty nie zawieraj\u0105 twardych element\u00f3w i s\u0105 bezpieczne dla niemowl\u0105t, wykonane s\u0105 z mi\u0119kkich i przyjaznych tkanin. Wszystkie wykorzystane materia\u0142y posiadaj\u0105 certyfikat STANDARD 100 by OEKO-TEX \u00ae[\/vc_column_text][\/vc_column][\/vc_row]Produkty Pepi szyjemy w 100% r\u0119cznie w Polsce, dzi\u0119ki czemu na ka\u017cdym etapie produkcji dbamy o wszystkie detale. Nasze produkty nie zawieraj\u0105 twardych element\u00f3w i s\u0105 bezpieczne dla niemowl\u0105t, wykonane s\u0105 z mi\u0119kkich i przyjaznych tkanin. Wszystkie wykorzystane materia\u0142y posiadaj\u0105 certyfikat STANDARD 100 by OEKO-TEX \u00aeWszystkie nasze produkty posiadaj\u0105 certyfikat STANDARD 100 by OEKO-TEX \u00aeOeko-Tex standard 100 to certyfikat \u015bwiadcz\u0105cy o jako\u015bci produkt\u00f3w tekstylnych i w\u0142\u00f3kienniczych, kt\u00f3re maj\u0105 bezpo\u015bredni\u0105 styczno\u015b\u0107 ze sk\u00f3r\u0105 cz\u0142owieka.Dzi\u0119ki badaniom przeprowadzonym w laboratoriach na ca\u0142ym \u015bwiecie certyfikowane produkty s\u0105 wolne od \u015brodk\u00f3w wp\u0142ywaj\u0105cych niekorzystnie na zdrowie ludzi (m.in. formaldehyd\u00f3w, pestycyd\u00f3w czy substancji, kt\u00f3re mog\u0105 by\u0107 przyczyn\u0105 wywo\u0142ywania alergii).EAN: 5904119998836<\/p>\n<h2>Pepi Kocyk Do W\u00f3zka 55X75 Dwustronny Wafel Mi\u015b <\/h2>\n<p>prezent roczek, ozdoby na choink\u0119 dla dzieci z papieru, proste dekoracje \u015bwi\u0105teczne dla dzieci, zagadki dla dzieci 10-12 lat, zagadki kr\u00f3tkie, zosia samosia, \u0142\u00f3d\u017a atrakcje dla dzieci, zagadki o bajkach, ry\u017c z owocami, marianna imi\u0119, zagadki logiczne trudne, lol kolorowanka do druku, karolcia test z lektury, kolorowanka europa, co kupi\u0107 na roczek dla dziewczynki, co na prezent dla 7 latki, kolorowanki lol, dzie\u0144 nauczyciela teksty<\/p>\n<p>yyyyy<\/p>\n<p>&nbsp;<\/p>\n","protected":false},"excerpt":{"rendered":"<p>Dwustronny kocyk 55&#215;75 z polaru minky i wafla honeyKocyk Pepi, kt\u00f3ry pokocha ka\u017cdy maluch. Od najm\u0142odszych lat dzieci uwielbiaj\u0105 by\u0107 przytulane. Czuj\u0105 si\u0119 wtedy kochane i szcz\u0119\u015bliwe. Otul, wi\u0119c ciep\u0142ym kocykiem swoj\u0105 pociech\u0119.Dwustronny kocyk z wype\u0142nieniem do w\u00f3zka zwi\u0119kszy komfort termiczny w ch\u0142odniejsze dni. Doskonale sprawdzi si\u0119 podczas drzemek, spaceru, jako mata do zabawy czy [&hellip;]<\/p>\n","protected":false},"featured_media":6721,"comment_status":"closed","ping_status":"open","template":"","meta":[],"product_cat":[1006],"product_tag":[852,775,694],"class_list":["post-6720","product","type-product","status-publish","has-post-thumbnail","hentry","product_cat-koce-i-narzuty-dzieciece","product_tag-jak-zrobic-samolot-z-papieru","product_tag-kolorowanki-do-druku-pokemon","product_tag-zagadki-swiateczne-dla-dzieci"],"_links":{"self":[{"href":"http:\/\/klubmamgdynia.pl\/index.php\/wp-json\/wp\/v2\/product\/6720","targetHints":{"allow":["GET"]}}],"collection":[{"href":"http:\/\/klubmamgdynia.pl\/index.php\/wp-json\/wp\/v2\/product"}],"about":[{"href":"http:\/\/klubmamgdynia.pl\/index.php\/wp-json\/wp\/v2\/types\/product"}],"replies":[{"embeddable":true,"href":"http:\/\/klubmamgdynia.pl\/index.php\/wp-json\/wp\/v2\/comments?post=6720"}],"wp:featuredmedia":[{"embeddable":true,"href":"http:\/\/klubmamgdynia.pl\/index.php\/wp-json\/wp\/v2\/media\/6721"}],"wp:attachment":[{"href":"http:\/\/klubmamgdynia.pl\/index.php\/wp-json\/wp\/v2\/media?parent=6720"}],"wp:term":[{"taxonomy":"product_cat","embeddable":true,"href":"http:\/\/klubmamgdynia.pl\/index.php\/wp-json\/wp\/v2\/product_cat?post=6720"},{"taxonomy":"product_tag","embeddable":true,"href":"http:\/\/klubmamgdynia.pl\/index.php\/wp-json\/wp\/v2\/product_tag?post=6720"}],"curies":[{"name":"wp","href":"https:\/\/api.w.org\/{rel}","templated":true}]}}